{"id":7902,"date":"2026-02-02T10:58:00","date_gmt":"2026-02-02T08:58:00","guid":{"rendered":"https:\/\/www.galbanatvest.ro\/?page_id=7902"},"modified":"2026-03-13T12:55:19","modified_gmt":"2026-03-13T10:55:19","slug":"ghid-de-finantare-sesiunea-i-2026-2","status":"publish","type":"page","link":"https:\/\/www.galbanatvest.ro\/?page_id=7902","title":{"rendered":"Ghid de finan\u021bare \u2013 Sesiunea II 2026"},"content":{"rendered":"<section class=\"av_textblock_section \"  itemscope=\"itemscope\" itemtype=\"https:\/\/schema.org\/CreativeWork\" ><div class='avia_textblock  av_inherit_color '  style='color:#ed9e15; '  itemprop=\"text\" ><h2><a href=\"https:\/\/www.galbanatvest.ro\/wp-content\/uploads\/2024\/11\/PS-LEADER-GAL.png\"><img loading=\"lazy\" decoding=\"async\" class=\"alignnone wp-image-7389\" src=\"https:\/\/www.galbanatvest.ro\/wp-content\/uploads\/2024\/11\/PS-LEADER-GAL-300x100.png\" alt=\"\" width=\"354\" height=\"118\" srcset=\"https:\/\/www.galbanatvest.ro\/wp-content\/uploads\/2024\/11\/PS-LEADER-GAL-300x100.png 300w, https:\/\/www.galbanatvest.ro\/wp-content\/uploads\/2024\/11\/PS-LEADER-GAL-450x150.png 450w, https:\/\/www.galbanatvest.ro\/wp-content\/uploads\/2024\/11\/PS-LEADER-GAL.png 600w\" sizes=\"auto, (max-width: 354px) 100vw, 354px\" \/><\/a><\/h2>\n<h2><em><span style=\"color: #008000;\"><strong>I3E Un mediu \u00eenconjur\u0103tor s\u0103n\u0103tos \u00een teritoriul Banat-Vest &#8211; beneficii economice<\/strong><\/span><\/em><\/h2>\n<div class=\"wp-block-buttons\">\n<p><span style=\"color: #99cc00;\"><\/span><\/p>\n<\/div>\n<p><span style=\"color: #99cc00;\"><!-- \/wp:post-content --><\/span><\/p>\n<p><span style=\"color: #99cc00;\"><!-- wp:buttons --><\/span><\/p>\n<div class=\"wp-block-buttons\">\n<div class=\"wp-block-button is-style-outline\">\u00a0<\/div>\n<h2><strong><span style=\"color: #99cc00;\"><a style=\"color: #99cc00;\" href=\"https:\/\/www.galbanatvest.ro\/wp-content\/uploads\/2026\/02\/GhidSolicitant-I3E.pdf\" target=\"_blank\" rel=\"noopener\">Ghidul solicitantului<\/a><\/span><\/strong><\/h2>\n<h2><span style=\"color: #99cc00;\"><a style=\"color: #99cc00;\" href=\"https:\/\/www.galbanatvest.ro\/wp-content\/uploads\/2026\/03\/Erata-nr.-1-I3E.pdf\" target=\"_blank\" rel=\"noopener\">Erata nr. 1 &#8211; I3E<\/a><\/span><\/h2>\n<\/div>\n<h2><span style=\"color: #99cc00;\"><a style=\"color: #99cc00;\" href=\"https:\/\/www.galbanatvest.ro\/wp-content\/uploads\/2026\/03\/GhidSolicitant-I3E-versiunea-dupa-ERATA-1.pdf\" target=\"_blank\" rel=\"noopener\">GhidSolicitant I3E- versiunea dupa ERATA 1<\/a><\/span><\/h2>\n<h1>\u00a0<\/h1>\n<h1><em><span style=\"color: #008000;\">Anexe:<\/span><\/em><\/h1>\n<h3><strong><span style=\"color: #99cc00;\"><a style=\"color: #99cc00;\" href=\"https:\/\/www.galbanatvest.ro\/wp-content\/uploads\/2026\/02\/CF-Investitii.pdf\" target=\"_blank\" rel=\"noopener\">Cerere de finan\u021bare<\/a><\/span><\/strong><\/h3>\n<h3><strong><span style=\"color: #99cc00;\"><a style=\"color: #99cc00;\" href=\"https:\/\/www.galbanatvest.ro\/wp-content\/uploads\/2026\/02\/Fisa-interventiei-I3E.pdf\" target=\"_blank\" rel=\"noopener\">Fi\u0219a interven\u021biei I3E<\/a><\/span><\/strong><\/h3>\n<h3><strong><span style=\"color: #99cc00;\"><!-- \/wp:buttons --><\/span><\/strong><\/h3>\n<h3><strong><span style=\"color: #99cc00;\"><!-- wp:buttons --><\/span><\/strong><\/h3>\n<h3><strong><span style=\"color: #99cc00;\"> <!-- wp:button {\"className\":\"is-style-outline\"} --> <a style=\"color: #99cc00;\" href=\"https:\/\/www.galbanatvest.ro\/wp-content\/uploads\/2026\/02\/Anexa-101-Model-memoriu-justificativ.doc\" target=\"_blank\" rel=\"noopener\">Anexa 10.1. Model Memoriu justificativ<\/a> <\/span><\/strong><\/h3>\n<h3><strong><span style=\"color: #99cc00;\"><a style=\"color: #99cc00;\" href=\"https:\/\/www.galbanatvest.ro\/wp-content\/uploads\/2026\/02\/Anexa-102-anexa_b.pdf\" target=\"_blank\" rel=\"noopener\">Anexa 10.2. Anexa B<\/a><\/span><\/strong><\/h3>\n<h3><strong><span style=\"color: #99cc00;\"><a style=\"color: #99cc00;\" href=\"https:\/\/www.galbanatvest.ro\/wp-content\/uploads\/2026\/02\/Anexa-103-anexa_c.pdf\" target=\"_blank\" rel=\"noopener\">Anexa 10.3. Anexa C<\/a> <!-- \/wp:button --><\/span><\/strong><\/h3>\n<h3><strong><span style=\"color: #99cc00;\"><!-- \/wp:buttons --><\/span><\/strong><\/h3>\n<h3><strong><span style=\"color: #99cc00;\"><!-- wp:buttons --><\/span><\/strong><\/h3>\n<h3><strong><span style=\"color: #99cc00;\"><!-- wp:button {\"className\":\"is-style-outline\"} --><\/span><\/strong><\/h3>\n<h3><strong><span style=\"color: #99cc00;\"><a style=\"color: #99cc00;\" href=\"https:\/\/www.galbanatvest.ro\/wp-content\/uploads\/2026\/02\/Anexa-11.-Declaratie-incadrare-in-categoria-de-micro-intreprindere-si-intreprindere-mica.docx\" target=\"_blank\" rel=\"noopener\">Anexa 11. Declara\u021bie de \u0103ncadrare \u00een categoria de micro \u0219i \u00eentreprindere mic\u0103<\/a><\/span><\/strong><\/h3>\n<h3><strong><span style=\"color: #99cc00;\"><a style=\"color: #99cc00;\" href=\"https:\/\/www.galbanatvest.ro\/wp-content\/uploads\/2026\/02\/Anexa-12.-Declaratie-privind-respectarea-regulii-de-cumul-de-minimis.docx\" target=\"_blank\" rel=\"noopener\">Anexa 12. Declara\u021bie privind respectarea regulii de cumul de minimis<\/a><\/span><\/strong><\/h3>\n<h3><strong><span style=\"color: #99cc00;\"><a style=\"color: #99cc00;\" href=\"https:\/\/www.galbanatvest.ro\/wp-content\/uploads\/2026\/02\/Anexa-13-lista-codurilor-caen-aferente-activitatilor-neagricole-eligibile.docx\" target=\"_blank\" rel=\"noopener\">Anexa 13. Lista codurilor CAEN aferente activit\u0103\u021bilor neagricole eligibile<\/a><\/span><\/strong><\/h3>\n<h3><strong><span style=\"color: #99cc00;\"><!-- \/wp:button --><\/span><\/strong><\/h3>\n<h3><strong><span style=\"color: #99cc00;\"><!-- wp:buttons --><\/span><\/strong><\/h3>\n<h3 class=\"wp-block-button is-style-outline\"><strong><span style=\"color: #99cc00;\"><a style=\"color: #99cc00;\" href=\"https:\/\/www.galbanatvest.ro\/wp-content\/uploads\/2026\/02\/Anexa-17-Instructiuni-privind-evitarea-crearii-de-conditii-artificiale.docx\" target=\"_blank\" rel=\"noopener\">Anexa 17. Instruc\u021biuni privind evitarea cre\u0103rii de condi\u021bii artificiale<\/a><\/span><\/strong><\/h3>\n<h3><strong><span style=\"color: #99cc00;\"><!-- \/wp:buttons --><\/span><\/strong><\/h3>\n<h3><strong><span style=\"color: #99cc00;\"><!-- wp:buttons --><\/span><\/strong><\/h3>\n<h3 class=\"wp-block-button is-style-outline\"><strong><span style=\"color: #99cc00;\"><a style=\"color: #99cc00;\" href=\"https:\/\/www.galbanatvest.ro\/wp-content\/uploads\/2026\/02\/Anexa-ii-c11-materiale-si-activitati-informare-tip-publicitar-la-CF.docx\" target=\"_blank\" rel=\"noopener\">Anexa ii c11. Materiale \u0219i activit\u0103\u021bi informare tip publicitar la CF<\/a><\/span><\/strong><\/h3>\n<h3><strong><span style=\"color: #99cc00;\"><!-- \/wp:buttons --><\/span><\/strong><\/h3>\n<h3><strong><span style=\"color: #99cc00;\"><!-- wp:buttons --><\/span><\/strong><\/h3>\n<h3 class=\"wp-block-button is-style-outline\"><strong><span style=\"color: #99cc00;\"><a style=\"color: #99cc00;\" href=\"https:\/\/www.galbanatvest.ro\/wp-content\/uploads\/2026\/02\/MODEL-Fisa-actiune-soft.docx\" target=\"_blank\" rel=\"noopener\">MODEL Fi\u0219a de ac\u021biune soft<\/a><\/span><\/strong><\/h3>\n<h3><strong><span style=\"color: #99cc00;\"><!-- \/wp:buttons --><\/span><\/strong><\/h3>\n<h3><strong><span style=\"color: #99cc00;\"><!-- wp:buttons --><\/span><\/strong><\/h3>\n<h3 class=\"wp-block-button is-style-outline\"><strong><span style=\"color: #99cc00;\"><a style=\"color: #99cc00;\" href=\"https:\/\/www.galbanatvest.ro\/wp-content\/uploads\/2026\/02\/MODEL-Acord-parteneriat-actiuni-soft.docx\" target=\"_blank\" rel=\"noopener\">MODEL Acord parteneriat ac\u021biuni soft<\/a><\/span><\/strong><\/h3>\n<h3><strong><span style=\"color: #99cc00;\"><a style=\"color: #99cc00;\" href=\"https:\/\/www.galbanatvest.ro\/wp-content\/uploads\/2026\/02\/MODEL-Declaratie-de-eligibilitate-interventie.docx\" target=\"_blank\" rel=\"noopener\">MODEL Declaratie de eligibilitate interventie<\/a><\/span><\/strong><\/h3>\n<h3><strong><span style=\"color: #99cc00;\"><a style=\"color: #99cc00;\" href=\"https:\/\/www.galbanatvest.ro\/wp-content\/uploads\/2026\/02\/MODEL-Declaratie-GDPR-GAL.docx\" target=\"_blank\" rel=\"noopener\">MODEL Declara\u021bie DGPR GAL<\/a><\/span><\/strong><\/h3>\n<h3><strong><span style=\"color: #99cc00;\"><a style=\"color: #99cc00;\" href=\"https:\/\/www.galbanatvest.ro\/wp-content\/uploads\/2026\/02\/MODEL-Declaratie-pe-propria-raspundere-angajament-activitati-soft.docx\" target=\"_blank\" rel=\"noopener\">MODEL Declara\u021bie pe propria r\u0103spundere angajament activit\u0103\u021bi soft<\/a><\/span><\/strong><\/h3>\n<h3><strong><span style=\"color: #99cc00;\"><!-- \/wp:buttons --><\/span><\/strong><\/h3>\n<h3><strong><span style=\"color: #99cc00;\"><!-- \/wp:buttons --><\/span><\/strong><\/h3>\n<h3><strong><span style=\"color: #99cc00;\"><!-- wp:buttons --><\/span><\/strong><\/h3>\n<h3><strong><span style=\"color: #99cc00;\"><!-- wp:button {\"className\":\"is-style-outline\"} --><\/span><\/strong><\/h3>\n<h3><strong><span style=\"color: #99cc00;\"><a style=\"color: #99cc00;\" href=\"https:\/\/www.galbanatvest.ro\/wp-content\/uploads\/2026\/02\/MODEL-MJ-Necesit-Oportunit.-si-ech.-energetic-al-invest.docx\" target=\"_blank\" rel=\"noopener\">MODEL MJ Necesitate Oportunitate \u0219i ech. energetic al investi\u021biei<\/a><\/span><\/strong><\/h3>\n<h3><strong><span style=\"color: #99cc00;\"><a style=\"color: #99cc00;\" href=\"https:\/\/www.galbanatvest.ro\/wp-content\/uploads\/2026\/02\/Anexa1F1-FisaVerificare-CdCsCd-10.pdf\" target=\"_blank\" rel=\"noopener\">Fi\u0219a de verificare Cd Cs Cd<\/a><\/span><\/strong><\/h3>\n<h3><strong><span style=\"color: #99cc00;\"><a style=\"color: #99cc00;\" href=\"https:\/\/www.galbanatvest.ro\/wp-content\/uploads\/2026\/02\/E1.2.2L-FISA-DE-EVALUARE-GENERALA-DR-36-LEADER-proiecte-de-investitii.pdf\" target=\"_blank\" rel=\"noopener\">E.1.2.2.L. Fi\u0219a de evaluare general\u0103 DR36 LEADER proiecte de investi\u021bii<\/a><\/span><\/strong><\/h3>\n<h3><strong><span style=\"color: #99cc00;\"><a style=\"color: #99cc00;\" href=\"https:\/\/www.galbanatvest.ro\/wp-content\/uploads\/2026\/03\/Anexa1F1-FisaVerificare-CdCsCd-2.pdf\" target=\"_blank\" rel=\"noopener\">Anexa1F1-FisaVerificare-CdCsCd dup\u0103 erat\u0103<\/a><\/span><\/strong><\/h3>\n<div class=\"wp-block-buttons\">\u00a0<\/div>\n<p><span style=\"color: #99cc00;\"><!-- \/wp:button --><\/span><\/p>\n<p><span style=\"color: #99cc00;\"><!-- wp:buttons --><\/span><\/p>\n<div class=\"wp-block-buttons\">\n<p><span style=\"color: #99cc00;\"><!-- wp:button {\"className\":\"is-style-outline\"} --><\/span><\/p>\n<div class=\"wp-block-button is-style-outline\">\u00a0<\/div>\n<p><span style=\"color: #99cc00;\"><!-- \/wp:button --><\/span><\/p>\n<\/div>\n<p><!-- \/wp:buttons --><\/p>\n<p><!-- wp:paragraph --><\/p>\n<p><!-- \/wp:paragraph --><\/p>\n<\/div><\/section>","protected":false},"excerpt":{"rendered":"","protected":false},"author":1,"featured_media":7389,"parent":0,"menu_order":0,"comment_status":"closed","ping_status":"closed","template":"","meta":{"_bbp_topic_count":0,"_bbp_reply_count":0,"_bbp_total_topic_count":0,"_bbp_total_reply_count":0,"_bbp_voice_count":0,"_bbp_anonymous_reply_count":0,"_bbp_topic_count_hidden":0,"_bbp_reply_count_hidden":0,"_bbp_forum_subforum_count":0,"footnotes":""},"class_list":["post-7902","page","type-page","status-publish","has-post-thumbnail","hentry"],"_links":{"self":[{"href":"https:\/\/www.galbanatvest.ro\/index.php?rest_route=\/wp\/v2\/pages\/7902","targetHints":{"allow":["GET"]}}],"collection":[{"href":"https:\/\/www.galbanatvest.ro\/index.php?rest_route=\/wp\/v2\/pages"}],"about":[{"href":"https:\/\/www.galbanatvest.ro\/index.php?rest_route=\/wp\/v2\/types\/page"}],"author":[{"embeddable":true,"href":"https:\/\/www.galbanatvest.ro\/index.php?rest_route=\/wp\/v2\/users\/1"}],"replies":[{"embeddable":true,"href":"https:\/\/www.galbanatvest.ro\/index.php?rest_route=%2Fwp%2Fv2%2Fcomments&post=7902"}],"version-history":[{"count":49,"href":"https:\/\/www.galbanatvest.ro\/index.php?rest_route=\/wp\/v2\/pages\/7902\/revisions"}],"predecessor-version":[{"id":8089,"href":"https:\/\/www.galbanatvest.ro\/index.php?rest_route=\/wp\/v2\/pages\/7902\/revisions\/8089"}],"wp:featuredmedia":[{"embeddable":true,"href":"https:\/\/www.galbanatvest.ro\/index.php?rest_route=\/wp\/v2\/media\/7389"}],"wp:attachment":[{"href":"https:\/\/www.galbanatvest.ro\/index.php?rest_route=%2Fwp%2Fv2%2Fmedia&parent=7902"}],"curies":[{"name":"wp","href":"https:\/\/api.w.org\/{rel}","templated":true}]}}