{"id":7807,"date":"2026-01-21T10:28:25","date_gmt":"2026-01-21T08:28:25","guid":{"rendered":"https:\/\/www.galbanatvest.ro\/?page_id=7807"},"modified":"2026-03-13T13:05:50","modified_gmt":"2026-03-13T11:05:50","slug":"apeluri-selectie-2026","status":"publish","type":"page","link":"https:\/\/www.galbanatvest.ro\/?page_id=7807","title":{"rendered":"Apeluri selec\u021bie 2026"},"content":{"rendered":"\r\n<div class=\"wp-block-spacer\" style=\"height: 24px;\" aria-hidden=\"true\">\r\n<h2 class=\"wp-block-heading\">Sesiunea 4\/2026 I7P Centre sociale comunitare \u00een teritoriul Banat-Vest<\/h2>\r\n<h4><strong><span style=\"color: #000080;\"><a style=\"color: #000080;\" href=\"https:\/\/www.galbanatvest.ro\/wp-content\/uploads\/2026\/03\/Anunt-lansare-apel-de-selectie-AVIZAT-1.pdf\" target=\"_blank\" rel=\"noopener\">Anun\u021b lansare apel de selec\u021bie I7P<\/a><\/span><\/strong><\/h4>\r\n<\/div>\r\n<p>&nbsp;<\/p>\r\n<h2>\u00a0<\/h2>\r\n<p>&nbsp;<\/p>\r\n<h2 class=\"wp-block-heading\">Sesiunea 3\/2026 I2P Un mediu \u00eenconjur\u0103tors\u0103n\u0103tos \u00een teritoriul Banat-Vest &#8211; beneficii comunitare<\/h2>\r\n<h4><span style=\"color: #000080;\"><a style=\"color: #000080;\" href=\"https:\/\/www.galbanatvest.ro\/wp-content\/uploads\/2026\/03\/Anunt-lansare-apel-de-selectie-AVIZAT.pdf\" target=\"_blank\" rel=\"noopener\"><strong><span style=\"color: #000080;\">Anun\u021b lansare apel de selec\u021bie I2P<\/span><\/strong><\/a><\/span><\/h4>\r\n<h2>\u00a0<\/h2>\r\n<p>&nbsp;<\/p>\r\n<h2 class=\"wp-block-heading\">Sesiunea 2\/2026 I3E Un mediu \u00eenconjur\u0103tors\u0103n\u0103tos \u00een teritoriul Banat-Vest &#8211; beneficii economice<\/h2>\r\n<p><span style=\"color: #000080;\"><strong><a style=\"color: #000080;\" href=\"https:\/\/www.galbanatvest.ro\/wp-content\/uploads\/2026\/03\/Anunt-erata-la-apel-de-selectie-I3E.pdf\" target=\"_blank\" rel=\"noopener\">Anun\u021b erat\u0103 la apel de selec\u021bie I3E<\/a><\/strong><\/span><\/p>\r\n<p>&nbsp;<\/p>\r\n<h4><strong><a href=\"https:\/\/www.galbanatvest.ro\/wp-content\/uploads\/2026\/02\/Anunt-lansare-apel-de-selectie_I3E.pdf\" target=\"_blank\" rel=\"noopener\">Anun\u021b lansare apel selec\u021bie I3E<\/a><\/strong><\/h4>\r\n<p><strong>\r\n\r\n<\/strong><\/p>\r\n<p><strong>\r\n\r\n<\/strong><\/p>\r\n<div class=\"wp-block-buttons is-content-justification-left is-layout-flex wp-container-core-buttons-is-layout-fdcfc74e wp-block-buttons-is-layout-flex\">\r\n<div class=\"wp-block-button is-style-outline\"><strong>Publicat la 02.02.2026<\/strong><\/div>\r\n<\/div>\r\n\r\n\r\n\r\n<div class=\"wp-block-spacer\" style=\"height: 100px;\" aria-hidden=\"true\">\u00a0<\/div>\r\n\r\n\r\n\r\n<h2 class=\"wp-block-heading\">Sesiunea 1\/2026 I1P Dezvoltarea localit\u0103\u021bilor apar\u021bin\u00e2nd GAL Banat-Vest \u0219i serviciilor destinate popula\u021biei<\/h2>\r\n\r\n\r\n\r\n\r\n\r\n<div class=\"wp-block-buttons is-content-justification-left is-layout-flex wp-container-core-buttons-is-layout-fdcfc74e wp-block-buttons-is-layout-flex\">\r\n<div class=\"wp-block-button is-style-outline is-style-outline--1\"><a class=\"wp-block-button__link wp-element-button\" href=\"https:\/\/www.galbanatvest.ro\/wp-content\/uploads\/2026\/01\/1.-Anunt-lansare-apel-de-selectie-I1P.pdf\" target=\"_blank\" rel=\"noreferrer noopener\"><strong>Anun\u021b lansare apel selec\u021bie I1P<\/strong><\/a><\/div>\r\n<\/div>\r\n\r\n\r\n\r\n<h5 class=\"wp-block-heading\"><strong>Publicat la 21.01.2026<\/strong><\/h5>\r\n\r\n\r\n\r\n<p>&nbsp;<\/p>\r\n","protected":false},"excerpt":{"rendered":"<p>Sesiunea 1\/2026 I1P Dezvoltarea localit\u0103\u021bilor apar\u021bin\u00e2nd GAL Banat-Vest \u0219i serviciilor destinate popula\u021biei<\/p>\n","protected":false},"author":1,"featured_media":0,"parent":0,"menu_order":0,"comment_status":"closed","ping_status":"closed","template":"","meta":{"_bbp_topic_count":0,"_bbp_reply_count":0,"_bbp_total_topic_count":0,"_bbp_total_reply_count":0,"_bbp_voice_count":0,"_bbp_anonymous_reply_count":0,"_bbp_topic_count_hidden":0,"_bbp_reply_count_hidden":0,"_bbp_forum_subforum_count":0,"footnotes":""},"class_list":["post-7807","page","type-page","status-publish","hentry"],"_links":{"self":[{"href":"https:\/\/www.galbanatvest.ro\/index.php?rest_route=\/wp\/v2\/pages\/7807","targetHints":{"allow":["GET"]}}],"collection":[{"href":"https:\/\/www.galbanatvest.ro\/index.php?rest_route=\/wp\/v2\/pages"}],"about":[{"href":"https:\/\/www.galbanatvest.ro\/index.php?rest_route=\/wp\/v2\/types\/page"}],"author":[{"embeddable":true,"href":"https:\/\/www.galbanatvest.ro\/index.php?rest_route=\/wp\/v2\/users\/1"}],"replies":[{"embeddable":true,"href":"https:\/\/www.galbanatvest.ro\/index.php?rest_route=%2Fwp%2Fv2%2Fcomments&post=7807"}],"version-history":[{"count":30,"href":"https:\/\/www.galbanatvest.ro\/index.php?rest_route=\/wp\/v2\/pages\/7807\/revisions"}],"predecessor-version":[{"id":8096,"href":"https:\/\/www.galbanatvest.ro\/index.php?rest_route=\/wp\/v2\/pages\/7807\/revisions\/8096"}],"wp:attachment":[{"href":"https:\/\/www.galbanatvest.ro\/index.php?rest_route=%2Fwp%2Fv2%2Fmedia&parent=7807"}],"curies":[{"name":"wp","href":"https:\/\/api.w.org\/{rel}","templated":true}]}}