{"id":7358,"date":"2024-11-21T17:41:54","date_gmt":"2024-11-21T15:41:54","guid":{"rendered":"https:\/\/www.galbanatvest.ro\/?page_id=7358"},"modified":"2024-11-22T12:07:34","modified_gmt":"2024-11-22T10:07:34","slug":"comitetului-de-selectie-al-proiectelor-csp-sdl-2023-2027","status":"publish","type":"page","link":"https:\/\/www.galbanatvest.ro\/?page_id=7358","title":{"rendered":"COMITETUL DE SELEC\u021aIE AL PROIECTELOR (CSP) SDL 2023-2027"},"content":{"rendered":"<div class=\"wp-block-image\">\n<figure class=\"aligncenter size-full\"><a href=\"https:\/\/www.galbanatvest.ro\/wp-content\/uploads\/2024\/11\/PS-LEADER-GAL.png\"><img loading=\"lazy\" decoding=\"async\" width=\"600\" height=\"200\" src=\"https:\/\/www.galbanatvest.ro\/wp-content\/uploads\/2024\/11\/PS-LEADER-GAL.png\" alt=\"\" class=\"wp-image-7389\" srcset=\"https:\/\/www.galbanatvest.ro\/wp-content\/uploads\/2024\/11\/PS-LEADER-GAL.png 600w, https:\/\/www.galbanatvest.ro\/wp-content\/uploads\/2024\/11\/PS-LEADER-GAL-300x100.png 300w, https:\/\/www.galbanatvest.ro\/wp-content\/uploads\/2024\/11\/PS-LEADER-GAL-450x150.png 450w\" sizes=\"auto, (max-width: 600px) 100vw, 600px\" \/><\/a><\/figure>\n<\/div>\n\n\n<p><strong>Procedura de evaluare \u0219i selec\u021bie a proiectelor depuse \u00een cadrul SDL<\/strong><\/p>\n\n\n\n<p>Comitetului de Selec\u021bie al Proiectelor (CSP) \u00een cadrul parteneriatului LEADER &#8222;GRUP DE AC\u021aIUNE LOCAL\u0102 BANAT-VEST 2023-2027&#8221; este format din minim 5, dup\u0103 caz num\u0103rul acestora put\u00e2nd fi majorat.<\/p>\n\n\n\n<p>Astfel, \u00een cadrul <strong>CSP<\/strong>&nbsp;este alc\u0103tuit din&nbsp;minim <strong>5 membri:&nbsp;<\/strong>5 membrii plini \u0219i 5 membrii suplean\u021bi av\u00e2nd urm\u0103toarea structur\u0103:<\/p>\n\n\n\n<ul class=\"wp-block-list\">\n<li><strong>Parteneri publici: &nbsp;20% \u0219i parteneri priva\u021bi: &nbsp;80 %,<\/strong><\/li>\n\n\n\n<li><strong>Parteneri din mediul urban: &nbsp;40%, 60 % parteneri din mediul rural.<\/strong><\/li>\n<\/ul>\n\n\n\n<figure class=\"wp-block-table\"><table class=\"has-fixed-layout\"><tbody><tr><td colspan=\"3\"><strong>PARTENERI PUBLICI 28,57%<\/strong><strong><\/strong><\/td><\/tr><tr><td><strong>Partener<\/strong><strong><\/strong><\/td><td><strong>Func\u021bia \u00een CS<\/strong><strong><\/strong><\/td><td><strong>Tip\/Observa\u021bii<\/strong><strong><\/strong><\/td><\/tr><tr><td>1.Comuna C\u0103rpini\u0219<\/td><td>Membru plin<\/td><td>APL mediu rural<\/td><\/tr><tr><td>2.Comuna Otelec<\/td><td>Pre\u0219edinte, Membru supleant<\/td><td>APL mediu rural<\/td><\/tr><tr><td colspan=\"3\"><strong>PARTENERI PRIVA\u021aI &nbsp;(35,715%)<\/strong><strong><\/strong><\/td><\/tr><tr><td><strong>Partener<\/strong><strong><\/strong><\/td><td><strong>Func\u021bia \u00een CS<\/strong><strong><\/strong><\/td><td><strong>Tip\/Observa\u021bii<\/strong><strong><\/strong><\/td><\/tr><tr><td>3. VIBIAL BV SERV SRL<\/td><td>Pre\u0219edinte, Membru plin<\/td><td>SRL, mediul rural<\/td><\/tr><tr><td>4. GR\u0102DINARIU MARINELA \u00ceI<\/td><td>Membru plin<\/td><td>\u00ceI, mediul urban<\/td><\/tr><tr><td>5. QRA GLOBAL SRL<\/td><td>Membru supleant<\/td><td>SRL, mediul urban<\/td><\/tr><tr><td>6. KINETO JIMBOLIA SRL<\/td><td>Membru supleant<\/td><td>&nbsp;SRL, mediul urban<\/td><\/tr><tr><td>7. NEGRE ALEXANDRU \u00ceI<\/td><td>Membru supleant<\/td><td>\u00ceI, mediul rural<\/td><\/tr><tr><td colspan=\"3\"><strong>SOCIETATE CIVL\u0102 &nbsp;(35,715%)<\/strong><strong><\/strong><\/td><\/tr><tr><td><strong>Partener<\/strong><strong><\/strong><\/td><td><strong>Func\u021bia \u00een CS<\/strong><strong><\/strong><\/td><td><strong>Tip\/Observa\u021bii<\/strong><strong><\/strong><\/td><\/tr><tr><td>8. ASOCIA\u021aIA 6.31<\/td><td>Membru supleant<strong><\/strong><\/td><td>ONG, mediul rural<\/td><\/tr><tr><td>9. ASOCIA\u021aIA TINERILOR DIN JIMBOLIA<\/td><td>Membru plin<\/td><td>ONG, mediul urban<\/td><\/tr><tr><td>10. ASOCIA\u021aIA &#8222;COL\u021a DE BANAT&#8221;<\/td><td>Membru plin<\/td><td>ONG, mediul rural<\/td><\/tr><\/tbody><\/table><\/figure>\n","protected":false},"excerpt":{"rendered":"<p>Procedura de evaluare \u0219i selec\u021bie a proiectelor depuse \u00een cadrul SDL Comitetului de Selec\u021bie al Proiectelor (CSP) \u00een cadrul parteneriatului LEADER &#8222;GRUP DE AC\u021aIUNE LOCAL\u0102 BANAT-VEST 2023-2027&#8221; este format din minim 5, dup\u0103 caz num\u0103rul acestora put\u00e2nd fi majorat. Astfel, \u00een cadrul CSP&nbsp;este alc\u0103tuit din&nbsp;minim 5 membri:&nbsp;5 membrii plini \u0219i 5 membrii suplean\u021bi av\u00e2nd urm\u0103toarea [&hellip;]<\/p>\n","protected":false},"author":1,"featured_media":0,"parent":0,"menu_order":0,"comment_status":"closed","ping_status":"closed","template":"","meta":{"_bbp_topic_count":0,"_bbp_reply_count":0,"_bbp_total_topic_count":0,"_bbp_total_reply_count":0,"_bbp_voice_count":0,"_bbp_anonymous_reply_count":0,"_bbp_topic_count_hidden":0,"_bbp_reply_count_hidden":0,"_bbp_forum_subforum_count":0,"footnotes":""},"class_list":["post-7358","page","type-page","status-publish","hentry"],"_links":{"self":[{"href":"https:\/\/www.galbanatvest.ro\/index.php?rest_route=\/wp\/v2\/pages\/7358","targetHints":{"allow":["GET"]}}],"collection":[{"href":"https:\/\/www.galbanatvest.ro\/index.php?rest_route=\/wp\/v2\/pages"}],"about":[{"href":"https:\/\/www.galbanatvest.ro\/index.php?rest_route=\/wp\/v2\/types\/page"}],"author":[{"embeddable":true,"href":"https:\/\/www.galbanatvest.ro\/index.php?rest_route=\/wp\/v2\/users\/1"}],"replies":[{"embeddable":true,"href":"https:\/\/www.galbanatvest.ro\/index.php?rest_route=%2Fwp%2Fv2%2Fcomments&post=7358"}],"version-history":[{"count":3,"href":"https:\/\/www.galbanatvest.ro\/index.php?rest_route=\/wp\/v2\/pages\/7358\/revisions"}],"predecessor-version":[{"id":7392,"href":"https:\/\/www.galbanatvest.ro\/index.php?rest_route=\/wp\/v2\/pages\/7358\/revisions\/7392"}],"wp:attachment":[{"href":"https:\/\/www.galbanatvest.ro\/index.php?rest_route=%2Fwp%2Fv2%2Fmedia&parent=7358"}],"curies":[{"name":"wp","href":"https:\/\/api.w.org\/{rel}","templated":true}]}}