{"id":7032,"date":"2024-11-08T10:13:17","date_gmt":"2024-11-08T08:13:17","guid":{"rendered":"https:\/\/www.galbanatvest.ro\/?page_id=7032"},"modified":"2024-11-20T18:11:11","modified_gmt":"2024-11-20T16:11:11","slug":"strategia-de-dezvoltare-locala-2023-2027","status":"publish","type":"page","link":"https:\/\/www.galbanatvest.ro\/?page_id=7032","title":{"rendered":"STRATEGIA DE DEZVOLTARE LOCAL\u0102 &#8211; LEADER 2023-2027"},"content":{"rendered":"\n<figure class=\"wp-block-image size-full\"><a href=\"https:\/\/www.galbanatvest.ro\/wp-content\/uploads\/2024\/11\/antet-PS-LEADER-2023-2027-2.png\"><img loading=\"lazy\" decoding=\"async\" width=\"975\" height=\"208\" src=\"https:\/\/www.galbanatvest.ro\/wp-content\/uploads\/2024\/11\/antet-PS-LEADER-2023-2027-2.png\" alt=\"\" class=\"wp-image-7297\" srcset=\"https:\/\/www.galbanatvest.ro\/wp-content\/uploads\/2024\/11\/antet-PS-LEADER-2023-2027-2.png 975w, https:\/\/www.galbanatvest.ro\/wp-content\/uploads\/2024\/11\/antet-PS-LEADER-2023-2027-2-300x64.png 300w, https:\/\/www.galbanatvest.ro\/wp-content\/uploads\/2024\/11\/antet-PS-LEADER-2023-2027-2-768x164.png 768w, https:\/\/www.galbanatvest.ro\/wp-content\/uploads\/2024\/11\/antet-PS-LEADER-2023-2027-2-705x150.png 705w, https:\/\/www.galbanatvest.ro\/wp-content\/uploads\/2024\/11\/antet-PS-LEADER-2023-2027-2-450x96.png 450w\" sizes=\"auto, (max-width: 975px) 100vw, 975px\" \/><\/a><\/figure>\n\n\n\n<div style=\"height:100px\" aria-hidden=\"true\" class=\"wp-block-spacer\"><\/div>\n\n\n\n<p>Strategia de Dezvoltare Local\u0103 2023-2027 este un document asumat de c\u0103tre to\u021bi membrii partneriatului intitulat:<strong> &#8222;GRUP DE AC\u021aIUNE LOCAL\u0102 BANAT-VEST 2023-2027&#8221;<\/strong>.<\/p>\n\n\n\n<p class=\"has-text-align-left\">Procesul de elaborare a noii strategii de dezvoltare pentru perioada 2023-2027 s-a realizat \u00een&nbsp;mai multe etape, prin ample&nbsp;ac\u021biuni de animare a teritoriului, prin vizite \u00een fiecare unitate teritorial\u0103 apar\u021bin\u0103toare, consultare a partenerilor membri GAL \u00een perioada 2014-2020, atragere de noi parteneri \u00een contextul noilor schimb\u0103ri \u0219i provoc\u0103ri de la nivel local, regional, na\u021bional, european \u0219i interna\u021bional. Cea mai mare nevoie identificat\u0103 \u00een timpul anim\u0103rii a fost lipsa ac\u021biunilor &#8222;soft&#8221;, comunitare- realizate cu oameni \u0219i pentru oameni, cu implicarea at\u00e2t a institu\u021biilor, c\u00e2t \u0219i a firmelor locale. Alte nevoi identificate au fost lipsa inov\u0103rii locale, se realizeaz\u0103 acelea\u0219i ac\u021biuni comunitare de ani de zile (ex. Ruga satului), lipsa de viziune \u00een ceea ce prive\u0219te ac\u021biunile care asigur\u0103 sustenabilitatea \u0219i durabilitatea comunit\u0103\u021bilor noastre \u00een ansamblu. Astfel s-a n\u0103scut, ca dorin\u021b\u0103 de dezvoltare tema unificatoare a prezentei SDL 2023-2027 a GAL Banat-Vest: &#8222;Comunitate sustenabil\u0103, inovatoare \u0219i incluziv\u0103&#8221;.<br>&nbsp;<\/p>\n","protected":false},"excerpt":{"rendered":"<p>Strategia de Dezvoltare Local\u0103 2023-2027 este un document asumat de c\u0103tre to\u021bi membrii partneriatului intitulat: &#8222;GRUP DE AC\u021aIUNE LOCAL\u0102 BANAT-VEST 2023-2027&#8221;. Procesul de elaborare a noii strategii de dezvoltare pentru perioada 2023-2027 s-a realizat \u00een&nbsp;mai multe etape, prin ample&nbsp;ac\u021biuni de animare a teritoriului, prin vizite \u00een fiecare unitate teritorial\u0103 apar\u021bin\u0103toare, consultare a partenerilor membri GAL [&hellip;]<\/p>\n","protected":false},"author":1,"featured_media":0,"parent":0,"menu_order":0,"comment_status":"closed","ping_status":"closed","template":"","meta":{"_bbp_topic_count":0,"_bbp_reply_count":0,"_bbp_total_topic_count":0,"_bbp_total_reply_count":0,"_bbp_voice_count":0,"_bbp_anonymous_reply_count":0,"_bbp_topic_count_hidden":0,"_bbp_reply_count_hidden":0,"_bbp_forum_subforum_count":0,"footnotes":""},"class_list":["post-7032","page","type-page","status-publish","hentry"],"_links":{"self":[{"href":"https:\/\/www.galbanatvest.ro\/index.php?rest_route=\/wp\/v2\/pages\/7032","targetHints":{"allow":["GET"]}}],"collection":[{"href":"https:\/\/www.galbanatvest.ro\/index.php?rest_route=\/wp\/v2\/pages"}],"about":[{"href":"https:\/\/www.galbanatvest.ro\/index.php?rest_route=\/wp\/v2\/types\/page"}],"author":[{"embeddable":true,"href":"https:\/\/www.galbanatvest.ro\/index.php?rest_route=\/wp\/v2\/users\/1"}],"replies":[{"embeddable":true,"href":"https:\/\/www.galbanatvest.ro\/index.php?rest_route=%2Fwp%2Fv2%2Fcomments&post=7032"}],"version-history":[{"count":8,"href":"https:\/\/www.galbanatvest.ro\/index.php?rest_route=\/wp\/v2\/pages\/7032\/revisions"}],"predecessor-version":[{"id":7328,"href":"https:\/\/www.galbanatvest.ro\/index.php?rest_route=\/wp\/v2\/pages\/7032\/revisions\/7328"}],"wp:attachment":[{"href":"https:\/\/www.galbanatvest.ro\/index.php?rest_route=%2Fwp%2Fv2%2Fmedia&parent=7032"}],"curies":[{"name":"wp","href":"https:\/\/api.w.org\/{rel}","templated":true}]}}