{"id":7,"date":"2017-09-12T09:49:52","date_gmt":"2017-09-12T06:49:52","guid":{"rendered":"http:\/\/www.galbanatvest.ro\/?page_id=7"},"modified":"2026-03-19T13:37:47","modified_gmt":"2026-03-19T11:37:47","slug":"home","status":"publish","type":"page","link":"https:\/\/www.galbanatvest.ro\/","title":{"rendered":"GAL BANAT-VEST"},"content":{"rendered":"\n<div style='padding-bottom:5px;' class='av-special-heading av-special-heading-h5  blockquote modern-quote modern-centered   '><h5 class='av-special-heading-tag '  itemprop=\"headline\"  >NOUT\u0102\u021aI GAL BANAT-VEST<\/h5><div class='special-heading-border'><div class='special-heading-inner-border' ><\/div><\/div><\/div>\n<\/div><\/div><\/div><!-- close content main div --><\/div><\/div><div id='full_slider_1' class='avia-fullwidth-slider main_color avia-shadow   container_wrap sidebar_right' style = 'background-repeat: no-repeat; background-image: url(https:\/\/www.galbanatvest.ro\/wp-content\/uploads\/2025\/09\/Calendar-intalniri-animare-trim-4-2025-214x300.png); background-attachment: scroll; background-position: top left; '  ><div  data-size='large'  data-lightbox_size='large'  data-animation='slide'  data-ids='8097,8098,8099,8100,8101,8102,8103,8104,8105,8106,8107,8108,8109'  data-video_counter='0'  data-autoplay='true'  data-bg_slider='false'  data-slide_height=''  data-handle='av_slideshow_full'  data-interval='5'  data-class=' image_no_stretch'  data-css_id=''  data-scroll_down=''  data-control_layout='av-control-default'  data-custom_markup=''  data-perma_caption='aviaTBperma_caption'  data-autoplay_stopper='1'  data-image_attachment=''  data-min_height='0px'  data-src='https:\/\/www.galbanatvest.ro\/wp-content\/uploads\/2025\/09\/Calendar-intalniri-animare-trim-4-2025-214x300.png'  data-position='top left'  data-repeat='no-repeat'  data-attach='scroll'  data-stretch='image_no_stretch'  class='avia-slideshow avia-slideshow-1  av-control-default av-default-height-applied avia-slideshow-large av_slideshow_full  image_no_stretch avia-slide-slider '  itemscope=\"itemscope\" itemtype=\"https:\/\/schema.org\/ImageObject\" ><ul class='avia-slideshow-inner' style='padding-bottom: 125%;'><li  class=' slide-1 ' ><div data-rel='slideshow-1' class='avia-slide-wrap'  ><img src='https:\/\/www.galbanatvest.ro\/wp-content\/uploads\/2026\/03\/0.-Calendarul-animarilor-824x1030.png' width='824' height='1030' title='0. Calendarul animarilor' alt=''  itemprop=\"thumbnailUrl\"   \/><\/div><\/li><li  class=' slide-2 ' ><div data-rel='slideshow-1' class='avia-slide-wrap'  ><img src='https:\/\/www.galbanatvest.ro\/wp-content\/uploads\/2026\/03\/1.-Iecea-Mare-824x1030.png' width='824' height='1030' title='1. Iecea Mare' alt=''  itemprop=\"thumbnailUrl\"   \/><\/div><\/li><li  class=' slide-3 ' ><div data-rel='slideshow-1' class='avia-slide-wrap'  ><img src='https:\/\/www.galbanatvest.ro\/wp-content\/uploads\/2026\/03\/2.-Carpinis-824x1030.png' width='824' height='1030' title='2. Carpinis' alt=''  itemprop=\"thumbnailUrl\"   \/><\/div><\/li><li  class=' slide-4 ' ><div data-rel='slideshow-1' class='avia-slide-wrap'  ><img src='https:\/\/www.galbanatvest.ro\/wp-content\/uploads\/2026\/03\/3.-Sacalaz-824x1030.png' width='824' height='1030' title='3. Sacalaz' alt=''  itemprop=\"thumbnailUrl\"   \/><\/div><\/li><li  class=' slide-5 ' ><div data-rel='slideshow-1' class='avia-slide-wrap'  ><img src='https:\/\/www.galbanatvest.ro\/wp-content\/uploads\/2026\/03\/4.-Jimbolia-824x1030.png' width='824' height='1030' title='4. Jimbolia' alt=''  itemprop=\"thumbnailUrl\"   \/><\/div><\/li><li  class=' slide-6 ' ><div data-rel='slideshow-1' class='avia-slide-wrap'  ><img src='https:\/\/www.galbanatvest.ro\/wp-content\/uploads\/2026\/03\/5.-Lenauheim-824x1030.png' width='824' height='1030' title='5. Lenauheim' alt=''  itemprop=\"thumbnailUrl\"   \/><\/div><\/li><li  class=' slide-7 ' ><div data-rel='slideshow-1' class='avia-slide-wrap'  ><img src='https:\/\/www.galbanatvest.ro\/wp-content\/uploads\/2026\/03\/6.-Gottlob-824x1030.png' width='824' height='1030' title='6. Gottlob' alt=''  itemprop=\"thumbnailUrl\"   \/><\/div><\/li><li  class=' slide-8 ' ><div data-rel='slideshow-1' class='avia-slide-wrap'  ><img src='https:\/\/www.galbanatvest.ro\/wp-content\/uploads\/2026\/03\/7.-Checea-824x1030.png' width='824' height='1030' title='7. Checea' alt=''  itemprop=\"thumbnailUrl\"   \/><\/div><\/li><li  class=' slide-9 ' ><div data-rel='slideshow-1' class='avia-slide-wrap'  ><img src='https:\/\/www.galbanatvest.ro\/wp-content\/uploads\/2026\/03\/8.-Cenei-824x1030.png' width='824' height='1030' title='8. Cenei' alt=''  itemprop=\"thumbnailUrl\"   \/><\/div><\/li><li  class=' slide-10 ' ><div data-rel='slideshow-1' class='avia-slide-wrap'  ><img src='https:\/\/www.galbanatvest.ro\/wp-content\/uploads\/2026\/03\/9.-Uivar-824x1030.png' width='824' height='1030' title='9. Uivar' alt=''  itemprop=\"thumbnailUrl\"   \/><\/div><\/li><li  class=' slide-11 ' ><div data-rel='slideshow-1' class='avia-slide-wrap'  ><img src='https:\/\/www.galbanatvest.ro\/wp-content\/uploads\/2026\/03\/10.-Otelec-824x1030.png' width='824' height='1030' title='10. Otelec' alt=''  itemprop=\"thumbnailUrl\"   \/><\/div><\/li><li  class=' slide-12 ' ><div data-rel='slideshow-1' class='avia-slide-wrap'  ><img src='https:\/\/www.galbanatvest.ro\/wp-content\/uploads\/2026\/03\/11.-Comlosu-Mare-824x1030.png' width='824' height='1030' title='11. Comlosu Mare' alt=''  itemprop=\"thumbnailUrl\"   \/><\/div><\/li><li  class=' slide-13 ' ><div data-rel='slideshow-1' class='avia-slide-wrap'  ><img src='https:\/\/www.galbanatvest.ro\/wp-content\/uploads\/2026\/03\/Activitate-copii-824x1030.png' width='824' height='1030' title='Activitate copii' alt=''  itemprop=\"thumbnailUrl\"   \/><\/div><\/li><\/ul><div class='avia-slideshow-arrows avia-slideshow-controls'><a href='#prev' class='prev-slide' aria-hidden='true' data-av_icon='\ue87c' data-av_iconfont='entypo-fontello'>Anterior<\/a><a href='#next' class='next-slide' aria-hidden='true' data-av_icon='\ue87d' data-av_iconfont='entypo-fontello'>Urmatorul<\/a><\/div><div class='avia-slideshow-dots avia-slideshow-controls'><a href='#1' class='goto-slide active' >1<\/a><a href='#2' class='goto-slide ' >2<\/a><a href='#3' class='goto-slide ' >3<\/a><a href='#4' class='goto-slide ' >4<\/a><a href='#5' class='goto-slide ' >5<\/a><a href='#6' class='goto-slide ' >6<\/a><a href='#7' class='goto-slide ' >7<\/a><a href='#8' class='goto-slide ' >8<\/a><a href='#9' class='goto-slide ' >9<\/a><a href='#10' class='goto-slide ' >10<\/a><a href='#11' class='goto-slide ' >11<\/a><a href='#12' class='goto-slide ' >12<\/a><a href='#13' class='goto-slide ' >13<\/a><\/div><\/div><\/div>\n<div class='avia-image-container  av-styling-    avia-align-center '  itemscope=\"itemscope\" itemtype=\"https:\/\/schema.org\/ImageObject\"  ><div class='avia-image-container-inner'><img class='avia_image ' src='https:\/\/www.galbanatvest.ro\/wp-content\/uploads\/2024\/11\/antet-PS-LEADER-2023-2027-2-300x64.png' alt='' title='antet PS LEADER 2023 2027'   itemprop=\"thumbnailUrl\"  \/><\/div><\/div>\n<div class='avia-button-wrap avia-button-center '><a href='https:\/\/www.galbanatvest.ro\/?page_id=7036' class='avia-button   avia-icon_select-yes-left-icon avia-color-green avia-size-large avia-position-center '  target=\"_blank\"   ><span class='avia_button_icon avia_button_icon_left ' aria-hidden='true' data-av_icon='\ue89a' data-av_iconfont='entypo-fontello'><\/span><span class='avia_iconbox_title' >Acceseaz\u0103 noul SDL 2023-2027<\/span><\/a><\/div>\n<div style='padding-bottom:5px;color:#dd745d;' class='av-special-heading av-special-heading-h6 custom-color-heading blockquote modern-quote modern-centered   '><h6 class='av-special-heading-tag '  itemprop=\"headline\"  >ATEN\u021aIE!!! GAL BANAT-VEST nu are deschis\u0103 nicio m\u0103sur\u0103 de finan\u021bare corespondent\u0103 cu Subm\u0103sura 6.2 &#8211; Sprijin pentru \u00eenfiin\u021barea de activit\u0103\u021bi neagricole \u00een zone rurale, care a fost finan\u021bat\u0103 prin PNDR 2014-2020 cu sprijinul AFIR. GAL Banat-Vest a avut o m\u0103sur\u0103 corespondent\u0103 M\u0103sura \u2013 M6.2\/6A -Sprijinirea antreprenoriatului non-agricol local \u0219i incluziv, dar fondurile sunt integral epuizate, iar aceast\u0103 m\u0103sur\u0103 nu va mai fi dechis\u0103. Finan\u021b\u0103rile GAL Banat-Vest se adreseaz\u0103 exclusiv teritoriului \u0219i locuitorilor ora\u0219ului Jimbolia \u0219i a comunelor: Comlo\u0219u Mare, Gottlob, Lenauheim, C\u0103rpini\u0219, S\u0103c\u0103laz, Cenei, Uivar, Otelec, Checea \u0219i Iecea Mare din jude\u021bul Timi\u0219. Pentru firme de consultan\u021b\u0103 recomand\u0103m consultarea bazei de date a AFIR de pe site-ul www.afir.ro<\/h6><div class='special-heading-border'><div class='special-heading-inner-border' style='border-color:#dd745d'><\/div><\/div><\/div>\n<div style='padding-bottom:5px;' class='av-special-heading av-special-heading-h5  blockquote modern-quote modern-centered   '><h5 class='av-special-heading-tag '  itemprop=\"headline\"  >Asocia\u021bia <span class='special_amp'>\u201e<\/span>Grup de Ac\u021biune Local\u0103 Banat \u2013 Vest<span class='special_amp'>\u201d<\/span> \u00een calitate de lider proiect, \u00een cooperare cu Asocia\u021bia <span class='special_amp'>\u201e<\/span>GAL Triplex CONFINIUM<span class='special_amp'>\u201d<\/span> \u0219i Asocia\u021bia <span class='special_amp'>\u201e<\/span>Timi\u0219 Torontal B\u00e2rzava<span class='special_amp'>\u201d<\/span>, a \u00eenceput implementarea proiectului <span class='special_amp'>\u201e<\/span>BANAT IMPACT CulTur \u2013 promovarea Banatului, ca spa\u021biu multietnic \u0219i multicultural, promovarea produc\u0103torilor agricoli \u0219i non-agricoli locali \u0219i a poten\u021bialului turistic. Acronim: Banat IMPACT CulTur<span class='special_amp'>\u201d<\/span>, finan\u021bat \u00een cadrul subm\u0103surii 19.3 <span class='special_amp'>\u201e<\/span>Preg\u0103tirea \u0219i implementarea activit\u0103\u021bilor de cooperare ale Grupurilor de Ac\u021biune Local\u0103<span class='special_amp'>\u201d<\/span> Componenta B &#8211; <span class='special_amp'>\u201e<\/span>Implementarea activit\u0103\u021bilor de cooperare ale Grupurilor de Ac\u021biune Local\u0103 selectate<span class='special_amp'>\u201d<\/span>.<\/h5><div class='special-heading-border'><div class='special-heading-inner-border' ><\/div><\/div><\/div>\n<div class='avia-image-container  av-styling-  noHover  av-overlay-hover-deactivate   avia-align-center '  itemscope=\"itemscope\" itemtype=\"https:\/\/schema.org\/ImageObject\"  ><div class='avia-image-container-inner'><a href='https:\/\/banatimpactcultur.ro\/' class='avia_image'   target=\"_blank\" ><div class='av-image-caption-overlay'><div class='av-caption-image-overlay-bg' style='opacity:0.4; background-color:#000000; '><\/div><div class='av-image-caption-overlay-position'><div class='av-image-caption-overlay-center' style='color:#ffffff; '><p>www.banatimpactcultur.ro<\/p>\n<\/div><\/div><\/div><img class='avia_image ' src='https:\/\/www.galbanatvest.ro\/wp-content\/uploads\/2024\/11\/Logo-Banat-Impact-CulTur-1-300x160.png' alt='' title='Logo Banat Impact CulTur'  itemprop=\"thumbnailUrl\"  \/><\/a><\/div><\/div>\n<div class='avia-button-wrap avia-button-center '><a href='https:\/\/www.galbanatvest.ro\/wp-content\/uploads\/2023\/12\/Comunicat-de-presa_Cooperare-2022.pdf' class='avia-button   avia-icon_select-yes-left-icon avia-color-theme-color avia-size-large avia-position-center '  target=\"_blank\"   ><span class='avia_button_icon avia_button_icon_left ' aria-hidden='true' data-av_icon='\ue89a' data-av_iconfont='entypo-fontello'><\/span><span class='avia_iconbox_title' >Vezi comunicat de pres\u0103 lansare proiect<\/span><\/a><\/div>\n<div  class='avia-video avia-video-16-9   '  itemprop=\"video\" itemtype=\"https:\/\/schema.org\/VideoObject\" ><div class='avia-iframe-wrap'><iframe loading=\"lazy\" title=\"WORKSHOP Banat Impact Cultur\" width=\"1500\" height=\"844\" src=\"https:\/\/www.youtube.com\/embed\/HRZILH5y1eE?start=51&feature=oembed\" frameborder=\"0\" allow=\"accelerometer; autoplay; clipboard-write; encrypted-media; gyroscope; picture-in-picture; web-share\" referrerpolicy=\"strict-origin-when-cross-origin\" allowfullscreen><\/iframe><\/div><\/div>\n<div class='avia-button-wrap avia-button-center '><a href='https:\/\/www.facebook.com\/watch\/?v=890216973182181' class='avia-button   avia-icon_select-yes-left-icon avia-color-theme-color avia-size-large avia-position-center '  target=\"_blank\"   ><span class='avia_button_icon avia_button_icon_left ' aria-hidden='true' data-av_icon='\ue89a' data-av_iconfont='entypo-fontello'><\/span><span class='avia_iconbox_title' >Anunt TV - Organizare Festival Banat Refresh la Jimbolia BANATIMPACTCULTUR<\/span><\/a><\/div>\n<div class='avia-button-wrap avia-button-center '><a href='https:\/\/renasterea.ro\/banatul-de-frontiera-a-prins-viata-prin-cultura-traditii-si-oameni-proiectul-banat-impact-cultur-ajuns-la-final\/' class='avia-button   avia-icon_select-yes-left-icon avia-color-theme-color avia-size-large avia-position-center '  target=\"_blank\"   ><span class='avia_button_icon avia_button_icon_left ' aria-hidden='true' data-av_icon='\ue89a' data-av_iconfont='entypo-fontello'><\/span><span class='avia_iconbox_title' >Vezi comunicat de pres\u0103 final proiect<\/span><\/a><\/div>\n<div class='avia-button-wrap avia-button-center '><a href='https:\/\/banatimpactcultur.ro\/wp-content\/uploads\/2025\/05\/Studiu-pentru-valorificarea-potentialului-turistic.pdf' class='avia-button   avia-icon_select-yes-left-icon avia-color-theme-color avia-size-large avia-position-center '  target=\"_blank\"   ><span class='avia_button_icon avia_button_icon_left ' aria-hidden='true' data-av_icon='\ue89a' data-av_iconfont='entypo-fontello'><\/span><span class='avia_iconbox_title' >Studiu pentru valorificarea poten\u021bialului turistic al teritoriilor partenere<\/span><\/a><\/div>\n<div  class='avia-video avia-video-16-9   '  itemprop=\"video\" itemtype=\"https:\/\/schema.org\/VideoObject\" ><div class='avia-iframe-wrap'><iframe loading=\"lazy\" title=\"Banat Impact CulTur - film de prezentare\" width=\"1500\" height=\"844\" src=\"https:\/\/www.youtube.com\/embed\/5LVBTbNFVX8?start=15&feature=oembed\" frameborder=\"0\" allow=\"accelerometer; autoplay; clipboard-write; encrypted-media; gyroscope; picture-in-picture; web-share\" referrerpolicy=\"strict-origin-when-cross-origin\" allowfullscreen><\/iframe><\/div><\/div>\n<div style='padding-bottom:5px;' class='av-special-heading av-special-heading-h5  blockquote modern-quote modern-centered   '><h5 class='av-special-heading-tag '  itemprop=\"headline\"  >Program GAL Banat-Vest: Luni &#8211; Vineri &#8211; 09:00 -17:00; Program cu publicul: 10:00-14:00; Adresa: Jimbolia, str. Tudor Vladimirescu, nr. 88, camera 01 \u0219i camera 02.<\/h5><div class='special-heading-border'><div class='special-heading-inner-border' ><\/div><\/div><\/div>\n","protected":false},"excerpt":{"rendered":"","protected":false},"author":1,"featured_media":0,"parent":0,"menu_order":0,"comment_status":"open","ping_status":"closed","template":"","meta":{"_bbp_topic_count":0,"_bbp_reply_count":0,"_bbp_total_topic_count":0,"_bbp_total_reply_count":0,"_bbp_voice_count":0,"_bbp_anonymous_reply_count":0,"_bbp_topic_count_hidden":0,"_bbp_reply_count_hidden":0,"_bbp_forum_subforum_count":0,"footnotes":""},"class_list":["post-7","page","type-page","status-publish","hentry"],"_links":{"self":[{"href":"https:\/\/www.galbanatvest.ro\/index.php?rest_route=\/wp\/v2\/pages\/7","targetHints":{"allow":["GET"]}}],"collection":[{"href":"https:\/\/www.galbanatvest.ro\/index.php?rest_route=\/wp\/v2\/pages"}],"about":[{"href":"https:\/\/www.galbanatvest.ro\/index.php?rest_route=\/wp\/v2\/types\/page"}],"author":[{"embeddable":true,"href":"https:\/\/www.galbanatvest.ro\/index.php?rest_route=\/wp\/v2\/users\/1"}],"replies":[{"embeddable":true,"href":"https:\/\/www.galbanatvest.ro\/index.php?rest_route=%2Fwp%2Fv2%2Fcomments&post=7"}],"version-history":[{"count":239,"href":"https:\/\/www.galbanatvest.ro\/index.php?rest_route=\/wp\/v2\/pages\/7\/revisions"}],"predecessor-version":[{"id":8111,"href":"https:\/\/www.galbanatvest.ro\/index.php?rest_route=\/wp\/v2\/pages\/7\/revisions\/8111"}],"wp:attachment":[{"href":"https:\/\/www.galbanatvest.ro\/index.php?rest_route=%2Fwp%2Fv2%2Fmedia&parent=7"}],"curies":[{"name":"wp","href":"https:\/\/api.w.org\/{rel}","templated":true}]}}