{"id":6961,"date":"2024-10-24T10:29:23","date_gmt":"2024-10-24T07:29:23","guid":{"rendered":"https:\/\/www.galbanatvest.ro\/?page_id=6961"},"modified":"2025-08-29T12:15:17","modified_gmt":"2025-08-29T09:15:17","slug":"6961-2","status":"publish","type":"page","link":"https:\/\/www.galbanatvest.ro\/?page_id=6961","title":{"rendered":"ESC"},"content":{"rendered":"\n<figure class=\"wp-block-image size-full\"><a href=\"https:\/\/www.galbanatvest.ro\/wp-content\/uploads\/2024\/11\/Logo-ESC.png\"><img loading=\"lazy\" decoding=\"async\" width=\"600\" height=\"200\" src=\"https:\/\/www.galbanatvest.ro\/wp-content\/uploads\/2024\/11\/Logo-ESC.png\" alt=\"\" class=\"wp-image-7193\" srcset=\"https:\/\/www.galbanatvest.ro\/wp-content\/uploads\/2024\/11\/Logo-ESC.png 600w, https:\/\/www.galbanatvest.ro\/wp-content\/uploads\/2024\/11\/Logo-ESC-300x100.png 300w, https:\/\/www.galbanatvest.ro\/wp-content\/uploads\/2024\/11\/Logo-ESC-450x150.png 450w\" sizes=\"auto, (max-width: 600px) 100vw, 600px\" \/><\/a><\/figure>\n\n\n\n<h1 class=\"wp-block-heading has-text-align-center\"><strong><mark style=\"background-color:rgba(0, 0, 0, 0)\" class=\"has-inline-color has-black-color\">European Solidarity Corp<\/mark><\/strong>s<\/h1>\n\n\n\n<h2 class=\"wp-block-heading has-text-align-center\"><mark style=\"background-color:rgba(0, 0, 0, 0)\" class=\"has-inline-color has-black-color\"><strong>Programul de promovare a voluntariatului implementat de Asocia\u021bia &#8222;Grup de Ac\u021biune Local\u0103 Banat-Vest\u201d<\/strong> <strong>\u00een perioada 2024-2027<\/strong><\/mark><\/h2>\n\n\n\n<p><\/p>\n\n\n\n<p><\/p>\n\n\n\n<div class=\"wp-block-group\"><div class=\"wp-block-group__inner-container is-layout-constrained wp-block-group-is-layout-constrained\">\n<figure class=\"wp-block-gallery has-nested-images columns-default is-cropped wp-block-gallery-1 is-layout-flex wp-block-gallery-is-layout-flex\">\n<figure class=\"wp-block-image size-large\"><a href=\"https:\/\/www.galbanatvest.ro\/wp-content\/uploads\/2025\/08\/WhatsApp-Image-2025-08-29-at-10.29.08-AM-3.jpeg\"><img loading=\"lazy\" decoding=\"async\" width=\"728\" height=\"1030\" data-id=\"7669\" src=\"https:\/\/www.galbanatvest.ro\/wp-content\/uploads\/2025\/08\/WhatsApp-Image-2025-08-29-at-10.29.08-AM-3-728x1030.jpeg\" alt=\"\" class=\"wp-image-7669\" srcset=\"https:\/\/www.galbanatvest.ro\/wp-content\/uploads\/2025\/08\/WhatsApp-Image-2025-08-29-at-10.29.08-AM-3-728x1030.jpeg 728w, https:\/\/www.galbanatvest.ro\/wp-content\/uploads\/2025\/08\/WhatsApp-Image-2025-08-29-at-10.29.08-AM-3-212x300.jpeg 212w, https:\/\/www.galbanatvest.ro\/wp-content\/uploads\/2025\/08\/WhatsApp-Image-2025-08-29-at-10.29.08-AM-3-768x1086.jpeg 768w, https:\/\/www.galbanatvest.ro\/wp-content\/uploads\/2025\/08\/WhatsApp-Image-2025-08-29-at-10.29.08-AM-3-1086x1536.jpeg 1086w, https:\/\/www.galbanatvest.ro\/wp-content\/uploads\/2025\/08\/WhatsApp-Image-2025-08-29-at-10.29.08-AM-3-1060x1500.jpeg 1060w, https:\/\/www.galbanatvest.ro\/wp-content\/uploads\/2025\/08\/WhatsApp-Image-2025-08-29-at-10.29.08-AM-3-498x705.jpeg 498w, https:\/\/www.galbanatvest.ro\/wp-content\/uploads\/2025\/08\/WhatsApp-Image-2025-08-29-at-10.29.08-AM-3-450x637.jpeg 450w, https:\/\/www.galbanatvest.ro\/wp-content\/uploads\/2025\/08\/WhatsApp-Image-2025-08-29-at-10.29.08-AM-3.jpeg 1131w\" sizes=\"auto, (max-width: 728px) 100vw, 728px\" \/><\/a><\/figure>\n\n\n\n<figure class=\"wp-block-image size-large\"><a href=\"https:\/\/www.galbanatvest.ro\/wp-content\/uploads\/2025\/08\/WhatsApp-Image-2025-08-29-at-10.29.09-AM-1.jpeg\"><img loading=\"lazy\" decoding=\"async\" width=\"728\" height=\"1030\" data-id=\"7666\" src=\"https:\/\/www.galbanatvest.ro\/wp-content\/uploads\/2025\/08\/WhatsApp-Image-2025-08-29-at-10.29.09-AM-1-728x1030.jpeg\" alt=\"\" class=\"wp-image-7666\" srcset=\"https:\/\/www.galbanatvest.ro\/wp-content\/uploads\/2025\/08\/WhatsApp-Image-2025-08-29-at-10.29.09-AM-1-728x1030.jpeg 728w, https:\/\/www.galbanatvest.ro\/wp-content\/uploads\/2025\/08\/WhatsApp-Image-2025-08-29-at-10.29.09-AM-1-212x300.jpeg 212w, https:\/\/www.galbanatvest.ro\/wp-content\/uploads\/2025\/08\/WhatsApp-Image-2025-08-29-at-10.29.09-AM-1-768x1086.jpeg 768w, https:\/\/www.galbanatvest.ro\/wp-content\/uploads\/2025\/08\/WhatsApp-Image-2025-08-29-at-10.29.09-AM-1-1086x1536.jpeg 1086w, https:\/\/www.galbanatvest.ro\/wp-content\/uploads\/2025\/08\/WhatsApp-Image-2025-08-29-at-10.29.09-AM-1-1060x1500.jpeg 1060w, https:\/\/www.galbanatvest.ro\/wp-content\/uploads\/2025\/08\/WhatsApp-Image-2025-08-29-at-10.29.09-AM-1-498x705.jpeg 498w, https:\/\/www.galbanatvest.ro\/wp-content\/uploads\/2025\/08\/WhatsApp-Image-2025-08-29-at-10.29.09-AM-1-450x637.jpeg 450w, https:\/\/www.galbanatvest.ro\/wp-content\/uploads\/2025\/08\/WhatsApp-Image-2025-08-29-at-10.29.09-AM-1.jpeg 1131w\" sizes=\"auto, (max-width: 728px) 100vw, 728px\" \/><\/a><\/figure>\n\n\n\n<figure class=\"wp-block-image size-large\"><a href=\"https:\/\/www.galbanatvest.ro\/wp-content\/uploads\/2025\/08\/WhatsApp-Image-2025-08-29-at-10.29.08-AM-4.jpeg\"><img loading=\"lazy\" decoding=\"async\" width=\"728\" height=\"1030\" data-id=\"7675\" src=\"https:\/\/www.galbanatvest.ro\/wp-content\/uploads\/2025\/08\/WhatsApp-Image-2025-08-29-at-10.29.08-AM-4-728x1030.jpeg\" alt=\"\" class=\"wp-image-7675\" srcset=\"https:\/\/www.galbanatvest.ro\/wp-content\/uploads\/2025\/08\/WhatsApp-Image-2025-08-29-at-10.29.08-AM-4-728x1030.jpeg 728w, https:\/\/www.galbanatvest.ro\/wp-content\/uploads\/2025\/08\/WhatsApp-Image-2025-08-29-at-10.29.08-AM-4-212x300.jpeg 212w, https:\/\/www.galbanatvest.ro\/wp-content\/uploads\/2025\/08\/WhatsApp-Image-2025-08-29-at-10.29.08-AM-4-768x1086.jpeg 768w, https:\/\/www.galbanatvest.ro\/wp-content\/uploads\/2025\/08\/WhatsApp-Image-2025-08-29-at-10.29.08-AM-4-1086x1536.jpeg 1086w, https:\/\/www.galbanatvest.ro\/wp-content\/uploads\/2025\/08\/WhatsApp-Image-2025-08-29-at-10.29.08-AM-4-1060x1500.jpeg 1060w, https:\/\/www.galbanatvest.ro\/wp-content\/uploads\/2025\/08\/WhatsApp-Image-2025-08-29-at-10.29.08-AM-4-498x705.jpeg 498w, https:\/\/www.galbanatvest.ro\/wp-content\/uploads\/2025\/08\/WhatsApp-Image-2025-08-29-at-10.29.08-AM-4-450x637.jpeg 450w, https:\/\/www.galbanatvest.ro\/wp-content\/uploads\/2025\/08\/WhatsApp-Image-2025-08-29-at-10.29.08-AM-4.jpeg 1131w\" sizes=\"auto, (max-width: 728px) 100vw, 728px\" \/><\/a><\/figure>\n\n\n\n<figure class=\"wp-block-image size-large\"><a href=\"https:\/\/www.galbanatvest.ro\/wp-content\/uploads\/2025\/08\/WhatsApp-Image-2025-08-29-at-10.29.09-AM.jpeg\"><img loading=\"lazy\" decoding=\"async\" width=\"728\" height=\"1030\" data-id=\"7672\" src=\"https:\/\/www.galbanatvest.ro\/wp-content\/uploads\/2025\/08\/WhatsApp-Image-2025-08-29-at-10.29.09-AM-728x1030.jpeg\" alt=\"\" class=\"wp-image-7672\" srcset=\"https:\/\/www.galbanatvest.ro\/wp-content\/uploads\/2025\/08\/WhatsApp-Image-2025-08-29-at-10.29.09-AM-728x1030.jpeg 728w, https:\/\/www.galbanatvest.ro\/wp-content\/uploads\/2025\/08\/WhatsApp-Image-2025-08-29-at-10.29.09-AM-212x300.jpeg 212w, https:\/\/www.galbanatvest.ro\/wp-content\/uploads\/2025\/08\/WhatsApp-Image-2025-08-29-at-10.29.09-AM-768x1086.jpeg 768w, https:\/\/www.galbanatvest.ro\/wp-content\/uploads\/2025\/08\/WhatsApp-Image-2025-08-29-at-10.29.09-AM-1086x1536.jpeg 1086w, https:\/\/www.galbanatvest.ro\/wp-content\/uploads\/2025\/08\/WhatsApp-Image-2025-08-29-at-10.29.09-AM-1060x1500.jpeg 1060w, https:\/\/www.galbanatvest.ro\/wp-content\/uploads\/2025\/08\/WhatsApp-Image-2025-08-29-at-10.29.09-AM-498x705.jpeg 498w, https:\/\/www.galbanatvest.ro\/wp-content\/uploads\/2025\/08\/WhatsApp-Image-2025-08-29-at-10.29.09-AM-450x637.jpeg 450w, https:\/\/www.galbanatvest.ro\/wp-content\/uploads\/2025\/08\/WhatsApp-Image-2025-08-29-at-10.29.09-AM.jpeg 1131w\" sizes=\"auto, (max-width: 728px) 100vw, 728px\" \/><\/a><\/figure>\n\n\n\n<figure class=\"wp-block-image size-large\"><a href=\"https:\/\/www.galbanatvest.ro\/wp-content\/uploads\/2025\/08\/WhatsApp-Image-2025-08-29-at-10.29.08-AM-1.jpeg\"><img loading=\"lazy\" decoding=\"async\" width=\"728\" height=\"1030\" data-id=\"7668\" src=\"https:\/\/www.galbanatvest.ro\/wp-content\/uploads\/2025\/08\/WhatsApp-Image-2025-08-29-at-10.29.08-AM-1-728x1030.jpeg\" alt=\"\" class=\"wp-image-7668\" srcset=\"https:\/\/www.galbanatvest.ro\/wp-content\/uploads\/2025\/08\/WhatsApp-Image-2025-08-29-at-10.29.08-AM-1-728x1030.jpeg 728w, https:\/\/www.galbanatvest.ro\/wp-content\/uploads\/2025\/08\/WhatsApp-Image-2025-08-29-at-10.29.08-AM-1-212x300.jpeg 212w, https:\/\/www.galbanatvest.ro\/wp-content\/uploads\/2025\/08\/WhatsApp-Image-2025-08-29-at-10.29.08-AM-1-768x1086.jpeg 768w, https:\/\/www.galbanatvest.ro\/wp-content\/uploads\/2025\/08\/WhatsApp-Image-2025-08-29-at-10.29.08-AM-1-1086x1536.jpeg 1086w, https:\/\/www.galbanatvest.ro\/wp-content\/uploads\/2025\/08\/WhatsApp-Image-2025-08-29-at-10.29.08-AM-1-1060x1500.jpeg 1060w, https:\/\/www.galbanatvest.ro\/wp-content\/uploads\/2025\/08\/WhatsApp-Image-2025-08-29-at-10.29.08-AM-1-498x705.jpeg 498w, https:\/\/www.galbanatvest.ro\/wp-content\/uploads\/2025\/08\/WhatsApp-Image-2025-08-29-at-10.29.08-AM-1-450x637.jpeg 450w, https:\/\/www.galbanatvest.ro\/wp-content\/uploads\/2025\/08\/WhatsApp-Image-2025-08-29-at-10.29.08-AM-1.jpeg 1131w\" sizes=\"auto, (max-width: 728px) 100vw, 728px\" \/><\/a><\/figure>\n\n\n\n<figure class=\"wp-block-image size-large\"><a href=\"https:\/\/www.galbanatvest.ro\/wp-content\/uploads\/2025\/08\/WhatsApp-Image-2025-08-29-at-10.29.08-AM-2.jpeg\"><img loading=\"lazy\" decoding=\"async\" width=\"728\" height=\"1030\" data-id=\"7667\" src=\"https:\/\/www.galbanatvest.ro\/wp-content\/uploads\/2025\/08\/WhatsApp-Image-2025-08-29-at-10.29.08-AM-2-728x1030.jpeg\" alt=\"\" class=\"wp-image-7667\" srcset=\"https:\/\/www.galbanatvest.ro\/wp-content\/uploads\/2025\/08\/WhatsApp-Image-2025-08-29-at-10.29.08-AM-2-728x1030.jpeg 728w, https:\/\/www.galbanatvest.ro\/wp-content\/uploads\/2025\/08\/WhatsApp-Image-2025-08-29-at-10.29.08-AM-2-212x300.jpeg 212w, https:\/\/www.galbanatvest.ro\/wp-content\/uploads\/2025\/08\/WhatsApp-Image-2025-08-29-at-10.29.08-AM-2-768x1086.jpeg 768w, https:\/\/www.galbanatvest.ro\/wp-content\/uploads\/2025\/08\/WhatsApp-Image-2025-08-29-at-10.29.08-AM-2-1086x1536.jpeg 1086w, https:\/\/www.galbanatvest.ro\/wp-content\/uploads\/2025\/08\/WhatsApp-Image-2025-08-29-at-10.29.08-AM-2-1060x1500.jpeg 1060w, https:\/\/www.galbanatvest.ro\/wp-content\/uploads\/2025\/08\/WhatsApp-Image-2025-08-29-at-10.29.08-AM-2-498x705.jpeg 498w, https:\/\/www.galbanatvest.ro\/wp-content\/uploads\/2025\/08\/WhatsApp-Image-2025-08-29-at-10.29.08-AM-2-450x637.jpeg 450w, https:\/\/www.galbanatvest.ro\/wp-content\/uploads\/2025\/08\/WhatsApp-Image-2025-08-29-at-10.29.08-AM-2.jpeg 1131w\" sizes=\"auto, (max-width: 728px) 100vw, 728px\" \/><\/a><\/figure>\n\n\n\n<figure class=\"wp-block-image size-large\"><a href=\"https:\/\/www.galbanatvest.ro\/wp-content\/uploads\/2025\/08\/WhatsApp-Image-2025-08-29-at-10.29.10-AM-1.jpeg\"><img loading=\"lazy\" decoding=\"async\" width=\"728\" height=\"1030\" data-id=\"7671\" src=\"https:\/\/www.galbanatvest.ro\/wp-content\/uploads\/2025\/08\/WhatsApp-Image-2025-08-29-at-10.29.10-AM-1-728x1030.jpeg\" alt=\"\" class=\"wp-image-7671\" srcset=\"https:\/\/www.galbanatvest.ro\/wp-content\/uploads\/2025\/08\/WhatsApp-Image-2025-08-29-at-10.29.10-AM-1-728x1030.jpeg 728w, https:\/\/www.galbanatvest.ro\/wp-content\/uploads\/2025\/08\/WhatsApp-Image-2025-08-29-at-10.29.10-AM-1-212x300.jpeg 212w, https:\/\/www.galbanatvest.ro\/wp-content\/uploads\/2025\/08\/WhatsApp-Image-2025-08-29-at-10.29.10-AM-1-768x1086.jpeg 768w, https:\/\/www.galbanatvest.ro\/wp-content\/uploads\/2025\/08\/WhatsApp-Image-2025-08-29-at-10.29.10-AM-1-1086x1536.jpeg 1086w, https:\/\/www.galbanatvest.ro\/wp-content\/uploads\/2025\/08\/WhatsApp-Image-2025-08-29-at-10.29.10-AM-1-1060x1500.jpeg 1060w, https:\/\/www.galbanatvest.ro\/wp-content\/uploads\/2025\/08\/WhatsApp-Image-2025-08-29-at-10.29.10-AM-1-498x705.jpeg 498w, https:\/\/www.galbanatvest.ro\/wp-content\/uploads\/2025\/08\/WhatsApp-Image-2025-08-29-at-10.29.10-AM-1-450x637.jpeg 450w, https:\/\/www.galbanatvest.ro\/wp-content\/uploads\/2025\/08\/WhatsApp-Image-2025-08-29-at-10.29.10-AM-1.jpeg 1131w\" sizes=\"auto, (max-width: 728px) 100vw, 728px\" \/><\/a><\/figure>\n\n\n\n<figure class=\"wp-block-image size-large\"><a href=\"https:\/\/www.galbanatvest.ro\/wp-content\/uploads\/2025\/08\/WhatsApp-Image-2025-08-29-at-10.29.11-AM-1.jpeg\"><img loading=\"lazy\" decoding=\"async\" width=\"728\" height=\"1030\" data-id=\"7665\" src=\"https:\/\/www.galbanatvest.ro\/wp-content\/uploads\/2025\/08\/WhatsApp-Image-2025-08-29-at-10.29.11-AM-1-728x1030.jpeg\" alt=\"\" class=\"wp-image-7665\" srcset=\"https:\/\/www.galbanatvest.ro\/wp-content\/uploads\/2025\/08\/WhatsApp-Image-2025-08-29-at-10.29.11-AM-1-728x1030.jpeg 728w, https:\/\/www.galbanatvest.ro\/wp-content\/uploads\/2025\/08\/WhatsApp-Image-2025-08-29-at-10.29.11-AM-1-212x300.jpeg 212w, https:\/\/www.galbanatvest.ro\/wp-content\/uploads\/2025\/08\/WhatsApp-Image-2025-08-29-at-10.29.11-AM-1-768x1086.jpeg 768w, https:\/\/www.galbanatvest.ro\/wp-content\/uploads\/2025\/08\/WhatsApp-Image-2025-08-29-at-10.29.11-AM-1-1086x1536.jpeg 1086w, https:\/\/www.galbanatvest.ro\/wp-content\/uploads\/2025\/08\/WhatsApp-Image-2025-08-29-at-10.29.11-AM-1-1060x1500.jpeg 1060w, https:\/\/www.galbanatvest.ro\/wp-content\/uploads\/2025\/08\/WhatsApp-Image-2025-08-29-at-10.29.11-AM-1-498x705.jpeg 498w, https:\/\/www.galbanatvest.ro\/wp-content\/uploads\/2025\/08\/WhatsApp-Image-2025-08-29-at-10.29.11-AM-1-450x637.jpeg 450w, https:\/\/www.galbanatvest.ro\/wp-content\/uploads\/2025\/08\/WhatsApp-Image-2025-08-29-at-10.29.11-AM-1.jpeg 1131w\" sizes=\"auto, (max-width: 728px) 100vw, 728px\" \/><\/a><\/figure>\n\n\n\n<figure class=\"wp-block-image size-large\"><a href=\"https:\/\/www.galbanatvest.ro\/wp-content\/uploads\/2025\/08\/WhatsApp-Image-2025-08-29-at-10.29.10-AM-2.jpeg\"><img loading=\"lazy\" decoding=\"async\" width=\"728\" height=\"1030\" data-id=\"7674\" src=\"https:\/\/www.galbanatvest.ro\/wp-content\/uploads\/2025\/08\/WhatsApp-Image-2025-08-29-at-10.29.10-AM-2-728x1030.jpeg\" alt=\"\" class=\"wp-image-7674\" srcset=\"https:\/\/www.galbanatvest.ro\/wp-content\/uploads\/2025\/08\/WhatsApp-Image-2025-08-29-at-10.29.10-AM-2-728x1030.jpeg 728w, https:\/\/www.galbanatvest.ro\/wp-content\/uploads\/2025\/08\/WhatsApp-Image-2025-08-29-at-10.29.10-AM-2-212x300.jpeg 212w, https:\/\/www.galbanatvest.ro\/wp-content\/uploads\/2025\/08\/WhatsApp-Image-2025-08-29-at-10.29.10-AM-2-768x1086.jpeg 768w, https:\/\/www.galbanatvest.ro\/wp-content\/uploads\/2025\/08\/WhatsApp-Image-2025-08-29-at-10.29.10-AM-2-1086x1536.jpeg 1086w, https:\/\/www.galbanatvest.ro\/wp-content\/uploads\/2025\/08\/WhatsApp-Image-2025-08-29-at-10.29.10-AM-2-1060x1500.jpeg 1060w, https:\/\/www.galbanatvest.ro\/wp-content\/uploads\/2025\/08\/WhatsApp-Image-2025-08-29-at-10.29.10-AM-2-498x705.jpeg 498w, https:\/\/www.galbanatvest.ro\/wp-content\/uploads\/2025\/08\/WhatsApp-Image-2025-08-29-at-10.29.10-AM-2-450x637.jpeg 450w, https:\/\/www.galbanatvest.ro\/wp-content\/uploads\/2025\/08\/WhatsApp-Image-2025-08-29-at-10.29.10-AM-2.jpeg 1131w\" sizes=\"auto, (max-width: 728px) 100vw, 728px\" \/><\/a><\/figure>\n\n\n\n<figure class=\"wp-block-image size-large\"><a href=\"https:\/\/www.galbanatvest.ro\/wp-content\/uploads\/2025\/08\/WhatsApp-Image-2025-08-29-at-10.29.10-AM.jpeg\"><img loading=\"lazy\" decoding=\"async\" width=\"728\" height=\"1030\" data-id=\"7670\" src=\"https:\/\/www.galbanatvest.ro\/wp-content\/uploads\/2025\/08\/WhatsApp-Image-2025-08-29-at-10.29.10-AM-728x1030.jpeg\" alt=\"\" class=\"wp-image-7670\" srcset=\"https:\/\/www.galbanatvest.ro\/wp-content\/uploads\/2025\/08\/WhatsApp-Image-2025-08-29-at-10.29.10-AM-728x1030.jpeg 728w, https:\/\/www.galbanatvest.ro\/wp-content\/uploads\/2025\/08\/WhatsApp-Image-2025-08-29-at-10.29.10-AM-212x300.jpeg 212w, https:\/\/www.galbanatvest.ro\/wp-content\/uploads\/2025\/08\/WhatsApp-Image-2025-08-29-at-10.29.10-AM-768x1086.jpeg 768w, https:\/\/www.galbanatvest.ro\/wp-content\/uploads\/2025\/08\/WhatsApp-Image-2025-08-29-at-10.29.10-AM-1086x1536.jpeg 1086w, https:\/\/www.galbanatvest.ro\/wp-content\/uploads\/2025\/08\/WhatsApp-Image-2025-08-29-at-10.29.10-AM-1060x1500.jpeg 1060w, https:\/\/www.galbanatvest.ro\/wp-content\/uploads\/2025\/08\/WhatsApp-Image-2025-08-29-at-10.29.10-AM-498x705.jpeg 498w, https:\/\/www.galbanatvest.ro\/wp-content\/uploads\/2025\/08\/WhatsApp-Image-2025-08-29-at-10.29.10-AM-450x637.jpeg 450w, https:\/\/www.galbanatvest.ro\/wp-content\/uploads\/2025\/08\/WhatsApp-Image-2025-08-29-at-10.29.10-AM.jpeg 1131w\" sizes=\"auto, (max-width: 728px) 100vw, 728px\" \/><\/a><\/figure>\n\n\n\n<figure class=\"wp-block-image size-large\"><a href=\"https:\/\/www.galbanatvest.ro\/wp-content\/uploads\/2025\/08\/WhatsApp-Image-2025-08-29-at-10.29.08-AM.jpeg\"><img loading=\"lazy\" decoding=\"async\" width=\"728\" height=\"1030\" data-id=\"7673\" src=\"https:\/\/www.galbanatvest.ro\/wp-content\/uploads\/2025\/08\/WhatsApp-Image-2025-08-29-at-10.29.08-AM-728x1030.jpeg\" alt=\"\" class=\"wp-image-7673\" srcset=\"https:\/\/www.galbanatvest.ro\/wp-content\/uploads\/2025\/08\/WhatsApp-Image-2025-08-29-at-10.29.08-AM-728x1030.jpeg 728w, https:\/\/www.galbanatvest.ro\/wp-content\/uploads\/2025\/08\/WhatsApp-Image-2025-08-29-at-10.29.08-AM-212x300.jpeg 212w, https:\/\/www.galbanatvest.ro\/wp-content\/uploads\/2025\/08\/WhatsApp-Image-2025-08-29-at-10.29.08-AM-768x1086.jpeg 768w, https:\/\/www.galbanatvest.ro\/wp-content\/uploads\/2025\/08\/WhatsApp-Image-2025-08-29-at-10.29.08-AM-1086x1536.jpeg 1086w, https:\/\/www.galbanatvest.ro\/wp-content\/uploads\/2025\/08\/WhatsApp-Image-2025-08-29-at-10.29.08-AM-1060x1500.jpeg 1060w, https:\/\/www.galbanatvest.ro\/wp-content\/uploads\/2025\/08\/WhatsApp-Image-2025-08-29-at-10.29.08-AM-498x705.jpeg 498w, https:\/\/www.galbanatvest.ro\/wp-content\/uploads\/2025\/08\/WhatsApp-Image-2025-08-29-at-10.29.08-AM-450x637.jpeg 450w, https:\/\/www.galbanatvest.ro\/wp-content\/uploads\/2025\/08\/WhatsApp-Image-2025-08-29-at-10.29.08-AM.jpeg 1131w\" sizes=\"auto, (max-width: 728px) 100vw, 728px\" \/><\/a><\/figure>\n<\/figure>\n<\/div><\/div>\n\n\n\n<div style=\"height:100px\" aria-hidden=\"true\" class=\"wp-block-spacer\"><\/div>\n\n\n\n<h3 class=\"wp-block-heading has-text-align-center\"><mark style=\"background-color:rgba(0, 0, 0, 0)\" class=\"has-inline-color has-black-color\"><strong>&#8222;Oportunit\u0103\u021bi pentru tineri \u0219i comunitate&#8221;<\/strong><\/mark><\/h3>\n\n\n\n<div style=\"height:100px\" aria-hidden=\"true\" class=\"wp-block-spacer\"><\/div>\n\n\n\n<p class=\"has-text-align-center\">Asocia\u021bia \u201eGrup de Ac\u021biune Local\u0103 Banat-Vest\u201d are pl\u0103cerea de a anun\u021ba lansarea unui nou program de promovare a voluntariatului prin Corpul European de Solidaritate, finan\u021bat de Uniunea European\u0103. Acest  program aduce \u00een prim-plan implicarea tinerilor din comunitatea noastr\u0103 \u0219i din str\u0103in\u0103tate \u00een activit\u0103\u021bi menite s\u0103 \u00eembun\u0103t\u0103\u021beasc\u0103 via\u021ba \u00een teritoriul Banat-Vest.<\/p>\n\n\n\n<p><\/p>\n\n\n\n<p class=\"has-text-align-center\">Anual, vom aduce \u00een comunit\u0103\u021bile noastre voluntari, rom\u00e2ni \u0219i interna\u021bionali, at\u00e2t pe termen lung (12 luni), c\u00e2t \u0219i pe termen scurt (2 luni). Scopul principal al programului este de a crea un mediu educativ \u0219i cultural mai atractiv pentru copii \u0219i tineri, promov\u00e2nd totodat\u0103 voluntariatul \u0219i implicarea civic\u0103.<\/p>\n\n\n\n<div style=\"height:100px\" aria-hidden=\"true\" class=\"wp-block-spacer\"><\/div>\n\n\n\n<div class=\"wp-block-buttons is-content-justification-center is-layout-flex wp-container-core-buttons-is-layout-16018d1d wp-block-buttons-is-layout-flex\">\n<div class=\"wp-block-button is-style-outline is-style-outline--2\"><a class=\"wp-block-button__link has-text-align-center wp-element-button\" href=\"https:\/\/www.galbanatvest.ro\/wp-content\/uploads\/2024\/10\/ESC-pentru-site-varianta-2.pdf\"><strong>Detalii program \u0219i activit\u0103\u021bi<\/strong><\/a><\/div>\n<\/div>\n\n\n\n<div style=\"height:100px\" aria-hidden=\"true\" class=\"wp-block-spacer\"><\/div>\n\n\n\n<p><\/p>\n\n\n\n<div class=\"wp-block-buttons is-content-justification-center is-layout-flex wp-container-core-buttons-is-layout-16018d1d wp-block-buttons-is-layout-flex\">\n<div class=\"wp-block-button is-style-outline is-style-outline--3\"><a class=\"wp-block-button__link wp-element-button\" href=\"https:\/\/www.galbanatvest.ro\/wp-content\/uploads\/2024\/10\/ESC-Info-Pack-long-term-Call-For-Volunteer.pdf\"><strong>ESC Info Pack 2024-2025<\/strong><\/a><\/div>\n<\/div>\n\n\n\n<p><\/p>\n","protected":false},"excerpt":{"rendered":"<p>European Solidarity Corps Programul de promovare a voluntariatului implementat de Asocia\u021bia &#8222;Grup de Ac\u021biune Local\u0103 Banat-Vest\u201d \u00een perioada 2024-2027 &#8222;Oportunit\u0103\u021bi pentru tineri \u0219i comunitate&#8221; Asocia\u021bia \u201eGrup de Ac\u021biune Local\u0103 Banat-Vest\u201d are pl\u0103cerea de a anun\u021ba lansarea unui nou program de promovare a voluntariatului prin Corpul European de Solidaritate, finan\u021bat de Uniunea European\u0103. Acest program aduce [&hellip;]<\/p>\n","protected":false},"author":1,"featured_media":0,"parent":0,"menu_order":0,"comment_status":"closed","ping_status":"closed","template":"","meta":{"_bbp_topic_count":0,"_bbp_reply_count":0,"_bbp_total_topic_count":0,"_bbp_total_reply_count":0,"_bbp_voice_count":0,"_bbp_anonymous_reply_count":0,"_bbp_topic_count_hidden":0,"_bbp_reply_count_hidden":0,"_bbp_forum_subforum_count":0,"footnotes":""},"class_list":["post-6961","page","type-page","status-publish","hentry"],"_links":{"self":[{"href":"https:\/\/www.galbanatvest.ro\/index.php?rest_route=\/wp\/v2\/pages\/6961","targetHints":{"allow":["GET"]}}],"collection":[{"href":"https:\/\/www.galbanatvest.ro\/index.php?rest_route=\/wp\/v2\/pages"}],"about":[{"href":"https:\/\/www.galbanatvest.ro\/index.php?rest_route=\/wp\/v2\/types\/page"}],"author":[{"embeddable":true,"href":"https:\/\/www.galbanatvest.ro\/index.php?rest_route=\/wp\/v2\/users\/1"}],"replies":[{"embeddable":true,"href":"https:\/\/www.galbanatvest.ro\/index.php?rest_route=%2Fwp%2Fv2%2Fcomments&post=6961"}],"version-history":[{"count":29,"href":"https:\/\/www.galbanatvest.ro\/index.php?rest_route=\/wp\/v2\/pages\/6961\/revisions"}],"predecessor-version":[{"id":7682,"href":"https:\/\/www.galbanatvest.ro\/index.php?rest_route=\/wp\/v2\/pages\/6961\/revisions\/7682"}],"wp:attachment":[{"href":"https:\/\/www.galbanatvest.ro\/index.php?rest_route=%2Fwp%2Fv2%2Fmedia&parent=6961"}],"curies":[{"name":"wp","href":"https:\/\/api.w.org\/{rel}","templated":true}]}}