{"id":6088,"date":"2021-06-07T17:59:01","date_gmt":"2021-06-07T14:59:01","guid":{"rendered":"http:\/\/www.galbanatvest.ro\/?page_id=6088"},"modified":"2021-06-07T17:59:38","modified_gmt":"2021-06-07T14:59:38","slug":"2021-2","status":"publish","type":"page","link":"https:\/\/www.galbanatvest.ro\/?page_id=6088","title":{"rendered":"2021"},"content":{"rendered":"\n<p class=\"has-text-align-center\"><strong>ANUN\u021a DE PRELUNGIRE<\/strong><\/p>\n\n\n\n<p class=\"has-text-align-center\"><strong>SESIUNE DE DEPUNERE CERERI DE FINAN\u021aARE<\/strong><\/p>\n\n\n\n<p class=\"has-text-align-center\"><strong>pentru <\/strong><a><strong>M\u0103sura 1\/1A \u2013 <\/strong><\/a><a><strong>\u201e<\/strong><\/a><strong>Cooperarea \u00een scopul cre\u0103rii de forme asociative<\/strong><\/p>\n\n\n\n<p class=\"has-text-align-center\"><strong>pentru diversificarea activit\u0103\u021bilor rurale<\/strong><strong>\u201d<\/strong><\/p>\n\n\n\n<p class=\"has-text-align-left\">Asocia\u021bia Grup de Ac\u021biune Local\u0103 Banat-Vest anun\u021b\u0103 <strong>PRELUNGIREA APELULUI DE SELEC\u021aIE<\/strong>, din perioada <strong>22.03.2021-07.06.2021<\/strong><strong> <\/strong>a sesiunii de primire a cererilor de finan\u021bare pentru <strong>M\u0103sura 1\/1A \u2013 \u201e<\/strong><strong>Cooperarea \u00een scopul cre\u0103rii de forme asociative pentru diversificarea activit\u0103\u021bilor rurale<\/strong><strong>\u201d<\/strong><strong>, AV\u00c2ND CA TERMEN FINAL DE DEPUNERE A PROIECTELOR DATA DE 30.09.2021, ora 14<sup>00<\/sup>.<\/strong><strong><\/strong><\/p>\n\n\n\n<p class=\"has-text-align-left\"><strong><u>Data public\u0103rii:<\/u><\/strong> <strong>07.06.2021<\/strong><\/p>\n\n\n\n<p class=\"has-text-align-left\"><strong><u>Num\u0103rul de referin\u021b\u0103 al sesiunii cererii de proiecte:<\/u><\/strong> <strong>05\/1\/1A\/22.03.2021-30.09.2021<\/strong><strong><\/strong><\/p>\n\n\n\n<p class=\"has-text-align-left\"><strong><u>Termenul limit\u0103 de depunere a proiectelor:<\/u><\/strong><strong> <\/strong><strong>30.09.2021<\/strong><strong>, ora <\/strong><strong>14<sup>00<\/sup><\/strong><strong><\/strong><\/p>\n\n\n\n<p class=\"has-text-align-left\"><strong>Anun\u0163area rezultatelor <\/strong>pentru cererile de finan\u021bare depuse \u00een cadrul acestei sesiuni se va face dup\u0103 aprobarea Raportului de Selec\u021bie de c\u0103tre Comitetul de Selec\u021bie a Proiectelor. GAL Banat-Vest va notifica \u00een scris \u0219i prin intermediul paginii de internet <strong>www.galbanatvest.ro <\/strong>pe to\u021bi solicitan\u021bii privind rezultatul evalu\u0103rilor cererilor de finan\u021bare depuse de c\u0103tre ace\u0219tia.<\/p>\n\n\n\n<p class=\"has-text-align-left\"><strong>IMPORTANT! Condi<\/strong>\u021b<strong>iile referitoare la depunerea \u0219i con\u021binutul cererilor de finan<\/strong>\u021b<strong>are r\u0103m\u00e2n neschimbate!<\/strong><\/p>\n\n\n\n<p class=\"has-text-align-left\"><strong><u>Informa\u021bii detaliate<\/u><\/strong><strong> <\/strong>privind accesarea \u0219i derularea m\u0103surii sunt cuprinse \u00een \u201cGhidul solicitantului\u201d elaborat de GAL pentru m\u0103sura M\u0103sura 1\/1A \u2013 \u201eCooperarea \u00een scopul cre\u0103rii de forme asociative pentru diversificarea activit\u0103\u021bilor rurale\u201d, postat pe pagina de internet a GAL Banat-Vest: <a href=\"http:\/\/www.galbanatvest.ro\">www.galbanatvest.ro<\/a> la sec\u021biunea Finan\u021b\u0103ri.<\/p>\n\n\n\n<p class=\"has-text-align-left\"><strong><u>Date de contact<\/u><\/strong><strong> <\/strong>unde solicitan\u021bii pot ob\u021bine informa\u021bii suplimentare.<\/p>\n\n\n\n<p class=\"has-text-align-left\">Solicita\u021bii pot ob\u021bine informa\u021bii suplimentare, de luni p\u00e2n\u0103 vineri, \u00eentre orele 10<sup>00<\/sup>-16<sup>00<\/sup> la sediul <strong>GAL Banat-Vest <\/strong>dinorasul Jimbolia, Str. \u0218tefan cel Mare, nr.9, 305400, jud. Timi\u0219, Tel\/Fax: 004 0256 360078 sau 0736.618.197, e-mail: <a href=\"mailto:gal.banat_vest@yahoo.ro\">gal.banat_vest@yahoo.ro<\/a>, Web: www.galbanatvest.ro<\/p>\n\n\n\n<p class=\"has-text-align-left\"><strong><u>Pentru consultare<\/u> <\/strong>punem la dispozi\u021bia solicitan\u021bilor, la sediul GAL Banat-Vest, o versiune pe suport tip\u0103rit a informa\u021biilor detaliate aferente m\u0103surii lansate.<\/p>\n","protected":false},"excerpt":{"rendered":"<p>ANUN\u021a DE PRELUNGIRE SESIUNE DE DEPUNERE CERERI DE FINAN\u021aARE pentru M\u0103sura 1\/1A \u2013 \u201eCooperarea \u00een scopul cre\u0103rii de forme asociative pentru diversificarea activit\u0103\u021bilor rurale\u201d Asocia\u021bia Grup de Ac\u021biune Local\u0103 Banat-Vest anun\u021b\u0103 PRELUNGIREA APELULUI DE SELEC\u021aIE, din perioada 22.03.2021-07.06.2021 a sesiunii de primire a cererilor de finan\u021bare pentru M\u0103sura 1\/1A \u2013 \u201eCooperarea \u00een scopul cre\u0103rii de [&hellip;]<\/p>\n","protected":false},"author":1,"featured_media":0,"parent":0,"menu_order":0,"comment_status":"closed","ping_status":"closed","template":"","meta":{"_bbp_topic_count":0,"_bbp_reply_count":0,"_bbp_total_topic_count":0,"_bbp_total_reply_count":0,"_bbp_voice_count":0,"_bbp_anonymous_reply_count":0,"_bbp_topic_count_hidden":0,"_bbp_reply_count_hidden":0,"_bbp_forum_subforum_count":0,"footnotes":""},"class_list":["post-6088","page","type-page","status-publish","hentry"],"_links":{"self":[{"href":"https:\/\/www.galbanatvest.ro\/index.php?rest_route=\/wp\/v2\/pages\/6088","targetHints":{"allow":["GET"]}}],"collection":[{"href":"https:\/\/www.galbanatvest.ro\/index.php?rest_route=\/wp\/v2\/pages"}],"about":[{"href":"https:\/\/www.galbanatvest.ro\/index.php?rest_route=\/wp\/v2\/types\/page"}],"author":[{"embeddable":true,"href":"https:\/\/www.galbanatvest.ro\/index.php?rest_route=\/wp\/v2\/users\/1"}],"replies":[{"embeddable":true,"href":"https:\/\/www.galbanatvest.ro\/index.php?rest_route=%2Fwp%2Fv2%2Fcomments&post=6088"}],"version-history":[{"count":1,"href":"https:\/\/www.galbanatvest.ro\/index.php?rest_route=\/wp\/v2\/pages\/6088\/revisions"}],"predecessor-version":[{"id":6089,"href":"https:\/\/www.galbanatvest.ro\/index.php?rest_route=\/wp\/v2\/pages\/6088\/revisions\/6089"}],"wp:attachment":[{"href":"https:\/\/www.galbanatvest.ro\/index.php?rest_route=%2Fwp%2Fv2%2Fmedia&parent=6088"}],"curies":[{"name":"wp","href":"https:\/\/api.w.org\/{rel}","templated":true}]}}