{"id":5410,"date":"2018-06-20T10:31:19","date_gmt":"2018-06-20T07:31:19","guid":{"rendered":"http:\/\/www.galbanatvest.ro\/?page_id=5410"},"modified":"2024-11-12T10:23:11","modified_gmt":"2024-11-12T08:23:11","slug":"regulamente-gal-banat-vest","status":"publish","type":"page","link":"https:\/\/www.galbanatvest.ro\/?page_id=5410","title":{"rendered":"PROCEDURI \u0218I REGULAMENTE GAL BANAT-VEST"},"content":{"rendered":"<div class=\"flex_column av_one_full  flex_column_div av-zero-column-padding first  \" style='border-radius:0px; '><p><div style='padding-bottom:10px;' class='av-special-heading av-special-heading-h3 meta-heading blockquote modern-quote modern-centered  '><h3 class='av-special-heading-tag '  itemprop=\"headline\"  >Declara\u021bie cu privire la z\u0103d\u0103rnicirea combaterii bolilor, \u00een contextul pandemiei de COVID-19<\/h3><div class='special-heading-border'><div class='special-heading-inner-border' ><\/div><\/div><\/div><br \/>\n<div class='avia-button-wrap avia-button-center '><a href='http:\/\/www.galbanatvest.ro\/wp-content\/uploads\/2021\/03\/DECLARA\u021aIE-cu-privire-la-z\u0103d\u0103rnicirea-combaterii-bolilor-\u00een-contextul-pandemiei-de-COVID-19.pdf' class='avia-button   avia-icon_select-yes-left-icon avia-color-green avia-size-small avia-position-center '  target=\"_blank\"   ><span class='avia_button_icon avia_button_icon_left ' aria-hidden='true' data-av_icon='\ue887' data-av_iconfont='entypo-fontello'><\/span><span class='avia_iconbox_title' >Descarc\u0103 document<\/span><\/a><\/div><\/p><\/div>\n<div class=\"flex_column av_one_full  flex_column_div av-zero-column-padding first  \" style='border-radius:0px; '><p><div style='padding-bottom:10px;' class='av-special-heading av-special-heading-h3 meta-heading blockquote modern-quote modern-centered   '><h3 class='av-special-heading-tag '  itemprop=\"headline\"  >Regulament de organizare \u0219i func\u021bionare (ROF)<\/h3><div class='special-heading-border'><div class='special-heading-inner-border' ><\/div><\/div><\/div><br \/>\n<div class='avia-button-wrap avia-button-center '><a href='http:\/\/www.galbanatvest.ro\/wp-content\/uploads\/2018\/06\/ROF-GAL-Banat-Vest.pdf' class='avia-button   avia-icon_select-yes-left-icon avia-color-green avia-size-small avia-position-center '  target=\"_blank\"   ><span class='avia_button_icon avia_button_icon_left ' aria-hidden='true' data-av_icon='\ue887' data-av_iconfont='entypo-fontello'><\/span><span class='avia_iconbox_title' >Versiunea 1<\/span><\/a><\/div><\/p><\/div>\n<div class=\"flex_column av_one_full  flex_column_div av-zero-column-padding first  \" style='border-radius:0px; '><p><div style='padding-bottom:10px;' class='av-special-heading av-special-heading-h3 meta-heading blockquote modern-quote modern-centered   '><h3 class='av-special-heading-tag '  itemprop=\"headline\"  >Regulament de ordine interioar\u0103 (ROI)<\/h3><div class='special-heading-border'><div class='special-heading-inner-border' ><\/div><\/div><\/div><br \/>\n<div class='avia-button-wrap avia-button-center '><a href='http:\/\/www.galbanatvest.ro\/wp-content\/uploads\/2018\/06\/ROI-GAL-Banat-Vest.pdf' class='avia-button   avia-icon_select-yes-left-icon avia-color-green avia-size-small avia-position-center '  target=\"_blank\"   ><span class='avia_button_icon avia_button_icon_left ' aria-hidden='true' data-av_icon='\ue887' data-av_iconfont='entypo-fontello'><\/span><span class='avia_iconbox_title' >Versiunea 1<\/span><\/a><\/div><\/p><\/div>\n<div class=\"flex_column av_one_full  flex_column_div av-zero-column-padding first  \" style='border-radius:0px; '><p><div style='padding-bottom:10px;' class='av-special-heading av-special-heading-h3 meta-heading blockquote modern-quote modern-centered   '><h3 class='av-special-heading-tag '  itemprop=\"headline\"  >Manual de procedur\u0103 evaluare \u0219i selec\u021bie proiecte<\/h3><div class='special-heading-border'><div class='special-heading-inner-border' ><\/div><\/div><\/div><br \/>\n<div class='avia-button-wrap avia-button-center '><a href='http:\/\/www.galbanatvest.ro\/wp-content\/uploads\/2020\/06\/MANUAL-DE-PROCEDURA-EVALUARE-SI-SELECTIE-PROIECTE-Versiunea-1.pdf' class='avia-button   avia-icon_select-yes-left-icon avia-color-green avia-size-small avia-position-center '  target=\"_blank\"   ><span class='avia_button_icon avia_button_icon_left ' aria-hidden='true' data-av_icon='\ue887' data-av_iconfont='entypo-fontello'><\/span><span class='avia_iconbox_title' >Versiunea 1<\/span><\/a><\/div><br \/>\n<div class='avia-button-wrap avia-button-center '><a href='http:\/\/www.galbanatvest.ro\/wp-content\/uploads\/2021\/03\/V-3-Manual-procedura-evaluare-si-selectie-proiecte-GAL-BV-SDL-2014_2020.pdf' class='avia-button   avia-icon_select-yes-left-icon avia-color-green avia-size-small avia-position-center '  target=\"_blank\"   ><span class='avia_button_icon avia_button_icon_left ' aria-hidden='true' data-av_icon='\ue887' data-av_iconfont='entypo-fontello'><\/span><span class='avia_iconbox_title' >Versiunea 2<\/span><\/a><\/div><\/p><\/div>\n<div class=\"flex_column av_one_full  flex_column_div av-zero-column-padding first  \" style='border-radius:0px; '><p><div style='padding-bottom:10px;' class='av-special-heading av-special-heading-h3 meta-heading blockquote modern-quote modern-centered   '><h3 class='av-special-heading-tag '  itemprop=\"headline\"  >Procedura de conformitate cereri de plat\u0103<\/h3><div class='special-heading-border'><div class='special-heading-inner-border' ><\/div><\/div><\/div><br \/>\n<div class='avia-button-wrap avia-button-center '><a href='http:\/\/www.galbanatvest.ro\/wp-content\/uploads\/2020\/06\/Procedura-de-conformitate-Cereri-de-Plata.pdf' class='avia-button   avia-icon_select-yes-left-icon avia-color-green avia-size-small avia-position-center '  target=\"_blank\"   ><span class='avia_button_icon avia_button_icon_left ' aria-hidden='true' data-av_icon='\ue887' data-av_iconfont='entypo-fontello'><\/span><span class='avia_iconbox_title' >Versiunea 1<\/span><\/a><\/div><br \/>\n<div class='avia-button-wrap avia-button-center '><a href='http:\/\/www.galbanatvest.ro\/wp-content\/uploads\/2021\/03\/Procedur\u0103-de-evaluare-a-DCP-V-II-parte-I.pdf' class='avia-button   avia-icon_select-yes-left-icon avia-color-green avia-size-small avia-position-center '  target=\"_blank\"   ><span class='avia_button_icon avia_button_icon_left ' aria-hidden='true' data-av_icon='\ue887' data-av_iconfont='entypo-fontello'><\/span><span class='avia_iconbox_title' >Versiunea 2 - partea I<\/span><\/a><\/div><br \/>\n<div class='avia-button-wrap avia-button-center '><a href='http:\/\/www.galbanatvest.ro\/wp-content\/uploads\/2021\/03\/Procedur\u0103-de-evaluare-a-DCP-V-II-parte-II.pdf' class='avia-button   avia-icon_select-yes-left-icon avia-color-green avia-size-small avia-position-center '  target=\"_blank\"   ><span class='avia_button_icon avia_button_icon_left ' aria-hidden='true' data-av_icon='\ue887' data-av_iconfont='entypo-fontello'><\/span><span class='avia_iconbox_title' >Versiunea 2 - partea II<\/span><\/a><\/div><\/p><\/div>\n<div class=\"flex_column av_one_full  flex_column_div av-zero-column-padding first  \" style='border-radius:0px; '><p><div style='padding-bottom:10px;' class='av-special-heading av-special-heading-h3 meta-heading blockquote modern-quote modern-centered   '><h3 class='av-special-heading-tag '  itemprop=\"headline\"  >Procedura de monitorizare proiecte<\/h3><div class='special-heading-border'><div class='special-heading-inner-border' ><\/div><\/div><\/div><br \/>\n<div class='avia-button-wrap avia-button-center '><a href='http:\/\/www.galbanatvest.ro\/wp-content\/uploads\/2020\/06\/Procedur\u0103-de-monitorizare-M.pdf' class='avia-button   avia-icon_select-yes-left-icon avia-color-green avia-size-small avia-position-center '  target=\"_blank\"   ><span class='avia_button_icon avia_button_icon_left ' aria-hidden='true' data-av_icon='\ue887' data-av_iconfont='entypo-fontello'><\/span><span class='avia_iconbox_title' >Versiunea 1<\/span><\/a><\/div><br \/>\n<div class='avia-button-wrap avia-button-center '><a href='http:\/\/www.galbanatvest.ro\/wp-content\/uploads\/2021\/03\/Procedur\u0103-de-monitorizare-versiunea-II.pdf' class='avia-button   avia-icon_select-yes-left-icon avia-color-green avia-size-small avia-position-center '  target=\"_blank\"   ><span class='avia_button_icon avia_button_icon_left ' aria-hidden='true' data-av_icon='\ue887' data-av_iconfont='entypo-fontello'><\/span><span class='avia_iconbox_title' >Versiunea 2<\/span><\/a><\/div><br \/>\n<div class='avia-button-wrap avia-button-center '><a href='http:\/\/www.galbanatvest.ro\/wp-content\/uploads\/2020\/06\/Anexa-1.-NOTIFICARE.pdf' class='avia-button   avia-icon_select-yes-left-icon avia-color-green avia-size-small avia-position-center '  target=\"_blank\"   ><span class='avia_button_icon avia_button_icon_left ' aria-hidden='true' data-av_icon='\ue887' data-av_iconfont='entypo-fontello'><\/span><span class='avia_iconbox_title' >Anexa 1 - Notificare beneficiar<\/span><\/a><\/div><br \/>\n<div class='avia-button-wrap avia-button-center '><a href='http:\/\/www.galbanatvest.ro\/wp-content\/uploads\/2020\/06\/Anexa-2.-RAPORT-DE-MONITORIZARE.pdf' class='avia-button   avia-icon_select-yes-left-icon avia-color-green avia-size-small avia-position-center '  target=\"_blank\"   ><span class='avia_button_icon avia_button_icon_left ' aria-hidden='true' data-av_icon='\ue887' data-av_iconfont='entypo-fontello'><\/span><span class='avia_iconbox_title' >Anexa 2 - Raport de monitorizare<\/span><\/a><\/div><\/p><\/div>\n<div class=\"flex_column av_one_full  flex_column_div av-zero-column-padding first  \" style='border-radius:0px; '><p><div style='padding-bottom:10px;' class='av-special-heading av-special-heading-h3 meta-heading blockquote modern-quote modern-centered   '><h3 class='av-special-heading-tag '  itemprop=\"headline\"  >Regulament de organizare \u0219i functionare a CSP \u0219i a CC<\/h3><div class='special-heading-border'><div class='special-heading-inner-border' ><\/div><\/div><\/div><br \/>\n<div class='avia-button-wrap avia-button-center '><a href='http:\/\/www.galbanatvest.ro\/wp-content\/uploads\/2020\/06\/REGULAMENT-DE-ORGANIZARE-SI-FUNCTIONARE-A-CSP-SI-A-CC-Versiunea-1.pdf' class='avia-button   avia-icon_select-yes-left-icon avia-color-green avia-size-small avia-position-center '  target=\"_blank\"   ><span class='avia_button_icon avia_button_icon_left ' aria-hidden='true' data-av_icon='\ue887' data-av_iconfont='entypo-fontello'><\/span><span class='avia_iconbox_title' >Versiunea 1<\/span><\/a><\/div><br \/>\n<div class='avia-button-wrap avia-button-center '><a href='http:\/\/www.galbanatvest.ro\/wp-content\/uploads\/2021\/03\/ROF-CSP-\u0219i-CC-varianta-02.pdf' class='avia-button   avia-icon_select-yes-left-icon avia-color-green avia-size-small avia-position-center '  target=\"_blank\"   ><span class='avia_button_icon avia_button_icon_left ' aria-hidden='true' data-av_icon='\ue887' data-av_iconfont='entypo-fontello'><\/span><span class='avia_iconbox_title' >Versiunea 2<\/span><\/a><\/div><br \/>\n<div class='avia-button-wrap avia-button-center '><a href='http:\/\/www.galbanatvest.ro\/wp-content\/uploads\/2021\/03\/ROF-CSP-\u0219i-CC-versiunea-III.pdf' class='avia-button   avia-icon_select-yes-left-icon avia-color-green avia-size-small avia-position-center '  target=\"_blank\"   ><span class='avia_button_icon avia_button_icon_left ' aria-hidden='true' data-av_icon='\ue887' data-av_iconfont='entypo-fontello'><\/span><span class='avia_iconbox_title' >Versiunea 3<\/span><\/a><\/div><\/p><\/div>\n","protected":false},"excerpt":{"rendered":"","protected":false},"author":1,"featured_media":0,"parent":0,"menu_order":0,"comment_status":"closed","ping_status":"closed","template":"","meta":{"_bbp_topic_count":0,"_bbp_reply_count":0,"_bbp_total_topic_count":0,"_bbp_total_reply_count":0,"_bbp_voice_count":0,"_bbp_anonymous_reply_count":0,"_bbp_topic_count_hidden":0,"_bbp_reply_count_hidden":0,"_bbp_forum_subforum_count":0,"footnotes":""},"class_list":["post-5410","page","type-page","status-publish","hentry"],"_links":{"self":[{"href":"https:\/\/www.galbanatvest.ro\/index.php?rest_route=\/wp\/v2\/pages\/5410","targetHints":{"allow":["GET"]}}],"collection":[{"href":"https:\/\/www.galbanatvest.ro\/index.php?rest_route=\/wp\/v2\/pages"}],"about":[{"href":"https:\/\/www.galbanatvest.ro\/index.php?rest_route=\/wp\/v2\/types\/page"}],"author":[{"embeddable":true,"href":"https:\/\/www.galbanatvest.ro\/index.php?rest_route=\/wp\/v2\/users\/1"}],"replies":[{"embeddable":true,"href":"https:\/\/www.galbanatvest.ro\/index.php?rest_route=%2Fwp%2Fv2%2Fcomments&post=5410"}],"version-history":[{"count":20,"href":"https:\/\/www.galbanatvest.ro\/index.php?rest_route=\/wp\/v2\/pages\/5410\/revisions"}],"predecessor-version":[{"id":7145,"href":"https:\/\/www.galbanatvest.ro\/index.php?rest_route=\/wp\/v2\/pages\/5410\/revisions\/7145"}],"wp:attachment":[{"href":"https:\/\/www.galbanatvest.ro\/index.php?rest_route=%2Fwp%2Fv2%2Fmedia&parent=5410"}],"curies":[{"name":"wp","href":"https:\/\/api.w.org\/{rel}","templated":true}]}}