{"id":4880,"date":"2017-10-03T14:12:14","date_gmt":"2017-10-03T11:12:14","guid":{"rendered":"http:\/\/www.galbanatvest.ro\/?page_id=4880"},"modified":"2024-11-12T10:22:52","modified_gmt":"2024-11-12T08:22:52","slug":"proceduri","status":"publish","type":"page","link":"https:\/\/www.galbanatvest.ro\/?page_id=4880","title":{"rendered":"PROCEDURA CONFORMITATE CERERI DE PLAT\u0102 (DCP)"},"content":{"rendered":"<section class=\"av_textblock_section \"  itemscope=\"itemscope\" itemtype=\"https:\/\/schema.org\/CreativeWork\" ><div class='avia_textblock  '   itemprop=\"text\" ><h3 style=\"text-align: center;\"><span style=\"color: #003366;\">\u00a0Proceduri de evaluare a conformit\u0103\u021bii cererilor de plat\u0103 (DCP)<\/span><\/h3>\n<h3><\/h3>\n<\/div><\/section>\n<div class='avia-button-wrap avia-button-center '><a href='http:\/\/www.galbanatvest.ro\/wp-content\/uploads\/2019\/09\/Procedur\u0103-de-evaluare-a-DCP.pdf' class='avia-button   avia-icon_select-yes-left-icon avia-color-green avia-size-small avia-position-center '   ><span class='avia_button_icon avia_button_icon_left ' aria-hidden='true' data-av_icon='\ue887' data-av_iconfont='entypo-fontello'><\/span><span class='avia_iconbox_title' >Descarc\u0103 document<\/span><\/a><\/div>\n<div  class='hr hr-default  '><span class='hr-inner ' ><span class='hr-inner-style'><\/span><\/span><\/div>\n<section class=\"av_textblock_section \"  itemscope=\"itemscope\" itemtype=\"https:\/\/schema.org\/CreativeWork\" ><div class='avia_textblock  '   itemprop=\"text\" ><h3 style=\"text-align: center;\"><span style=\"color: #003366;\">Fi\u0219e de conformitate cereri de plat\u0103 &#8211; M\u0103sura M6.3\/6B &#8211; Dezvoltarea infrastructurii sociale de pe teritoriul GAL Banat-Vest<\/span><\/h3>\n<h3><\/h3>\n<\/div><\/section>\n<div class=\"flex_column av_one_third  flex_column_div av-zero-column-padding first  \" style='border-radius:0px; '><div class='avia-button-wrap avia-button-center '><a href='http:\/\/www.galbanatvest.ro\/wp-content\/uploads\/2019\/04\/Conformitate_M6.5_6B_M6.3_6B_DCP-avans.docx' class='avia-button   avia-icon_select-yes-left-icon avia-color-green avia-size-small avia-position-center '   ><span class='avia_button_icon avia_button_icon_left ' aria-hidden='true' data-av_icon='\ue887' data-av_iconfont='entypo-fontello'><\/span><span class='avia_iconbox_title' >Avans<\/span><\/a><\/div><\/div>\n<div class=\"flex_column av_one_third  flex_column_div av-zero-column-padding   \" style='border-radius:0px; '><div class='avia-button-wrap avia-button-center '><a href='http:\/\/www.galbanatvest.ro\/wp-content\/uploads\/2019\/04\/Conformitate_M6.5_6B_M6.3_6B_DCP-transa.docx' class='avia-button   avia-icon_select-yes-left-icon avia-color-green avia-size-small avia-position-center '   ><span class='avia_button_icon avia_button_icon_left ' aria-hidden='true' data-av_icon='\ue887' data-av_iconfont='entypo-fontello'><\/span><span class='avia_iconbox_title' >Tran\u0219e<\/span><\/a><\/div><\/div>\n<div class=\"flex_column av_one_third  flex_column_div av-zero-column-padding   \" style='border-radius:0px; '><div class='avia-button-wrap avia-button-center '><a href='http:\/\/www.galbanatvest.ro\/wp-content\/uploads\/2019\/04\/Conformitate_M6.5_6B_M6.3_6B_DCP-TVA.docx' class='avia-button   avia-icon_select-yes-left-icon avia-color-green avia-size-small avia-position-center '   ><span class='avia_button_icon avia_button_icon_left ' aria-hidden='true' data-av_icon='\ue887' data-av_iconfont='entypo-fontello'><\/span><span class='avia_iconbox_title' >TVA<\/span><\/a><\/div><\/div>\n<div  class='hr hr-default  '><span class='hr-inner ' ><span class='hr-inner-style'><\/span><\/span><\/div>\n<section class=\"av_textblock_section \"  itemscope=\"itemscope\" itemtype=\"https:\/\/schema.org\/CreativeWork\" ><div class='avia_textblock  '   itemprop=\"text\" ><h3 style=\"text-align: center;\"><span style=\"color: #003366;\">Fi\u0219e de conformitate cereri de plat\u0103 &#8211; M\u0103sura M6.5\/6B &#8211; Dezvoltarea localit\u0103\u021bilor apar\u021bin\u00e2nd teritoriului GAL Banat-Vest<\/span><\/h3>\n<h3 class=\"av-special-heading-tag \"><\/h3>\n<h3 style=\"text-align: center;\"><span style=\"color: #003366;\">\u00a0<\/span><\/h3>\n<\/div><\/section>\n<div class=\"flex_column av_one_third  flex_column_div av-zero-column-padding first  \" style='border-radius:0px; '><div class='avia-button-wrap avia-button-center '><a href='http:\/\/www.galbanatvest.ro\/wp-content\/uploads\/2019\/04\/Conformitate_M6.5_6B_M6.3_6B_DCP-avans.docx' class='avia-button   avia-icon_select-yes-left-icon avia-color-green avia-size-small avia-position-center '   ><span class='avia_button_icon avia_button_icon_left ' aria-hidden='true' data-av_icon='\ue887' data-av_iconfont='entypo-fontello'><\/span><span class='avia_iconbox_title' >Avans<\/span><\/a><\/div><\/div>\n<div class=\"flex_column av_one_third  flex_column_div av-zero-column-padding   \" style='border-radius:0px; '><div class='avia-button-wrap avia-button-center '><a href='http:\/\/www.galbanatvest.ro\/wp-content\/uploads\/2019\/04\/Conformitate_M6.5_6B_M6.3_6B_DCP-transa.docx' class='avia-button   avia-icon_select-yes-left-icon avia-color-green avia-size-small avia-position-center '   ><span class='avia_button_icon avia_button_icon_left ' aria-hidden='true' data-av_icon='\ue887' data-av_iconfont='entypo-fontello'><\/span><span class='avia_iconbox_title' >Tran\u0219e<\/span><\/a><\/div><\/div>\n<div class=\"flex_column av_one_third  flex_column_div av-zero-column-padding   \" style='border-radius:0px; '><div class='avia-button-wrap avia-button-center '><a href='http:\/\/www.galbanatvest.ro\/wp-content\/uploads\/2019\/04\/Conformitate_M6.5_6B_M6.3_6B_DCP-TVA.docx' class='avia-button   avia-icon_select-yes-left-icon avia-color-green avia-size-small avia-position-center '   ><span class='avia_button_icon avia_button_icon_left ' aria-hidden='true' data-av_icon='\ue887' data-av_iconfont='entypo-fontello'><\/span><span class='avia_iconbox_title' >TVA<\/span><\/a><\/div><\/div>\n<div  class='hr hr-default  '><span class='hr-inner ' ><span class='hr-inner-style'><\/span><\/span><\/div>\n<section class=\"av_textblock_section \"  itemscope=\"itemscope\" itemtype=\"https:\/\/schema.org\/CreativeWork\" ><div class='avia_textblock  '   itemprop=\"text\" ><h3 style=\"text-align: center;\"><span style=\"color: #003366;\">Fi\u0219\u0103 de conformitate cereri de plat\u0103 &#8211; M\u0103sura M2\/2B &#8211; Sprijinirea tinerilor fermieri care activeaz\u0103 \u00een sectoare agricole cu poten\u021bial local de dezvoltare\u00a0<\/span><\/h3>\n<h3><\/h3>\n<\/div><\/section>\n<div class='avia-button-wrap avia-button-center '><a href='http:\/\/www.galbanatvest.ro\/wp-content\/uploads\/2019\/04\/Fisa-de-conformitate-M2-2B.docx' class='avia-button   avia-icon_select-yes-left-icon avia-color-green avia-size-small avia-position-center '  target=\"_blank\"   ><span class='avia_button_icon avia_button_icon_left ' aria-hidden='true' data-av_icon='\ue887' data-av_iconfont='entypo-fontello'><\/span><span class='avia_iconbox_title' >Prima tran\u0219\u0103<\/span><\/a><\/div>\n<div class='avia-button-wrap avia-button-center '><a href='http:\/\/www.galbanatvest.ro\/wp-content\/uploads\/2020\/10\/Fisa-de-conformitate-M2-2B-transa-2.docx' class='avia-button   avia-icon_select-yes-left-icon avia-color-green avia-size-small avia-position-center '  target=\"_blank\"   ><span class='avia_button_icon avia_button_icon_left ' aria-hidden='true' data-av_icon='\ue887' data-av_iconfont='entypo-fontello'><\/span><span class='avia_iconbox_title' >Tran\u0219a final\u0103<\/span><\/a><\/div>\n<div  class='hr hr-default  '><span class='hr-inner ' ><span class='hr-inner-style'><\/span><\/span><\/div>\n<section class=\"av_textblock_section \"  itemscope=\"itemscope\" itemtype=\"https:\/\/schema.org\/CreativeWork\" ><div class='avia_textblock  '   itemprop=\"text\" ><h3 style=\"text-align: center;\"><span style=\"color: #003366;\">Fi\u0219\u0103 de conformitate cereri de plat\u0103 &#8211; M\u0103sura M6.2\/6A &#8211; Sprijinirea antreprenoriatului non-agricol local \u0219i inclusiv\u00a0\u00a0<\/span><\/h3>\n<h3><\/h3>\n<h3><\/h3>\n<\/div><\/section>\n<div class='avia-button-wrap avia-button-center '><a href='http:\/\/www.galbanatvest.ro\/wp-content\/uploads\/2019\/04\/Fisa-de-conformitate-M6.2-6A.docx' class='avia-button   avia-icon_select-yes-left-icon avia-color-green avia-size-small avia-position-center '   ><span class='avia_button_icon avia_button_icon_left ' aria-hidden='true' data-av_icon='\ue887' data-av_iconfont='entypo-fontello'><\/span><span class='avia_iconbox_title' >Prima tran\u0219\u0103 <\/span><\/a><\/div>\n<div class='avia-button-wrap avia-button-center '><a href='http:\/\/www.galbanatvest.ro\/wp-content\/uploads\/2020\/10\/Fisa-de-conformitate-M6.2-6A_transa2.docx' class='avia-button   avia-icon_select-yes-left-icon avia-color-green avia-size-small avia-position-center '  target=\"_blank\"   ><span class='avia_button_icon avia_button_icon_left ' aria-hidden='true' data-av_icon='\ue887' data-av_iconfont='entypo-fontello'><\/span><span class='avia_iconbox_title' >Tran\u0219a final\u0103<\/span><\/a><\/div>\n<div  class='hr hr-default  '><span class='hr-inner ' ><span class='hr-inner-style'><\/span><\/span><\/div>\n<section class=\"av_textblock_section \"  itemscope=\"itemscope\" itemtype=\"https:\/\/schema.org\/CreativeWork\" ><div class='avia_textblock  '   itemprop=\"text\" ><h3 style=\"text-align: center;\"><span style=\"color: #003366;\">Manual de procedur\u0103 privind evaluarea \u0219i selec\u021bia proiectelor depuse pe m\u0103surile incluse \u00een Strategia de Dezvoltare Local\u0103 2014-2020 a GAL BANAT-VEST\u00a0<\/span><span style=\"color: #003366;\">\u0219i finan\u021bate prin PROGRAMUL NA\u021aIONAL DE<\/span><br \/>\n<span style=\"color: #003366;\">DEZVOLTARE RURAL\u0102 (PNDR) 2014-2020, M 19 LEADER<\/span><br \/>\n<span style=\"color: #003366;\">Versiunea 1<\/span><br \/>\n<span style=\"color: #003366;\">Septembrie 2017<\/span><\/h3>\n<\/div><\/section>\n<div class='avia-button-wrap avia-button-center '><a href='http:\/\/www.galbanatvest.ro\/wp-content\/uploads\/2018\/01\/Manual-procedura-evaluare-si-selectie-proiecte-GAL-BV-SDL-2014_2020.pdf' class='avia-button   avia-icon_select-yes-left-icon avia-color-green avia-size-small avia-position-center '   ><span class='avia_button_icon avia_button_icon_left ' aria-hidden='true' data-av_icon='\ue887' data-av_iconfont='entypo-fontello'><\/span><span class='avia_iconbox_title' >Descarc\u0103 document<\/span><\/a><\/div>\n<div  class='hr hr-default  '><span class='hr-inner ' ><span class='hr-inner-style'><\/span><\/span><\/div>\n<section class=\"av_textblock_section \"  itemscope=\"itemscope\" itemtype=\"https:\/\/schema.org\/CreativeWork\" ><div class='avia_textblock  '   itemprop=\"text\" ><h3 style=\"text-align: center;\"><span style=\"color: #003366;\">Regulament de organizare \u0219i func\u021bionare a Comitetului de Selec\u021bie al Proiectelor (CSP) \u0219i a Comisiei de Contesta\u021bii (CC)<\/span><br \/>\n<span style=\"color: #003366;\">pentru proiectele ce se vor finan\u021ba prin<\/span><span style=\"color: #003366;\">\u00a0Programul Na\u021bional de\u00a0<\/span><span style=\"color: #003366;\">Dezvoltare Rural\u0103 (PNDR) <\/span><span style=\"color: #003366;\">2014-2020, M 19 LEADER<\/span><\/h3>\n<\/div><\/section>\n<div class='avia-button-wrap avia-button-center '><a href='http:\/\/www.galbanatvest.ro\/wp-content\/uploads\/2018\/01\/ROF-CSP-\u0219i-CC-GAL-Banat-Vest-2016.pdf' class='avia-button   avia-icon_select-yes-left-icon avia-color-green avia-size-small avia-position-center '   ><span class='avia_button_icon avia_button_icon_left ' aria-hidden='true' data-av_icon='\ue887' data-av_iconfont='entypo-fontello'><\/span><span class='avia_iconbox_title' >Descarc\u0103 document<\/span><\/a><\/div>\n","protected":false},"excerpt":{"rendered":"","protected":false},"author":1,"featured_media":0,"parent":0,"menu_order":0,"comment_status":"closed","ping_status":"closed","template":"","meta":{"_bbp_topic_count":0,"_bbp_reply_count":0,"_bbp_total_topic_count":0,"_bbp_total_reply_count":0,"_bbp_voice_count":0,"_bbp_anonymous_reply_count":0,"_bbp_topic_count_hidden":0,"_bbp_reply_count_hidden":0,"_bbp_forum_subforum_count":0,"footnotes":""},"class_list":["post-4880","page","type-page","status-publish","hentry"],"_links":{"self":[{"href":"https:\/\/www.galbanatvest.ro\/index.php?rest_route=\/wp\/v2\/pages\/4880","targetHints":{"allow":["GET"]}}],"collection":[{"href":"https:\/\/www.galbanatvest.ro\/index.php?rest_route=\/wp\/v2\/pages"}],"about":[{"href":"https:\/\/www.galbanatvest.ro\/index.php?rest_route=\/wp\/v2\/types\/page"}],"author":[{"embeddable":true,"href":"https:\/\/www.galbanatvest.ro\/index.php?rest_route=\/wp\/v2\/users\/1"}],"replies":[{"embeddable":true,"href":"https:\/\/www.galbanatvest.ro\/index.php?rest_route=%2Fwp%2Fv2%2Fcomments&post=4880"}],"version-history":[{"count":13,"href":"https:\/\/www.galbanatvest.ro\/index.php?rest_route=\/wp\/v2\/pages\/4880\/revisions"}],"predecessor-version":[{"id":7144,"href":"https:\/\/www.galbanatvest.ro\/index.php?rest_route=\/wp\/v2\/pages\/4880\/revisions\/7144"}],"wp:attachment":[{"href":"https:\/\/www.galbanatvest.ro\/index.php?rest_route=%2Fwp%2Fv2%2Fmedia&parent=4880"}],"curies":[{"name":"wp","href":"https:\/\/api.w.org\/{rel}","templated":true}]}}