{"id":4855,"date":"2017-10-03T13:40:00","date_gmt":"2017-10-03T10:40:00","guid":{"rendered":"http:\/\/www.galbanatvest.ro\/?page_id=4855"},"modified":"2023-07-26T13:59:11","modified_gmt":"2023-07-26T10:59:11","slug":"masura-m11a","status":"publish","type":"page","link":"https:\/\/www.galbanatvest.ro\/?page_id=4855","title":{"rendered":"M\u0103sura &#8211; M1\/1A"},"content":{"rendered":"<p>\u00a0<\/p>\n<h3 style=\"text-align: center;\"><span style=\"color: #003366;\">M\u0103sura &#8211; M1\/1A &#8211; Cooperarea \u00een scopul cre\u0103rii de forme asociative pentru diversificarea activit\u0103\u021bilor rurale<\/span><\/h3>\n\n\n<p><\/p>\n","protected":false},"excerpt":{"rendered":"<p>\u00a0 M\u0103sura &#8211; M1\/1A &#8211; Cooperarea \u00een scopul cre\u0103rii de forme asociative pentru diversificarea activit\u0103\u021bilor rurale<\/p>\n","protected":false},"author":1,"featured_media":0,"parent":4690,"menu_order":0,"comment_status":"closed","ping_status":"closed","template":"","meta":{"_bbp_topic_count":0,"_bbp_reply_count":0,"_bbp_total_topic_count":0,"_bbp_total_reply_count":0,"_bbp_voice_count":0,"_bbp_anonymous_reply_count":0,"_bbp_topic_count_hidden":0,"_bbp_reply_count_hidden":0,"_bbp_forum_subforum_count":0,"footnotes":""},"class_list":["post-4855","page","type-page","status-publish","hentry"],"_links":{"self":[{"href":"https:\/\/www.galbanatvest.ro\/index.php?rest_route=\/wp\/v2\/pages\/4855","targetHints":{"allow":["GET"]}}],"collection":[{"href":"https:\/\/www.galbanatvest.ro\/index.php?rest_route=\/wp\/v2\/pages"}],"about":[{"href":"https:\/\/www.galbanatvest.ro\/index.php?rest_route=\/wp\/v2\/types\/page"}],"author":[{"embeddable":true,"href":"https:\/\/www.galbanatvest.ro\/index.php?rest_route=\/wp\/v2\/users\/1"}],"replies":[{"embeddable":true,"href":"https:\/\/www.galbanatvest.ro\/index.php?rest_route=%2Fwp%2Fv2%2Fcomments&post=4855"}],"version-history":[{"count":8,"href":"https:\/\/www.galbanatvest.ro\/index.php?rest_route=\/wp\/v2\/pages\/4855\/revisions"}],"predecessor-version":[{"id":6722,"href":"https:\/\/www.galbanatvest.ro\/index.php?rest_route=\/wp\/v2\/pages\/4855\/revisions\/6722"}],"up":[{"embeddable":true,"href":"https:\/\/www.galbanatvest.ro\/index.php?rest_route=\/wp\/v2\/pages\/4690"}],"wp:attachment":[{"href":"https:\/\/www.galbanatvest.ro\/index.php?rest_route=%2Fwp%2Fv2%2Fmedia&parent=4855"}],"curies":[{"name":"wp","href":"https:\/\/api.w.org\/{rel}","templated":true}]}}