{"id":4707,"date":"2017-06-16T13:20:31","date_gmt":"2017-06-16T10:20:31","guid":{"rendered":"http:\/\/www.galbanatvest.ro\/?page_id=4707"},"modified":"2024-11-21T17:14:05","modified_gmt":"2024-11-21T15:14:05","slug":"comisia-de-contestatii-sdl-2014-2020","status":"publish","type":"page","link":"https:\/\/www.galbanatvest.ro\/?page_id=4707","title":{"rendered":"Comisia de contesta\u021bii SDL 2014-2020"},"content":{"rendered":"\n<figure class=\"wp-block-image size-full\"><a href=\"https:\/\/www.galbanatvest.ro\/wp-content\/uploads\/2024\/11\/antet-PNDR-LEADER-2014-2020.png\"><img loading=\"lazy\" decoding=\"async\" width=\"600\" height=\"200\" src=\"https:\/\/www.galbanatvest.ro\/wp-content\/uploads\/2024\/11\/antet-PNDR-LEADER-2014-2020.png\" alt=\"\" class=\"wp-image-7287\" srcset=\"https:\/\/www.galbanatvest.ro\/wp-content\/uploads\/2024\/11\/antet-PNDR-LEADER-2014-2020.png 600w, https:\/\/www.galbanatvest.ro\/wp-content\/uploads\/2024\/11\/antet-PNDR-LEADER-2014-2020-300x100.png 300w, https:\/\/www.galbanatvest.ro\/wp-content\/uploads\/2024\/11\/antet-PNDR-LEADER-2014-2020-450x150.png 450w\" sizes=\"auto, (max-width: 600px) 100vw, 600px\" \/><\/a><\/figure>\n\n\n\n<div style=\"height:100px\" aria-hidden=\"true\" class=\"wp-block-spacer\"><\/div>\n\n\n<p><strong>Comisia de contesta\u0163ii (CC) <\/strong>reprezint\u0103 organismul tehnic cu responsabilit\u0103\u0163i privind solu\u0163ionarea contesta\u0163iilor adresate privind rezultatele procesului de evaluare \u015fi selec\u0163ie al proiectelor pentru finan\u0163are. Comisia de contesta\u0163ii este alc\u0103tuit\u0103 din <strong>3 membri<\/strong>, dup\u0103 cum urmeaz\u0103: 3 membri plini \u015fi 2 suplean\u021bi dup\u0103 cum urmeaz\u0103:<\/p>\n<ol>\n<li>Partener: PITICA RALUCA \u00ceNTREPRINDERE INDIVIDUAL\u0102, Membru plin, II, mediul rural;<\/li>\n<li>Partener: \u00a0\u021a\u0102RAN CAMELIA \u00ceNTREPRIDERE INDIVIDUAL\u0102, Membru plin, \u00a0II, mediul \u00a0rural;<\/li>\n<li>Partener: COJOCAR OVIDIU PERSOAN\u0102 FIZIC\u0102 AUTORIZAT\u0102, Membru plin, \u00a0PFA, mediul rural;<\/li>\n<li>Partener: POTIGHI COMPANY SRL, Membru supleant, \u00a0SRL, mediul rural;<\/li>\n<li>Partener: CIOCCO TIME STORE SRL, Membru supleant, \u00a0SRL, mediul rural;<\/li>\n<\/ol>","protected":false},"excerpt":{"rendered":"<p>Comisia de contesta\u0163ii (CC) reprezint\u0103 organismul tehnic cu responsabilit\u0103\u0163i privind solu\u0163ionarea contesta\u0163iilor adresate privind rezultatele procesului de evaluare \u015fi selec\u0163ie al proiectelor pentru finan\u0163are. Comisia de contesta\u0163ii este alc\u0103tuit\u0103 din 3 membri, dup\u0103 cum urmeaz\u0103: 3 membri plini \u015fi 2 suplean\u021bi dup\u0103 cum urmeaz\u0103: Partener: PITICA RALUCA \u00ceNTREPRINDERE INDIVIDUAL\u0102, Membru plin, II, mediul rural; Partener: [&hellip;]<\/p>\n","protected":false},"author":1,"featured_media":0,"parent":3253,"menu_order":0,"comment_status":"open","ping_status":"closed","template":"","meta":{"_bbp_topic_count":0,"_bbp_reply_count":0,"_bbp_total_topic_count":0,"_bbp_total_reply_count":0,"_bbp_voice_count":0,"_bbp_anonymous_reply_count":0,"_bbp_topic_count_hidden":0,"_bbp_reply_count_hidden":0,"_bbp_forum_subforum_count":0,"footnotes":""},"class_list":["post-4707","page","type-page","status-publish","hentry"],"_links":{"self":[{"href":"https:\/\/www.galbanatvest.ro\/index.php?rest_route=\/wp\/v2\/pages\/4707","targetHints":{"allow":["GET"]}}],"collection":[{"href":"https:\/\/www.galbanatvest.ro\/index.php?rest_route=\/wp\/v2\/pages"}],"about":[{"href":"https:\/\/www.galbanatvest.ro\/index.php?rest_route=\/wp\/v2\/types\/page"}],"author":[{"embeddable":true,"href":"https:\/\/www.galbanatvest.ro\/index.php?rest_route=\/wp\/v2\/users\/1"}],"replies":[{"embeddable":true,"href":"https:\/\/www.galbanatvest.ro\/index.php?rest_route=%2Fwp%2Fv2%2Fcomments&post=4707"}],"version-history":[{"count":9,"href":"https:\/\/www.galbanatvest.ro\/index.php?rest_route=\/wp\/v2\/pages\/4707\/revisions"}],"predecessor-version":[{"id":7353,"href":"https:\/\/www.galbanatvest.ro\/index.php?rest_route=\/wp\/v2\/pages\/4707\/revisions\/7353"}],"up":[{"embeddable":true,"href":"https:\/\/www.galbanatvest.ro\/index.php?rest_route=\/wp\/v2\/pages\/3253"}],"wp:attachment":[{"href":"https:\/\/www.galbanatvest.ro\/index.php?rest_route=%2Fwp%2Fv2%2Fmedia&parent=4707"}],"curies":[{"name":"wp","href":"https:\/\/api.w.org\/{rel}","templated":true}]}}