{"id":4703,"date":"2017-06-16T13:16:52","date_gmt":"2017-06-16T10:16:52","guid":{"rendered":"http:\/\/www.galbanatvest.ro\/?page_id=4703"},"modified":"2024-11-22T11:56:28","modified_gmt":"2024-11-22T09:56:28","slug":"comitet-de-selectie-sdl-2014-2020","status":"publish","type":"page","link":"https:\/\/www.galbanatvest.ro\/?page_id=4703","title":{"rendered":"COMITETUL DE SELEC\u021aIE AL PROIECTELOR (CSP) 2023-2027"},"content":{"rendered":"\n<figure class=\"wp-block-image size-full\"><a href=\"https:\/\/www.galbanatvest.ro\/wp-content\/uploads\/2024\/11\/antet-PNDR-LEADER-2014-2020.png\"><img loading=\"lazy\" decoding=\"async\" width=\"600\" height=\"200\" src=\"https:\/\/www.galbanatvest.ro\/wp-content\/uploads\/2024\/11\/antet-PNDR-LEADER-2014-2020.png\" alt=\"\" class=\"wp-image-7287\" srcset=\"https:\/\/www.galbanatvest.ro\/wp-content\/uploads\/2024\/11\/antet-PNDR-LEADER-2014-2020.png 600w, https:\/\/www.galbanatvest.ro\/wp-content\/uploads\/2024\/11\/antet-PNDR-LEADER-2014-2020-300x100.png 300w, https:\/\/www.galbanatvest.ro\/wp-content\/uploads\/2024\/11\/antet-PNDR-LEADER-2014-2020-450x150.png 450w\" sizes=\"auto, (max-width: 600px) 100vw, 600px\" \/><\/a><\/figure>\n\n\n<p style=\"text-align: left;\"><strong>Procedura de evaluare \u0219i selec\u021bie a proiectelor depuse \u00een cadrul SDL<\/strong><\/p>\n<p style=\"text-align: left;\">Comitetului de Selec\u021bie al Proiectelor (CSP) \u0219i a Comisiei de Contesta\u021bii (CC) \u00een urma aprob\u0103rii noii componen\u021be a parteneriatului dup\u0103 cum urmeaz\u0103:<\/p>\n<p><strong>CSP<\/strong>\u00a0este alc\u0103tuit din <strong>7 membri: <\/strong>7 membrii plini \u0219i 7 membrii suplean\u021bi av\u00e2nd urm\u0103toarea structur\u0103:<\/p>\n<ul>\n<li><strong>Parteneri publici: \u00a020% \u0219i parteneri priva\u021bi: \u00a080 %,<\/strong><\/li>\n<li><strong>Parteneri din mediul urban: \u00a025%, \u00a075 % parteneri din mediul rural.<\/strong><\/li>\n<\/ul>\n<table>\n<tbody>\n<tr>\n<td colspan=\"3\" width=\"806\"><strong>PARTENERI PUBLICI \u00a0(28,57%)<\/strong><\/td>\n<\/tr>\n<tr>\n<td width=\"310\">Partener<\/td>\n<td width=\"274\">Func\u021bia \u00een CS<\/td>\n<td width=\"222\">Tip\/Observa\u021bii<\/td>\n<\/tr>\n<tr>\n<td width=\"310\">1.Comuna Gottlob<\/td>\n<td width=\"274\">Pre\u0219edinte, Membru plin<\/td>\n<td width=\"222\">APL mediu rural<\/td>\n<\/tr>\n<tr>\n<td width=\"310\">2.Comuna Checea<\/td>\n<td width=\"274\">Membru plin<\/td>\n<td width=\"222\">APL mediu rural<\/td>\n<\/tr>\n<tr>\n<td width=\"310\">3.Comuna Lenauheim<\/td>\n<td width=\"274\">Membru supleant<\/td>\n<td width=\"222\">APL mediu rural<\/td>\n<\/tr>\n<tr>\n<td width=\"310\">4.Comuna C\u0103rpini\u0219<\/td>\n<td width=\"274\">Membru supleant<\/td>\n<td width=\"222\">APL mediu rural<\/td>\n<\/tr>\n<tr>\n<td colspan=\"3\" width=\"806\"><strong>PARTENERI PRIVA\u021aI <\/strong><strong><b>\u00a0(35,715%)<\/b><\/strong><\/td>\n<\/tr>\n<tr>\n<td width=\"310\">Partener<\/td>\n<td width=\"274\">Func\u021bia \u00een CS<\/td>\n<td width=\"222\">Tip\/Observa\u021bii<\/td>\n<\/tr>\n<tr>\n<td width=\"310\">5. DAN NICOLETA-ROXANA II<\/td>\n<td width=\"274\">Secretar, Membru plin<\/td>\n<td width=\"222\">II, mediul rural<\/td>\n<\/tr>\n<tr>\n<td width=\"310\">1.\u00a0COM\u00ceRL\u0102U NICOLAE II<\/td>\n<td width=\"274\">Membru plin<\/td>\n<td width=\"222\">II, mediul rural<\/td>\n<\/tr>\n<tr>\n<td width=\"310\">7. LUCIAN DAVID DENTAL SRL<\/td>\n<td width=\"274\">Membru plin<\/td>\n<td width=\"222\">SRL, mediul rural<\/td>\n<\/tr>\n<tr>\n<td width=\"310\">8. VIBAL BV SERV SRL<\/td>\n<td width=\"274\">Membru supleant<\/td>\n<td width=\"222\">SRL, mediul rural<\/td>\n<\/tr>\n<tr>\n<td width=\"310\">9. NEGRE ALEXANDRU II<\/td>\n<td width=\"274\">Membru supleant<\/td>\n<td width=\"222\">II, mediul rural<\/td>\n<\/tr>\n<tr>\n<td colspan=\"3\" width=\"806\"><strong><b>SOCIETATE CIVL\u0102 \u00a0(35,715%)<\/b><\/strong><\/td>\n<\/tr>\n<tr>\n<td width=\"310\">Partener<\/td>\n<td width=\"274\">Func\u021bia \u00een CS<\/td>\n<td width=\"222\">Tip\/Observa\u021bii<\/td>\n<\/tr>\n<tr>\n<td width=\"310\">10. Asocia\u021bia Roma Acces<\/td>\n<td width=\"274\">Membru plin<\/td>\n<td width=\"222\">ONG, mediul urban<\/td>\n<\/tr>\n<tr>\n<td width=\"310\">11. ASOCIA\u021aIA 6.31<\/td>\n<td width=\"274\">Membru plin<\/td>\n<td width=\"222\">ONG, mediul rural<\/td>\n<\/tr>\n<tr>\n<td width=\"310\">12. ASOCIA\u021aIA TINERILOR DIN JIMBOLIA<\/td>\n<td width=\"274\">Membru supleant<\/td>\n<td width=\"222\">ONG, mediul urban<\/td>\n<\/tr>\n<tr>\n<td width=\"310\">13. ASOCIA\u021aIA \u201eCOL\u021a DE BANAT\u201d<\/td>\n<td width=\"274\">Membru supleant<\/td>\n<td width=\"222\">ONG, mediul rural<\/td>\n<\/tr>\n<tr>\n<td width=\"310\">14. ASOCIA\u021aIA &#8222;BUCATE DIN BANAT&#8221;<\/td>\n<td width=\"274\">Membru supleant<\/td>\n<td width=\"222\">ONG, mediul rural<\/td>\n<\/tr>\n<\/tbody>\n<\/table>\n<p style=\"text-align: justify;\"><!--more--><\/p>","protected":false},"excerpt":{"rendered":"<p>Procedura de evaluare \u0219i selec\u021bie a proiectelor depuse \u00een cadrul SDL Comitetului de Selec\u021bie al Proiectelor (CSP) \u0219i a Comisiei de Contesta\u021bii (CC) \u00een urma aprob\u0103rii noii componen\u021be a parteneriatului dup\u0103 cum urmeaz\u0103: CSP\u00a0este alc\u0103tuit din 7 membri: 7 membrii plini \u0219i 7 membrii suplean\u021bi av\u00e2nd urm\u0103toarea structur\u0103: Parteneri publici: \u00a020% \u0219i parteneri priva\u021bi: \u00a080 [&hellip;]<\/p>\n","protected":false},"author":1,"featured_media":0,"parent":3253,"menu_order":0,"comment_status":"open","ping_status":"closed","template":"","meta":{"_bbp_topic_count":0,"_bbp_reply_count":0,"_bbp_total_topic_count":0,"_bbp_total_reply_count":0,"_bbp_voice_count":0,"_bbp_anonymous_reply_count":0,"_bbp_topic_count_hidden":0,"_bbp_reply_count_hidden":0,"_bbp_forum_subforum_count":0,"footnotes":""},"class_list":["post-4703","page","type-page","status-publish","hentry"],"_links":{"self":[{"href":"https:\/\/www.galbanatvest.ro\/index.php?rest_route=\/wp\/v2\/pages\/4703","targetHints":{"allow":["GET"]}}],"collection":[{"href":"https:\/\/www.galbanatvest.ro\/index.php?rest_route=\/wp\/v2\/pages"}],"about":[{"href":"https:\/\/www.galbanatvest.ro\/index.php?rest_route=\/wp\/v2\/types\/page"}],"author":[{"embeddable":true,"href":"https:\/\/www.galbanatvest.ro\/index.php?rest_route=\/wp\/v2\/users\/1"}],"replies":[{"embeddable":true,"href":"https:\/\/www.galbanatvest.ro\/index.php?rest_route=%2Fwp%2Fv2%2Fcomments&post=4703"}],"version-history":[{"count":11,"href":"https:\/\/www.galbanatvest.ro\/index.php?rest_route=\/wp\/v2\/pages\/4703\/revisions"}],"predecessor-version":[{"id":7387,"href":"https:\/\/www.galbanatvest.ro\/index.php?rest_route=\/wp\/v2\/pages\/4703\/revisions\/7387"}],"up":[{"embeddable":true,"href":"https:\/\/www.galbanatvest.ro\/index.php?rest_route=\/wp\/v2\/pages\/3253"}],"wp:attachment":[{"href":"https:\/\/www.galbanatvest.ro\/index.php?rest_route=%2Fwp%2Fv2%2Fmedia&parent=4703"}],"curies":[{"name":"wp","href":"https:\/\/api.w.org\/{rel}","templated":true}]}}