{"id":4513,"date":"2017-02-06T14:07:18","date_gmt":"2017-02-06T12:07:18","guid":{"rendered":"http:\/\/www.galbanatvest.ro\/?page_id=4513"},"modified":"2024-11-20T18:12:23","modified_gmt":"2024-11-20T16:12:23","slug":"strategia-de-dezvoltare-locala-2014-2020","status":"publish","type":"page","link":"https:\/\/www.galbanatvest.ro\/?page_id=4513","title":{"rendered":"STRATEGIA DE DEZVOLTARE LOCAL\u0102 &#8211; LEADER 2014-2020"},"content":{"rendered":"<p>&lt;p&gt;<div class=\"flex_column av_one_full  flex_column_div first  \" ><p><section class=\"av_textblock_section \"  itemscope=\"itemscope\" itemtype=\"https:\/\/schema.org\/CreativeWork\" ><div class='avia_textblock  '   itemprop=\"text\" ><p>&lt;span style=&#8221;font-size: large; color: #003366;&#8221; data-mce-style=&#8221;font-size: large; color: #003366;&#8221;&gt;Avem pl\u0103cerea de v\u0103 prezenta noua Strategie de Dezvoltare Local\u0103 (2014-2020). O pute\u021bi descoperi printr-un click pe butoanele de mai jos, este imp\u0103r\u021bit\u0103 \u00een capitole \u0219i u\u0219or de accesat \u00een func\u021bie de aria dumneavoastr\u0103 de interes.&lt;\/span&gt;&lt;br \/&gt;<\/p>\n<\/div><\/section><div style='padding-bottom:10px;' class='av-special-heading av-special-heading-h3 meta-heading blockquote modern-quote modern-centered   '><h3 class='av-special-heading-tag '  itemprop=\"headline\"  >Strategia de Dezvoltare Local\u0103 2014-2020 (modificare simpla 1\/2020) &#8211; dat\u0103 publicare 31.03.2020<\/h3><div class='special-heading-border'><div class='special-heading-inner-border' ><\/div><\/div><\/div><div class='avia-button-wrap avia-button-center '><a href='http:\/\/www.galbanatvest.ro\/wp-content\/uploads\/2020\/05\/1.-Nota-de-aprobare_31.03.2020.pdf' class='avia-button   avia-icon_select-yes-left-icon avia-color-theme-color avia-size-small avia-position-center '  target=\"_blank\"   ><span class='avia_button_icon avia_button_icon_left ' aria-hidden='true' data-av_icon='\ue84d' data-av_iconfont='entypo-fontello'><\/span><span class='avia_iconbox_title' >Acord aprobare modificare strategie<\/span><\/a><\/div><div class='avia-button-wrap avia-button-center '><a href='http:\/\/www.galbanatvest.ro\/wp-content\/uploads\/2020\/06\/SDL-V05.pdf' class='avia-button   avia-icon_select-yes-left-icon avia-color-theme-color avia-size-small avia-position-center '  target=\"_blank\"   ><span class='avia_button_icon avia_button_icon_left ' aria-hidden='true' data-av_icon='\ue84d' data-av_iconfont='entypo-fontello'><\/span><span class='avia_iconbox_title' >Strategia de dezvoltare local\u0103 2014-2020 V.05<\/span><\/a><\/div><div class='avia-button-wrap avia-button-center '><a href='http:\/\/www.galbanatvest.ro\/wp-content\/uploads\/2020\/05\/3.-CAPITOLUL-IX-Organizarea-viitorului-GAL_19.03.2020.pdf' class='avia-button   avia-icon_select-yes-left-icon avia-color-theme-color avia-size-small avia-position-center '  target=\"_blank\"   ><span class='avia_button_icon avia_button_icon_left ' aria-hidden='true' data-av_icon='\ue84d' data-av_iconfont='entypo-fontello'><\/span><span class='avia_iconbox_title' >Organizarea viitorului GAL<\/span><\/a><\/div><div class='avia-button-wrap avia-button-center '><a href='http:\/\/www.galbanatvest.ro\/wp-content\/uploads\/2020\/05\/4.-Fise-de-post_19.03.2020.pdf' class='avia-button   avia-icon_select-yes-left-icon avia-color-theme-color avia-size-small avia-position-center '  target=\"_blank\"   ><span class='avia_button_icon avia_button_icon_left ' aria-hidden='true' data-av_icon='\ue84d' data-av_iconfont='entypo-fontello'><\/span><span class='avia_iconbox_title' >Anexa 8 - Fi\u0219ele postului<\/span><\/a><\/div><div style='padding-bottom:10px;' class='av-special-heading av-special-heading-h3 meta-heading blockquote modern-quote modern-centered   '><h3 class='av-special-heading-tag '  itemprop=\"headline\"  >Strategia de Dezvoltare Local\u0103 2014-2020 (V.04 &#8211; modificare simpl\u0103 &#8211; 2019) &#8211; dat\u0103 publicare 14.10.2019 <\/h3><div class='special-heading-border'><div class='special-heading-inner-border' ><\/div><\/div><\/div><div class='avia-button-wrap avia-button-center '><a href='http:\/\/www.galbanatvest.ro\/wp-content\/uploads\/2019\/10\/Acord-modificare-F6-1.pdf' class='avia-button   avia-icon_select-yes-left-icon avia-color-theme-color avia-size-small avia-position-center '  target=\"_blank\"   ><span class='avia_button_icon avia_button_icon_left ' aria-hidden='true' data-av_icon='\ue84d' data-av_iconfont='entypo-fontello'><\/span><span class='avia_iconbox_title' >Acord modificare Strategie de Dezvoltare Local\u0103<\/span><\/a><\/div><div class='avia-button-wrap avia-button-center '><a href='http:\/\/www.galbanatvest.ro\/wp-content\/uploads\/2019\/10\/SDL-V04-compressed.pdf' class='avia-button   avia-icon_select-yes-left-icon avia-color-theme-color avia-size-small avia-position-center '  target=\"_blank\"   ><span class='avia_button_icon avia_button_icon_left ' aria-hidden='true' data-av_icon='\ue84d' data-av_iconfont='entypo-fontello'><\/span><span class='avia_iconbox_title' >Strategia de Dezvoltare Local\u0103 2014-2020 V.04<\/span><\/a><\/div><div class='avia-button-wrap avia-button-center '><a href='http:\/\/www.galbanatvest.ro\/wp-content\/uploads\/2020\/06\/Anexa-VIII-Fi\u0219ele-postului.pdf' class='avia-button   avia-icon_select-yes-left-icon avia-color-theme-color avia-size-small avia-position-center '  target=\"_blank\"   ><span class='avia_button_icon avia_button_icon_left ' aria-hidden='true' data-av_icon='\ue84d' data-av_iconfont='entypo-fontello'><\/span><span class='avia_iconbox_title' >Anexa 8 - Fi\u0219ele postului<\/span><\/a><\/div><div  class='hr hr-default  '><span class='hr-inner ' ><span class='hr-inner-style'><\/span><\/span><\/div><div style='padding-bottom:10px;' class='av-special-heading av-special-heading-h3 meta-heading blockquote modern-quote modern-centered   '><h3 class='av-special-heading-tag '  itemprop=\"headline\"  >Strategia de Dezvoltare Local\u0103 2014-2020 (V.03 &#8211; modificare complex\u0103 &#8211; 2019) &#8211; dat\u0103 publicare 26.09.2019 <\/h3><div class='special-heading-border'><div class='special-heading-inner-border' ><\/div><\/div><\/div><div class='avia-button-wrap avia-button-center '><a href='http:\/\/www.galbanatvest.ro\/wp-content\/uploads\/2019\/10\/Acord-modificare-F6.pdf' class='avia-button   avia-icon_select-yes-left-icon avia-color-theme-color avia-size-small avia-position-center '  target=\"_blank\"   ><span class='avia_button_icon avia_button_icon_left ' aria-hidden='true' data-av_icon='\ue84d' data-av_iconfont='entypo-fontello'><\/span><span class='avia_iconbox_title' >Acord modificare Strategie de Dezvoltare Local\u0103<\/span><\/a><\/div><div class='avia-button-wrap avia-button-center '><a href='http:\/\/www.galbanatvest.ro\/wp-content\/uploads\/2019\/10\/SDL-V.03.pdf' class='avia-button   avia-icon_select-yes-left-icon avia-color-theme-color avia-size-small avia-position-center '  target=\"_blank\"   ><span class='avia_button_icon avia_button_icon_left ' aria-hidden='true' data-av_icon='\ue84d' data-av_iconfont='entypo-fontello'><\/span><span class='avia_iconbox_title' >Strategia de Dezvoltare Local\u0103 2014-2020 V.03<\/span><\/a><\/div><div  class='hr hr-default  '><span class='hr-inner ' ><span class='hr-inner-style'><\/span><\/span><\/div><div style='padding-bottom:10px;' class='av-special-heading av-special-heading-h3 meta-heading blockquote modern-quote modern-centered   '><h3 class='av-special-heading-tag '  itemprop=\"headline\"  >Strategia de Dezvoltare Local\u0103 2014-2020 (V.02 &#8211; modificare complex\u0103 &#8211; 2018) &#8211; dat\u0103 publicare 21.12.2018<\/h3><div class='special-heading-border'><div class='special-heading-inner-border' ><\/div><\/div><\/div><div class='avia-button-wrap avia-button-center '><a href='http:\/\/www.galbanatvest.ro\/wp-content\/uploads\/2019\/01\/Aprobare-modificare-AM.pdf' class='avia-button   avia-icon_select-yes-left-icon avia-color-theme-color avia-size-small avia-position-center '  target=\"_blank\"   ><span class='avia_button_icon avia_button_icon_left ' aria-hidden='true' data-av_icon='\ue84d' data-av_iconfont='entypo-fontello'><\/span><span class='avia_iconbox_title' >Acord modificare Strategie de Dezvoltare Local\u0103<\/span><\/a><\/div><div class='avia-button-wrap avia-button-center '><a href='http:\/\/www.galbanatvest.ro\/wp-content\/uploads\/2019\/01\/SDL-v3.pdf' class='avia-button   avia-icon_select-yes-left-icon avia-color-theme-color avia-size-small avia-position-center '  target=\"_blank\"   ><span class='avia_button_icon avia_button_icon_left ' aria-hidden='true' data-av_icon='\ue84d' data-av_iconfont='entypo-fontello'><\/span><span class='avia_iconbox_title' >Strategia de Dezvoltare Local\u0103 2014-2020 V.02<\/span><\/a><\/div><div class='avia-button-wrap avia-button-center '><a href='http:\/\/www.galbanatvest.ro\/wp-content\/uploads\/2019\/01\/Plan-de-finantare-propus.pdf' class='avia-button   avia-icon_select-yes-left-icon avia-color-theme-color avia-size-small avia-position-center '  target=\"_blank\"   ><span class='avia_button_icon avia_button_icon_left ' aria-hidden='true' data-av_icon='\ue84d' data-av_iconfont='entypo-fontello'><\/span><span class='avia_iconbox_title' >Anexa 4 - Planul de finan\u021bare al SDL 2014-2020 V.02<\/span><\/a><\/div><div  class='hr hr-default  '><span class='hr-inner ' ><span class='hr-inner-style'><\/span><\/span><\/div><\/p><\/div><div class=\"flex_column av_one_full  flex_column_div first  \" ><p>&lt;br \/&gt;<div style='padding-bottom:10px;' class='av-special-heading av-special-heading-h3 meta-heading blockquote modern-quote modern-centered   '><h3 class='av-special-heading-tag '  itemprop=\"headline\"  >Strategia de Dezvoltare Local\u0103 2014-2020 (V.01 &#8211; modificare complex\u0103 &#8211; 2018) &#8211; dat\u0103 publicare 25.04.2018<\/h3><div class='special-heading-border'><div class='special-heading-inner-border' ><\/div><\/div><\/div><div class='avia-button-wrap avia-button-center '><a href='http:\/\/www.galbanatvest.ro\/wp-content\/uploads\/2020\/06\/NOTIFICARE-AM-4-5.pdf' class='avia-button   avia-icon_select-yes-left-icon avia-color-theme-color avia-size-small avia-position-center '  target=\"_blank\"   ><span class='avia_button_icon avia_button_icon_left ' aria-hidden='true' data-av_icon='\ue84d' data-av_iconfont='entypo-fontello'><\/span><span class='avia_iconbox_title' >Acord modificare Strategie de Dezvoltare Local\u0103<\/span><\/a><\/div><div class='avia-button-wrap avia-button-center '><a href='http:\/\/www.galbanatvest.ro\/wp-content\/uploads\/2018\/05\/SDL-2018.pdf' class='avia-button   avia-icon_select-yes-left-icon avia-color-theme-color avia-size-small avia-position-center '  target=\"_blank\"   ><span class='avia_button_icon avia_button_icon_left ' aria-hidden='true' data-av_icon='\ue84d' data-av_iconfont='entypo-fontello'><\/span><span class='avia_iconbox_title' >Strategia de Dezvoltare Local\u0103 2014-2020 V.01<\/span><\/a><\/div><div class='avia-button-wrap avia-button-center '><a href='http:\/\/www.galbanatvest.ro\/wp-content\/uploads\/2018\/12\/Plan-de-finantare-modificat-26.04.2018.pdf' class='avia-button   avia-icon_select-yes-left-icon avia-color-theme-color avia-size-small avia-position-center '  target=\"_blank\"   ><span class='avia_button_icon avia_button_icon_left ' aria-hidden='true' data-av_icon='\ue84d' data-av_iconfont='entypo-fontello'><\/span><span class='avia_iconbox_title' >Anexa 4 - Planul de finan\u021bare al SDL 2014-2020 V.01<\/span><\/a><\/div><div  class='hr hr-default  '><span class='hr-inner ' ><span class='hr-inner-style'><\/span><\/span><\/div><div style='padding-bottom:10px;' class='av-special-heading av-special-heading-h3 meta-heading blockquote modern-quote modern-centered   '><h3 class='av-special-heading-tag '  itemprop=\"headline\"  >Strategia de Dezvoltare Local\u0103 2014-2020 (versiune ini\u021bial\u0103)<\/h3><div class='special-heading-border'><div class='special-heading-inner-border' ><\/div><\/div><\/div>&lt;br \/&gt;<\/p><\/div><div class='avia-button-wrap avia-button-center '><a href='http:\/\/www.galbanatvest.ro\/wp-content\/uploads\/2017\/02\/Introducere-pg-1-2.pdf' class='avia-button   avia-icon_select-yes-left-icon avia-color-theme-color avia-size-small avia-position-center '  target=\"_blank\"   ><span class='avia_button_icon avia_button_icon_left ' aria-hidden='true' data-av_icon='\ue84d' data-av_iconfont='entypo-fontello'><\/span><span class='avia_iconbox_title' >Introducere<\/span><\/a><\/div><div class='avia-button-wrap avia-button-center '><a href='http:\/\/www.galbanatvest.ro\/wp-content\/uploads\/2017\/02\/Capitolul-I-pg-3-7.pdf' class='avia-button   avia-icon_select-yes-left-icon avia-color-theme-color avia-size-small avia-position-center '  target=\"_blank\"   ><span class='avia_button_icon avia_button_icon_left ' aria-hidden='true' data-av_icon='\ue84d' data-av_iconfont='entypo-fontello'><\/span><span class='avia_iconbox_title' >Prezentare teritoriu<\/span><\/a><\/div><div class='avia-button-wrap avia-button-center '><a href='http:\/\/www.galbanatvest.ro\/wp-content\/uploads\/2017\/02\/Capitolul-II-pg-8-9.pdf' class='avia-button   avia-icon_select-yes-left-icon avia-color-theme-color avia-size-small avia-position-center '  target=\"_blank\"   ><span class='avia_button_icon avia_button_icon_left ' aria-hidden='true' data-av_icon='\ue84d' data-av_iconfont='entypo-fontello'><\/span><span class='avia_iconbox_title' >Componen\u021ba parteneriatului<\/span><\/a><\/div><div class='avia-button-wrap avia-button-center '><a href='http:\/\/www.galbanatvest.ro\/wp-content\/uploads\/2017\/02\/Capitolul-III-pg-10-14.pdf' class='avia-button   avia-icon_select-yes-left-icon avia-color-theme-color avia-size-small avia-position-center '  target=\"_blank\"   ><span class='avia_button_icon avia_button_icon_left ' aria-hidden='true' data-av_icon='\ue84d' data-av_iconfont='entypo-fontello'><\/span><span class='avia_iconbox_title' >Analiza SWOT a teritoriului<\/span><\/a><\/div><div class='avia-button-wrap avia-button-center '><a href='http:\/\/www.galbanatvest.ro\/wp-content\/uploads\/2017\/02\/Capitolul-IV-pg-15-17.pdf' class='avia-button   avia-icon_select-yes-left-icon avia-color-theme-color avia-size-small avia-position-center '  target=\"_blank\"   ><span class='avia_button_icon avia_button_icon_left ' aria-hidden='true' data-av_icon='\ue84d' data-av_iconfont='entypo-fontello'><\/span><span class='avia_iconbox_title' >Obiective, priorit\u0103\u021bi si domenii de investi\u021bie<\/span><\/a><\/div><div class='avia-button-wrap avia-button-center '><a href='http:\/\/www.galbanatvest.ro\/wp-content\/uploads\/2019\/06\/Fisele-masurilor-corectate_compressed-2.pdf' class='avia-button   avia-icon_select-yes-left-icon avia-color-theme-color avia-size-small avia-position-center '  target=\"_blank\"   ><span class='avia_button_icon avia_button_icon_left ' aria-hidden='true' data-av_icon='\ue84d' data-av_iconfont='entypo-fontello'><\/span><span class='avia_iconbox_title' >Fi\u0219ele m\u0103surilor de finan\u021bare<\/span><\/a><\/div><div class='avia-button-wrap avia-button-center '><a href='http:\/\/www.galbanatvest.ro\/wp-content\/uploads\/2017\/02\/Capitolul-VI-pg-53-55.pdf' class='avia-button   avia-icon_select-yes-left-icon avia-color-theme-color avia-size-small avia-position-center '  target=\"_blank\"   ><span class='avia_button_icon avia_button_icon_left ' aria-hidden='true' data-av_icon='\ue84d' data-av_iconfont='entypo-fontello'><\/span><span class='avia_iconbox_title' >Complementarea cu alte strategii <\/span><\/a><\/div><div class='avia-button-wrap avia-button-center '><a href='http:\/\/www.galbanatvest.ro\/wp-content\/uploads\/2017\/02\/Capitolul-VII-pg-56-58.pdf' class='avia-button   avia-icon_select-yes-left-icon avia-color-theme-color avia-size-small avia-position-center '  target=\"_blank\"   ><span class='avia_button_icon avia_button_icon_left ' aria-hidden='true' data-av_icon='\ue84d' data-av_iconfont='entypo-fontello'><\/span><span class='avia_iconbox_title' >Descrierea planului de ac\u021biune<\/span><\/a><\/div><div class='avia-button-wrap avia-button-center '><a href='http:\/\/www.galbanatvest.ro\/wp-content\/uploads\/2017\/02\/Capitolul-VIII-pg-59-60.pdf' class='avia-button   avia-icon_select-yes-left-icon avia-color-theme-color avia-size-small avia-position-center '  target=\"_blank\"   ><span class='avia_button_icon avia_button_icon_left ' aria-hidden='true' data-av_icon='\ue84d' data-av_iconfont='entypo-fontello'><\/span><span class='avia_iconbox_title' >Procesul de implicare \u00een comunit\u0103\u021bile locale<\/span><\/a><\/div><div class='avia-button-wrap avia-button-center '><a href='http:\/\/www.galbanatvest.ro\/wp-content\/uploads\/2017\/02\/Capitolul-IX-pg-61-65.pdf' class='avia-button   avia-icon_select-yes-left-icon avia-color-theme-color avia-size-small avia-position-center '  target=\"_blank\"   ><span class='avia_button_icon avia_button_icon_left ' aria-hidden='true' data-av_icon='\ue84d' data-av_iconfont='entypo-fontello'><\/span><span class='avia_iconbox_title' >Organizarea viitorului GAL<\/span><\/a><\/div><div class='avia-button-wrap avia-button-center '><a href='http:\/\/www.galbanatvest.ro\/wp-content\/uploads\/2017\/02\/Capitolul-X-pg-66-66.pdf' class='avia-button   avia-icon_select-yes-left-icon avia-color-theme-color avia-size-small avia-position-center '  target=\"_blank\"   ><span class='avia_button_icon avia_button_icon_left ' aria-hidden='true' data-av_icon='\ue84d' data-av_iconfont='entypo-fontello'><\/span><span class='avia_iconbox_title' >Planul de finan\u021bare a strategiei<\/span><\/a><\/div><div class='avia-button-wrap avia-button-center '><a href='http:\/\/www.galbanatvest.ro\/wp-content\/uploads\/2018\/03\/Modificare_PlanFinanciar_GALBV-1.pdf' class='avia-button   avia-icon_select-yes-left-icon avia-color-theme-color avia-size-small avia-position-center '  target=\"_blank\"   ><span class='avia_button_icon avia_button_icon_left ' aria-hidden='true' data-av_icon='\ue84d' data-av_iconfont='entypo-fontello'><\/span><span class='avia_iconbox_title' >\u00cendreptare eroare plan de finan\u021bare <\/span><\/a><\/div><div class='avia-button-wrap avia-button-center '><a href='http:\/\/www.galbanatvest.ro\/wp-content\/uploads\/2017\/02\/Capitolul-XI-pg-67-68.pdf' class='avia-button   avia-icon_select-yes-left-icon avia-color-theme-color avia-size-small avia-position-center '  target=\"_blank\"   ><span class='avia_button_icon avia_button_icon_left ' aria-hidden='true' data-av_icon='\ue84d' data-av_iconfont='entypo-fontello'><\/span><span class='avia_iconbox_title' >Procedura de evaluare \u0219i selec\u021bie a proiectelor<\/span><\/a><\/div><div class='avia-button-wrap avia-button-center '><a href='http:\/\/www.galbanatvest.ro\/wp-content\/uploads\/2017\/02\/Capitolul-XII-pg-69-69.pdf' class='avia-button   avia-icon_select-yes-left-icon avia-color-theme-color avia-size-small avia-position-center '  target=\"_blank\"   ><span class='avia_button_icon avia_button_icon_left ' aria-hidden='true' data-av_icon='\ue84d' data-av_iconfont='entypo-fontello'><\/span><span class='avia_iconbox_title' >Evitarea eventualelor conflicte de interese<\/span><\/a><\/div><div  class='hr hr-default  '><span class='hr-inner ' ><span class='hr-inner-style'><\/span><\/span><\/div><div style='padding-bottom:10px;' class='av-special-heading av-special-heading-h3 meta-heading blockquote modern-quote modern-centered   '><h3 class='av-special-heading-tag '  itemprop=\"headline\"  >Strategia de Dezvoltare Local\u0103 2014-2020 (anexe)<\/h3><div class='special-heading-border'><div class='special-heading-inner-border' ><\/div><\/div><\/div><div class='avia-button-wrap avia-button-center '><a href='http:\/\/www.galbanatvest.ro\/wp-content\/uploads\/2018\/09\/Anexa-1-pg-70-97-ilovepdf-compressed.pdf' class='avia-button   avia-icon_select-yes-left-icon avia-color-theme-color avia-size-small avia-position-center '  target=\"_blank\"   ><span class='avia_button_icon avia_button_icon_left ' aria-hidden='true' data-av_icon='\ue84d' data-av_iconfont='entypo-fontello'><\/span><span class='avia_iconbox_title' >Anexa 1 - Acord de parteneriat<\/span><\/a><\/div><div class='avia-button-wrap avia-button-center '><a href='http:\/\/www.galbanatvest.ro\/wp-content\/uploads\/2018\/09\/Anexa-2-pg-98-200-ilovepdf-compressed.pdf' class='avia-button   avia-icon_select-yes-left-icon avia-color-theme-color avia-size-small avia-position-center '  target=\"_blank\"   ><span class='avia_button_icon avia_button_icon_left ' aria-hidden='true' data-av_icon='\ue84d' data-av_iconfont='entypo-fontello'><\/span><span class='avia_iconbox_title' >Anexa 2 - Fi\u0219a de prezentare a teritoriului<\/span><\/a><\/div><div class='avia-button-wrap avia-button-center '><a href='http:\/\/www.galbanatvest.ro\/wp-content\/uploads\/2018\/09\/Anexa-3-pg-201-205.pdf' class='avia-button   avia-icon_select-yes-left-icon avia-color-theme-color avia-size-small avia-position-center '  target=\"_blank\"   ><span class='avia_button_icon avia_button_icon_left ' aria-hidden='true' data-av_icon='\ue84d' data-av_iconfont='entypo-fontello'><\/span><span class='avia_iconbox_title' >Anexa 3 - Componen\u021ba parteneriatului<\/span><\/a><\/div><div class='avia-button-wrap avia-button-center '><a href='http:\/\/www.galbanatvest.ro\/wp-content\/uploads\/2018\/09\/Anexa-4-pg-206-207.pdf' class='avia-button   avia-icon_select-yes-left-icon avia-color-theme-color avia-size-small avia-position-center '  target=\"_blank\"   ><span class='avia_button_icon avia_button_icon_left ' aria-hidden='true' data-av_icon='\ue84d' data-av_iconfont='entypo-fontello'><\/span><span class='avia_iconbox_title' >Anexa 4 -Planul de finan\u021bare<\/span><\/a><\/div><div class='avia-button-wrap avia-button-center '><a href='http:\/\/www.galbanatvest.ro\/wp-content\/uploads\/2018\/09\/Anexa-5-pg-208.pdf' class='avia-button   avia-icon_select-yes-left-icon avia-color-theme-color avia-size-small avia-position-center '  target=\"_blank\"   ><span class='avia_button_icon avia_button_icon_left ' aria-hidden='true' data-av_icon='\ue84d' data-av_iconfont='entypo-fontello'><\/span><span class='avia_iconbox_title' >Anexa 5 - Harta administrativ\u0103 \u0219i teritorial\u0103<\/span><\/a><\/div><div class='avia-button-wrap avia-button-center '><a href='http:\/\/www.galbanatvest.ro\/wp-content\/uploads\/2018\/09\/Anexa-8-pg-421-429.pdf' class='avia-button   avia-icon_select-yes-left-icon avia-color-theme-color avia-size-small avia-position-center '  target=\"_blank\"   ><span class='avia_button_icon avia_button_icon_left ' aria-hidden='true' data-av_icon='\ue84d' data-av_iconfont='entypo-fontello'><\/span><span class='avia_iconbox_title' >Anexa 8 - Fi\u0219ele postului<\/span><\/a><\/div>&lt;\/p&gt;<\/p>\n\n<div class=\"wp-block-image\">\n<figure class=\"aligncenter size-full is-resized\"><a href=\"https:\/\/www.galbanatvest.ro\/wp-content\/uploads\/2024\/11\/antet-PNDR-LEADER-2014-2020.png\"><img loading=\"lazy\" decoding=\"async\" width=\"600\" height=\"200\" src=\"https:\/\/www.galbanatvest.ro\/wp-content\/uploads\/2024\/11\/antet-PNDR-LEADER-2014-2020.png\" alt=\"\" class=\"wp-image-7287\" style=\"width:467px;height:auto\" srcset=\"https:\/\/www.galbanatvest.ro\/wp-content\/uploads\/2024\/11\/antet-PNDR-LEADER-2014-2020.png 600w, https:\/\/www.galbanatvest.ro\/wp-content\/uploads\/2024\/11\/antet-PNDR-LEADER-2014-2020-300x100.png 300w, https:\/\/www.galbanatvest.ro\/wp-content\/uploads\/2024\/11\/antet-PNDR-LEADER-2014-2020-450x150.png 450w\" sizes=\"auto, (max-width: 600px) 100vw, 600px\" \/><\/a><\/figure>\n<\/div>\n\n\n<p><\/p>\n","protected":false},"excerpt":{"rendered":"<p>&lt;p&gt;&lt;\/p&gt;<\/p>\n","protected":false},"author":1,"featured_media":0,"parent":0,"menu_order":0,"comment_status":"open","ping_status":"closed","template":"","meta":{"_bbp_topic_count":0,"_bbp_reply_count":0,"_bbp_total_topic_count":0,"_bbp_total_reply_count":0,"_bbp_voice_count":0,"_bbp_anonymous_reply_count":0,"_bbp_topic_count_hidden":0,"_bbp_reply_count_hidden":0,"_bbp_forum_subforum_count":0,"footnotes":""},"class_list":["post-4513","page","type-page","status-publish","hentry"],"_links":{"self":[{"href":"https:\/\/www.galbanatvest.ro\/index.php?rest_route=\/wp\/v2\/pages\/4513","targetHints":{"allow":["GET"]}}],"collection":[{"href":"https:\/\/www.galbanatvest.ro\/index.php?rest_route=\/wp\/v2\/pages"}],"about":[{"href":"https:\/\/www.galbanatvest.ro\/index.php?rest_route=\/wp\/v2\/types\/page"}],"author":[{"embeddable":true,"href":"https:\/\/www.galbanatvest.ro\/index.php?rest_route=\/wp\/v2\/users\/1"}],"replies":[{"embeddable":true,"href":"https:\/\/www.galbanatvest.ro\/index.php?rest_route=%2Fwp%2Fv2%2Fcomments&post=4513"}],"version-history":[{"count":80,"href":"https:\/\/www.galbanatvest.ro\/index.php?rest_route=\/wp\/v2\/pages\/4513\/revisions"}],"predecessor-version":[{"id":7330,"href":"https:\/\/www.galbanatvest.ro\/index.php?rest_route=\/wp\/v2\/pages\/4513\/revisions\/7330"}],"wp:attachment":[{"href":"https:\/\/www.galbanatvest.ro\/index.php?rest_route=%2Fwp%2Fv2%2Fmedia&parent=4513"}],"curies":[{"name":"wp","href":"https:\/\/api.w.org\/{rel}","templated":true}]}}