{"id":3475,"date":"2014-03-06T17:37:37","date_gmt":"2014-03-06T15:37:37","guid":{"rendered":"http:\/\/www.galbanatvest.ro\/?page_id=3475"},"modified":"2014-12-04T14:09:59","modified_gmt":"2014-12-04T12:09:59","slug":"situatie-proiecte-contractate-pana-la-1-martie-2014","status":"publish","type":"page","link":"https:\/\/www.galbanatvest.ro\/?page_id=3475","title":{"rendered":"Situa\u021bie proiecte contractate p\u00e2n\u0103 la 30.11.2014"},"content":{"rendered":"<section class=\"av_textblock_section \"  itemscope=\"itemscope\" itemtype=\"https:\/\/schema.org\/CreativeWork\" ><div class='avia_textblock  '   itemprop=\"text\" ><p style=\"text-align: center;\" align=\"center\"><b>Centralizator proiecte finan<\/b><b>\u0163ate prin axa IV LEADER m\u0103sura 41 Asocia\u0163ia Grup de Ac\u0163iune Local\u0103 Banat-Vest<\/b><\/p>\n<\/div><\/section>\n<div class='avia-button-wrap avia-button-center '><a href='http:\/\/www.galbanatvest.ro\/wp-content\/uploads\/2014\/12\/Situatie-proiecte-31.11.2014.pdf' class='avia-button   avia-icon_select-yes-left-icon avia-color-green avia-size-small avia-position-center '   ><span class='avia_button_icon avia_button_icon_left ' aria-hidden='true' data-av_icon='\ue84d' data-av_iconfont='entypo-fontello'><\/span><span class='avia_iconbox_title' >Descarca Document<\/span><\/a><\/div>\n","protected":false},"excerpt":{"rendered":"","protected":false},"author":1,"featured_media":2942,"parent":0,"menu_order":0,"comment_status":"open","ping_status":"open","template":"","meta":{"_bbp_topic_count":0,"_bbp_reply_count":0,"_bbp_total_topic_count":0,"_bbp_total_reply_count":0,"_bbp_voice_count":0,"_bbp_anonymous_reply_count":0,"_bbp_topic_count_hidden":0,"_bbp_reply_count_hidden":0,"_bbp_forum_subforum_count":0,"footnotes":""},"class_list":["post-3475","page","type-page","status-publish","has-post-thumbnail","hentry"],"_links":{"self":[{"href":"https:\/\/www.galbanatvest.ro\/index.php?rest_route=\/wp\/v2\/pages\/3475","targetHints":{"allow":["GET"]}}],"collection":[{"href":"https:\/\/www.galbanatvest.ro\/index.php?rest_route=\/wp\/v2\/pages"}],"about":[{"href":"https:\/\/www.galbanatvest.ro\/index.php?rest_route=\/wp\/v2\/types\/page"}],"author":[{"embeddable":true,"href":"https:\/\/www.galbanatvest.ro\/index.php?rest_route=\/wp\/v2\/users\/1"}],"replies":[{"embeddable":true,"href":"https:\/\/www.galbanatvest.ro\/index.php?rest_route=%2Fwp%2Fv2%2Fcomments&post=3475"}],"version-history":[{"count":9,"href":"https:\/\/www.galbanatvest.ro\/index.php?rest_route=\/wp\/v2\/pages\/3475\/revisions"}],"predecessor-version":[{"id":4167,"href":"https:\/\/www.galbanatvest.ro\/index.php?rest_route=\/wp\/v2\/pages\/3475\/revisions\/4167"}],"wp:featuredmedia":[{"embeddable":true,"href":"https:\/\/www.galbanatvest.ro\/index.php?rest_route=\/wp\/v2\/media\/2942"}],"wp:attachment":[{"href":"https:\/\/www.galbanatvest.ro\/index.php?rest_route=%2Fwp%2Fv2%2Fmedia&parent=3475"}],"curies":[{"name":"wp","href":"https:\/\/api.w.org\/{rel}","templated":true}]}}