{"id":3379,"date":"2014-03-05T19:55:27","date_gmt":"2014-03-05T17:55:27","guid":{"rendered":"http:\/\/www.galbanatvest.ro\/?page_id=3379"},"modified":"2014-04-22T14:07:51","modified_gmt":"2014-04-22T11:07:51","slug":"sesiunea-1-2013","status":"publish","type":"page","link":"https:\/\/www.galbanatvest.ro\/?page_id=3379","title":{"rendered":"Sesiunea 1- 2014"},"content":{"rendered":"<div class=\"flex_column av_one_half  flex_column_div first  \" ><section class=\"av_textblock_section \"  itemscope=\"itemscope\" itemtype=\"https:\/\/schema.org\/CreativeWork\" ><div class='avia_textblock  '   itemprop=\"text\" ><h3><strong>Apeluri variant\u0103 complet\u0103<\/strong><\/h3>\n<\/div><\/section><br \/>\n<div class='avia-icon-list-container  '><ul class='avia-icon-list avia-icon-list-left av-iconlist-big avia_animate_when_almost_visible'>\n<li><a href='http:\/\/www.galbanatvest.ro\/wp-content\/uploads\/2014\/03\/41.1.112_1_2014.pdf' title='41.1.112_1'   class='iconlist_icon  avia-font-entypo-fontello'><span class='iconlist-char ' aria-hidden='true' data-av_icon='\ue84d' data-av_iconfont='entypo-fontello'><\/span><\/a><article class=\"article-icon-entry \"  itemscope=\"itemscope\" itemtype=\"https:\/\/schema.org\/CreativeWork\" ><div class='iconlist_content_wrap'><header class=\"entry-content-header\"><h4 class='av_iconlist_title iconlist_title  '  itemprop=\"headline\"  ><a href='http:\/\/www.galbanatvest.ro\/wp-content\/uploads\/2014\/03\/41.1.112_1_2014.pdf' title='41.1.112_1'>41.1.112_1<\/a><\/h4><\/header><div class='iconlist_content  '  itemprop=\"text\"  ><p>Instalarea tinerilor fermieri<\/p>\n<\/div><\/div><footer class=\"entry-footer\"><\/footer><\/article><div class='iconlist-timeline'><\/div><\/li>\n<li><a href='manually' title='41.1.121_1'   class='iconlist_icon  avia-font-entypo-fontello'><span class='iconlist-char ' aria-hidden='true' data-av_icon='\ue84d' data-av_iconfont='entypo-fontello'><\/span><\/a><article class=\"article-icon-entry \"  itemscope=\"itemscope\" itemtype=\"https:\/\/schema.org\/CreativeWork\" ><div class='iconlist_content_wrap'><header class=\"entry-content-header\"><h4 class='av_iconlist_title iconlist_title  '  itemprop=\"headline\"  ><a href='manually' title='41.1.121_1'>41.1.121_1<\/a><\/h4><\/header><div class='iconlist_content  '  itemprop=\"text\"  ><p>Modernizarea exploata\u021biilor agricole<\/p>\n<\/div><\/div><footer class=\"entry-footer\"><\/footer><\/article><div class='iconlist-timeline'><\/div><\/li>\n<li><a href='http:\/\/www.galbanatvest.ro\/wp-content\/uploads\/2014\/03\/41.3.312_1_2014.pdf' title='41.3.312_1'   class='iconlist_icon  avia-font-entypo-fontello'><span class='iconlist-char ' aria-hidden='true' data-av_icon='\ue84d' data-av_iconfont='entypo-fontello'><\/span><\/a><article class=\"article-icon-entry \"  itemscope=\"itemscope\" itemtype=\"https:\/\/schema.org\/CreativeWork\" ><div class='iconlist_content_wrap'><header class=\"entry-content-header\"><h4 class='av_iconlist_title iconlist_title  '  itemprop=\"headline\"  ><a href='http:\/\/www.galbanatvest.ro\/wp-content\/uploads\/2014\/03\/41.3.312_1_2014.pdf' title='41.3.312_1'>41.3.312_1<\/a><\/h4><\/header><div class='iconlist_content  '  itemprop=\"text\"  ><p>Sprijin pentru crearea \u0219i dezvoltarea de micro\u00eentreprinderi<\/p>\n<\/div><\/div><footer class=\"entry-footer\"><\/footer><\/article><div class='iconlist-timeline'><\/div><\/li>\n<li><a href='http:\/\/www.galbanatvest.ro\/wp-content\/uploads\/2014\/03\/41.3.313_1_2014.pdf' title='41.3.313_1'   class='iconlist_icon  avia-font-entypo-fontello'><span class='iconlist-char ' aria-hidden='true' data-av_icon='\ue84d' data-av_iconfont='entypo-fontello'><\/span><\/a><article class=\"article-icon-entry \"  itemscope=\"itemscope\" itemtype=\"https:\/\/schema.org\/CreativeWork\" ><div class='iconlist_content_wrap'><header class=\"entry-content-header\"><h4 class='av_iconlist_title iconlist_title  '  itemprop=\"headline\"  ><a href='http:\/\/www.galbanatvest.ro\/wp-content\/uploads\/2014\/03\/41.3.313_1_2014.pdf' title='41.3.313_1'>41.3.313_1<\/a><\/h4><\/header><div class='iconlist_content  '  itemprop=\"text\"  ><p>\u00cencurajarea activit\u0103\u021bilor turistice<\/p>\n<\/div><\/div><footer class=\"entry-footer\"><\/footer><\/article><div class='iconlist-timeline'><\/div><\/li>\n<li><a href='http:\/\/www.galbanatvest.ro\/wp-content\/uploads\/2014\/03\/41.3.322_1_2014.pdf' title='41.3.322_1'   class='iconlist_icon  avia-font-entypo-fontello'><span class='iconlist-char ' aria-hidden='true' data-av_icon='\ue84d' data-av_iconfont='entypo-fontello'><\/span><\/a><article class=\"article-icon-entry \"  itemscope=\"itemscope\" itemtype=\"https:\/\/schema.org\/CreativeWork\" ><div class='iconlist_content_wrap'><header class=\"entry-content-header\"><h4 class='av_iconlist_title iconlist_title  '  itemprop=\"headline\"  ><a href='http:\/\/www.galbanatvest.ro\/wp-content\/uploads\/2014\/03\/41.3.322_1_2014.pdf' title='41.3.322_1'>41.3.322_1<\/a><\/h4><\/header><div class='iconlist_content  '  itemprop=\"text\"  ><p>Renovarea, dezvoltarea satelor, \u00eembun\u0103t\u0103\u021birea serviciilor de baz\u0103 pentru economia \u0219i popula\u021bia rural\u0103 \u0219i punerea \u00een valoare a mo\u0219tenirii rurale<\/p>\n<\/div><\/div><footer class=\"entry-footer\"><\/footer><\/article><div class='iconlist-timeline'><\/div><\/li>\n<li><a href='http:\/\/www.galbanatvest.ro\/wp-content\/uploads\/2014\/03\/Apel_Lung_41.3.421_1.pdf' title='41.3.421_1'   class='iconlist_icon  avia-font-entypo-fontello'><span class='iconlist-char ' aria-hidden='true' data-av_icon='\ue84d' data-av_iconfont='entypo-fontello'><\/span><\/a><article class=\"article-icon-entry \"  itemscope=\"itemscope\" itemtype=\"https:\/\/schema.org\/CreativeWork\" ><div class='iconlist_content_wrap'><header class=\"entry-content-header\"><h4 class='av_iconlist_title iconlist_title  '  itemprop=\"headline\"  ><a href='http:\/\/www.galbanatvest.ro\/wp-content\/uploads\/2014\/03\/Apel_Lung_41.3.421_1.pdf' title='41.3.421_1'>41.3.421_1<\/a><\/h4><\/header><div class='iconlist_content  '  itemprop=\"text\"  ><p>Implementarea proiectelor de cooperare<\/p>\n<\/div><\/div><footer class=\"entry-footer\"><\/footer><\/article><div class='iconlist-timeline'><\/div><\/li>\n<\/ul><\/div><\/p><\/div>\n<div class=\"flex_column av_one_half  flex_column_div   \" ><section class=\"av_textblock_section \"  itemscope=\"itemscope\" itemtype=\"https:\/\/schema.org\/CreativeWork\" ><div class='avia_textblock  '   itemprop=\"text\" ><h3><strong>Apeluri variant\u0103 simplificat\u0103<\/strong><\/h3>\n<\/div><\/section><br \/>\n<div class='avia-icon-list-container  '><ul class='avia-icon-list avia-icon-list-left av-iconlist-big avia_animate_when_almost_visible'>\n<li><a href='http:\/\/www.galbanatvest.ro\/wp-content\/uploads\/2014\/03\/41.1.112_1_2014.doc' title='41.1.112_1'   class='iconlist_icon  avia-font-entypo-fontello'><span class='iconlist-char ' aria-hidden='true' data-av_icon='\ue84d' data-av_iconfont='entypo-fontello'><\/span><\/a><article class=\"article-icon-entry \"  itemscope=\"itemscope\" itemtype=\"https:\/\/schema.org\/CreativeWork\" ><div class='iconlist_content_wrap'><header class=\"entry-content-header\"><h4 class='av_iconlist_title iconlist_title  '  itemprop=\"headline\"  ><a href='http:\/\/www.galbanatvest.ro\/wp-content\/uploads\/2014\/03\/41.1.112_1_2014.doc' title='41.1.112_1'>41.1.112_1<\/a><\/h4><\/header><div class='iconlist_content  '  itemprop=\"text\"  ><p>Instalarea tinerilor fermieri<\/p>\n<\/div><\/div><footer class=\"entry-footer\"><\/footer><\/article><div class='iconlist-timeline'><\/div><\/li>\n<li><a href='http:\/\/www.galbanatvest.ro\/wp-content\/uploads\/2014\/03\/41.1.121_1_2014.doc' title='41.1.121_1'   class='iconlist_icon  avia-font-entypo-fontello'><span class='iconlist-char ' aria-hidden='true' data-av_icon='\ue84d' data-av_iconfont='entypo-fontello'><\/span><\/a><article class=\"article-icon-entry \"  itemscope=\"itemscope\" itemtype=\"https:\/\/schema.org\/CreativeWork\" ><div class='iconlist_content_wrap'><header class=\"entry-content-header\"><h4 class='av_iconlist_title iconlist_title  '  itemprop=\"headline\"  ><a href='http:\/\/www.galbanatvest.ro\/wp-content\/uploads\/2014\/03\/41.1.121_1_2014.doc' title='41.1.121_1'>41.1.121_1<\/a><\/h4><\/header><div class='iconlist_content  '  itemprop=\"text\"  ><p>Modernizarea exploata\u021bilor agricole<\/p>\n<\/div><\/div><footer class=\"entry-footer\"><\/footer><\/article><div class='iconlist-timeline'><\/div><\/li>\n<li><a href='http:\/\/www.galbanatvest.ro\/wp-content\/uploads\/2014\/03\/41.3.312_1_2014.doc' title='41.3.312_1'   class='iconlist_icon  avia-font-entypo-fontello'><span class='iconlist-char ' aria-hidden='true' data-av_icon='\ue84d' data-av_iconfont='entypo-fontello'><\/span><\/a><article class=\"article-icon-entry \"  itemscope=\"itemscope\" itemtype=\"https:\/\/schema.org\/CreativeWork\" ><div class='iconlist_content_wrap'><header class=\"entry-content-header\"><h4 class='av_iconlist_title iconlist_title  '  itemprop=\"headline\"  ><a href='http:\/\/www.galbanatvest.ro\/wp-content\/uploads\/2014\/03\/41.3.312_1_2014.doc' title='41.3.312_1'>41.3.312_1<\/a><\/h4><\/header><div class='iconlist_content  '  itemprop=\"text\"  ><p>Sprijin pentru crearea \u0219i dezvoltarea de micro\u00eentreprinderi<\/p>\n<\/div><\/div><footer class=\"entry-footer\"><\/footer><\/article><div class='iconlist-timeline'><\/div><\/li>\n<li><a href='http:\/\/www.galbanatvest.ro\/wp-content\/uploads\/2014\/03\/41.3.313_1_2014.doc' title='41.3.313_1'   class='iconlist_icon  avia-font-entypo-fontello'><span class='iconlist-char ' aria-hidden='true' data-av_icon='\ue84d' data-av_iconfont='entypo-fontello'><\/span><\/a><article class=\"article-icon-entry \"  itemscope=\"itemscope\" itemtype=\"https:\/\/schema.org\/CreativeWork\" ><div class='iconlist_content_wrap'><header class=\"entry-content-header\"><h4 class='av_iconlist_title iconlist_title  '  itemprop=\"headline\"  ><a href='http:\/\/www.galbanatvest.ro\/wp-content\/uploads\/2014\/03\/41.3.313_1_2014.doc' title='41.3.313_1'>41.3.313_1<\/a><\/h4><\/header><div class='iconlist_content  '  itemprop=\"text\"  ><p>\u00cencurajarea activit\u0103\u021bilor turistice<\/p>\n<\/div><\/div><footer class=\"entry-footer\"><\/footer><\/article><div class='iconlist-timeline'><\/div><\/li>\n<li><a href='http:\/\/www.galbanatvest.ro\/wp-content\/uploads\/2014\/03\/41.3.322_1_2014.doc' title='41.3.322_1'   class='iconlist_icon  avia-font-entypo-fontello'><span class='iconlist-char ' aria-hidden='true' data-av_icon='\ue84d' data-av_iconfont='entypo-fontello'><\/span><\/a><article class=\"article-icon-entry \"  itemscope=\"itemscope\" itemtype=\"https:\/\/schema.org\/CreativeWork\" ><div class='iconlist_content_wrap'><header class=\"entry-content-header\"><h4 class='av_iconlist_title iconlist_title  '  itemprop=\"headline\"  ><a href='http:\/\/www.galbanatvest.ro\/wp-content\/uploads\/2014\/03\/41.3.322_1_2014.doc' title='41.3.322_1'>41.3.322_1<\/a><\/h4><\/header><div class='iconlist_content  '  itemprop=\"text\"  ><p>Renovarea, dezvoltarea satelor, \u00eembun\u0103t\u0103\u021birea serviciilor de baz\u0103 pentru economia \u0219i popula\u021bia rural\u0103 \u0219i punerea \u00een valoare a mo\u0219tenirii rurale<\/p>\n<\/div><\/div><footer class=\"entry-footer\"><\/footer><\/article><div class='iconlist-timeline'><\/div><\/li>\n<li><a href='http:\/\/www.galbanatvest.ro\/wp-content\/uploads\/2014\/04\/Apel_Scurt_41.3.421_1.pdf' title='41.3.421_1'   class='iconlist_icon  avia-font-entypo-fontello'><span class='iconlist-char ' aria-hidden='true' data-av_icon='\ue84d' data-av_iconfont='entypo-fontello'><\/span><\/a><article class=\"article-icon-entry \"  itemscope=\"itemscope\" itemtype=\"https:\/\/schema.org\/CreativeWork\" ><div class='iconlist_content_wrap'><header class=\"entry-content-header\"><h4 class='av_iconlist_title iconlist_title  '  itemprop=\"headline\"  ><a href='http:\/\/www.galbanatvest.ro\/wp-content\/uploads\/2014\/04\/Apel_Scurt_41.3.421_1.pdf' title='41.3.421_1'>41.3.421_1<\/a><\/h4><\/header><div class='iconlist_content  '  itemprop=\"text\"  ><p>Implementarea proiectelor de cooperare<\/p>\n<\/div><\/div><footer class=\"entry-footer\"><\/footer><\/article><div class='iconlist-timeline'><\/div><\/li>\n<\/ul><\/div><\/p><\/div>\n","protected":false},"excerpt":{"rendered":"","protected":false},"author":1,"featured_media":0,"parent":0,"menu_order":0,"comment_status":"open","ping_status":"open","template":"","meta":{"_bbp_topic_count":0,"_bbp_reply_count":0,"_bbp_total_topic_count":0,"_bbp_total_reply_count":0,"_bbp_voice_count":0,"_bbp_anonymous_reply_count":0,"_bbp_topic_count_hidden":0,"_bbp_reply_count_hidden":0,"_bbp_forum_subforum_count":0,"footnotes":""},"class_list":["post-3379","page","type-page","status-publish","hentry"],"_links":{"self":[{"href":"https:\/\/www.galbanatvest.ro\/index.php?rest_route=\/wp\/v2\/pages\/3379","targetHints":{"allow":["GET"]}}],"collection":[{"href":"https:\/\/www.galbanatvest.ro\/index.php?rest_route=\/wp\/v2\/pages"}],"about":[{"href":"https:\/\/www.galbanatvest.ro\/index.php?rest_route=\/wp\/v2\/types\/page"}],"author":[{"embeddable":true,"href":"https:\/\/www.galbanatvest.ro\/index.php?rest_route=\/wp\/v2\/users\/1"}],"replies":[{"embeddable":true,"href":"https:\/\/www.galbanatvest.ro\/index.php?rest_route=%2Fwp%2Fv2%2Fcomments&post=3379"}],"version-history":[{"count":15,"href":"https:\/\/www.galbanatvest.ro\/index.php?rest_route=\/wp\/v2\/pages\/3379\/revisions"}],"predecessor-version":[{"id":3743,"href":"https:\/\/www.galbanatvest.ro\/index.php?rest_route=\/wp\/v2\/pages\/3379\/revisions\/3743"}],"wp:attachment":[{"href":"https:\/\/www.galbanatvest.ro\/index.php?rest_route=%2Fwp%2Fv2%2Fmedia&parent=3379"}],"curies":[{"name":"wp","href":"https:\/\/api.w.org\/{rel}","templated":true}]}}