{"id":3282,"date":"2013-04-26T15:01:06","date_gmt":"2013-04-26T12:01:06","guid":{"rendered":"http:\/\/www.galbanatvest.ro\/?page_id=3282"},"modified":"2014-03-04T12:43:48","modified_gmt":"2014-03-04T10:43:48","slug":"versiunea-3","status":"publish","type":"page","link":"https:\/\/www.galbanatvest.ro\/?page_id=3282","title":{"rendered":"Versiunea III"},"content":{"rendered":"<section class=\"av_textblock_section \"  itemscope=\"itemscope\" itemtype=\"https:\/\/schema.org\/CreativeWork\" ><div class='avia_textblock  '   itemprop=\"text\" ><p>Microregiunea Banat-Ripensis este situat\u0103 \u00een partea de vest a jude\u0163ului Timi\u015f, de-alungul frontierei cu Serbia, \u015fi este format\u0103 din ora\u015ful Jimbolia \u015fi 10 comune \u00eenvecinate: C\u0103rpini\u015f, Cenei, Checea, Comlo\u015fu Mare, Gottlob, Iecea Mare, Lenauheim, Otelec, S\u0103c\u0103laz \u015fi Uivar. \u00cen total microregiunea cuprinde 23 de localit\u0103\u0163i.<br \/>\n1. Num\u0103rul de locuitori cuprin\u015fi \u00een teritoriul Microregiunea Banat-Ripensis- 49.489 loc.<br \/>\n2. Densitatea popula\u021biei \u00een teritoriul Microregiunea Banat-Ripensis &#8211; 56,20 loc\/km2<br \/>\n3. Situa\u0163ia zonelor s\u0103race cuprinse \u00een teritoriul Microregiunea Banat-Ripensis- Conform datelor statistice din anexa 6 la ghidul de finan\u021bare, severitatea s\u0103r\u0103ciei \u00een Microregiuna Banat-Ripensis se prezint\u0103 astfel: Comuna S\u0103c\u0103laz-2,6%, C\u0103rpini\u0219-3%, Uivar-3,5%. De men\u021bionat este faptul c\u0103 datele statistice existente nu furnizeaz\u0103 date cu privire la comunele nou \u00eenfiin\u021bate: Checea, Otelec, Iecea Mare, Gottlob.<\/p>\n<\/div><\/section>\n<div class='avia-button-wrap avia-button-center '><a href='http:\/\/www.galbanatvest.ro\/wp-content\/uploads\/2014\/03\/PDL-aprobat-prin-Act-aditional-nr.-2-din-27.05.2013.pdf' class='avia-button   avia-icon_select-yes-left-icon avia-color-green avia-size-small avia-position-center '  target=\"_blank\"   ><span class='avia_button_icon avia_button_icon_left ' aria-hidden='true' data-av_icon='\ue82d' data-av_iconfont='entypo-fontello'><\/span><span class='avia_iconbox_title' >Descarc\u0103 document<\/span><\/a><\/div>\n","protected":false},"excerpt":{"rendered":"","protected":false},"author":1,"featured_media":0,"parent":3269,"menu_order":0,"comment_status":"open","ping_status":"open","template":"","meta":{"_bbp_topic_count":0,"_bbp_reply_count":0,"_bbp_total_topic_count":0,"_bbp_total_reply_count":0,"_bbp_voice_count":0,"_bbp_anonymous_reply_count":0,"_bbp_topic_count_hidden":0,"_bbp_reply_count_hidden":0,"_bbp_forum_subforum_count":0,"footnotes":""},"class_list":["post-3282","page","type-page","status-publish","hentry"],"_links":{"self":[{"href":"https:\/\/www.galbanatvest.ro\/index.php?rest_route=\/wp\/v2\/pages\/3282","targetHints":{"allow":["GET"]}}],"collection":[{"href":"https:\/\/www.galbanatvest.ro\/index.php?rest_route=\/wp\/v2\/pages"}],"about":[{"href":"https:\/\/www.galbanatvest.ro\/index.php?rest_route=\/wp\/v2\/types\/page"}],"author":[{"embeddable":true,"href":"https:\/\/www.galbanatvest.ro\/index.php?rest_route=\/wp\/v2\/users\/1"}],"replies":[{"embeddable":true,"href":"https:\/\/www.galbanatvest.ro\/index.php?rest_route=%2Fwp%2Fv2%2Fcomments&post=3282"}],"version-history":[{"count":3,"href":"https:\/\/www.galbanatvest.ro\/index.php?rest_route=\/wp\/v2\/pages\/3282\/revisions"}],"predecessor-version":[{"id":3321,"href":"https:\/\/www.galbanatvest.ro\/index.php?rest_route=\/wp\/v2\/pages\/3282\/revisions\/3321"}],"up":[{"embeddable":true,"href":"https:\/\/www.galbanatvest.ro\/index.php?rest_route=\/wp\/v2\/pages\/3269"}],"wp:attachment":[{"href":"https:\/\/www.galbanatvest.ro\/index.php?rest_route=%2Fwp%2Fv2%2Fmedia&parent=3282"}],"curies":[{"name":"wp","href":"https:\/\/api.w.org\/{rel}","templated":true}]}}