{"id":3265,"date":"2014-02-25T23:50:31","date_gmt":"2014-02-25T21:50:31","guid":{"rendered":"http:\/\/www.galbanatvest.ro\/?page_id=3265"},"modified":"2024-11-12T10:25:11","modified_gmt":"2024-11-12T08:25:11","slug":"prezentare-2","status":"publish","type":"page","link":"https:\/\/www.galbanatvest.ro\/?page_id=3265","title":{"rendered":"STRATEGII"},"content":{"rendered":"&lt;p&gt;<section class=\"av_textblock_section \"  itemscope=\"itemscope\" itemtype=\"https:\/\/schema.org\/CreativeWork\" ><div class='avia_textblock  '   itemprop=\"text\" ><p>&lt;strong&gt;Asocia\u0163ia \u201eGRUP DE AC\u0162IUNE LOCAL\u0102 BANAT-VEST\u201d&lt;\/strong&gt;, este persoan\u0103 juridic\u0103 de drept privat cu scop nepatrimonial, independent\u0103, apolitic\u0103, constituit\u0103 cu scopul implement\u0103ri LEADER din Programul Na\u0163ional de Dezvoltare Rural\u0103 (PNDR) \u00een teritoriul Asocia\u0163iei, \u00een ansamblu \u015fi la nivelul fiec\u0103reia Unit\u0103\u021bi Administrativ-Teritoriale (UAT-uri) reprezentate \u00een Asocia\u0163ie, \u00een particular prin elaborarea \u015fi punerea \u00een aplicare a unei strategii integrate de dezvoltare local\u0103, promovarea parteneriatelor de tip public-privat \u015fi interconectarea parteneriatelor locale, a cooper\u0103ri \u00eentre Grupurile de Ac\u0163iune Local\u0103 (denumite \u00een continuare GAL-uri) la nivel regional, na\u0163ional \u015fi european \u00een vederea unei dezvolt\u0103ri durabile \u015fi a \u00eembun\u0103t\u0103\u0163irii guvernan\u0163ei locale prin implicarea \u015fi participarea membrilor comunit\u0103\u0163ilor reprezentate de GAL Banat-Vest la procesul de dezvoltare local\u0103. Scopul Asocia\u0163iei \u00eel reprezint\u0103 dezvoltarea zonei din care fac parte localit\u0103\u0163ile cuprinse \u00een prezenta Asocia\u0163ie prin elaborarea \u015fi implementarea unei Strategii integrate de Dezvoltare Local\u0103 (SDL), prin gestionarea fondurilor europene nerambursabile \u00een sensul cre\u015fterii competitivit\u0103\u0163ii economice \u015fi administrative, a \u00eembun\u0103t\u0103\u0163irii mediului \u015fi spa\u0163iului rural, \u015fi, implicit, a cre\u015fterii calit\u0103\u0163ii vie\u0163ii \u015fi diversific\u0103rii activit\u0103\u0163ilor economice din teritoriul reprezentat de Asocia\u021bie.<\/p>\n<\/div><\/section>&lt;\/p&gt;\n\n\n<p><\/p>\n","protected":false},"excerpt":{"rendered":"<p>&lt;p&gt;&lt;\/p&gt;<\/p>\n","protected":false},"author":1,"featured_media":0,"parent":0,"menu_order":0,"comment_status":"open","ping_status":"closed","template":"","meta":{"_bbp_topic_count":0,"_bbp_reply_count":0,"_bbp_total_topic_count":0,"_bbp_total_reply_count":0,"_bbp_voice_count":0,"_bbp_anonymous_reply_count":0,"_bbp_topic_count_hidden":0,"_bbp_reply_count_hidden":0,"_bbp_forum_subforum_count":0,"footnotes":""},"class_list":["post-3265","page","type-page","status-publish","hentry"],"_links":{"self":[{"href":"https:\/\/www.galbanatvest.ro\/index.php?rest_route=\/wp\/v2\/pages\/3265","targetHints":{"allow":["GET"]}}],"collection":[{"href":"https:\/\/www.galbanatvest.ro\/index.php?rest_route=\/wp\/v2\/pages"}],"about":[{"href":"https:\/\/www.galbanatvest.ro\/index.php?rest_route=\/wp\/v2\/types\/page"}],"author":[{"embeddable":true,"href":"https:\/\/www.galbanatvest.ro\/index.php?rest_route=\/wp\/v2\/users\/1"}],"replies":[{"embeddable":true,"href":"https:\/\/www.galbanatvest.ro\/index.php?rest_route=%2Fwp%2Fv2%2Fcomments&post=3265"}],"version-history":[{"count":6,"href":"https:\/\/www.galbanatvest.ro\/index.php?rest_route=\/wp\/v2\/pages\/3265\/revisions"}],"predecessor-version":[{"id":7154,"href":"https:\/\/www.galbanatvest.ro\/index.php?rest_route=\/wp\/v2\/pages\/3265\/revisions\/7154"}],"wp:attachment":[{"href":"https:\/\/www.galbanatvest.ro\/index.php?rest_route=%2Fwp%2Fv2%2Fmedia&parent=3265"}],"curies":[{"name":"wp","href":"https:\/\/api.w.org\/{rel}","templated":true}]}}