{"id":2938,"date":"2014-02-19T16:18:35","date_gmt":"2014-02-19T14:18:35","guid":{"rendered":"http:\/\/www.galbanatvest.ro\/?page_id=2938"},"modified":"2024-11-12T10:22:20","modified_gmt":"2024-11-12T08:22:20","slug":"prezentare","status":"publish","type":"page","link":"https:\/\/www.galbanatvest.ro\/?page_id=2938","title":{"rendered":"PREZENTARE"},"content":{"rendered":"<div class=\"flex_column av_one_fourth  flex_column_div first  \" ><p><div class='avia-image-container  av-styling-    avia-align-center '  itemscope=\"itemscope\" itemtype=\"https:\/\/schema.org\/ImageObject\"  ><div class='avia-image-container-inner'><img class='avia_image ' src='http:\/\/www.galbanatvest.ro\/wp-content\/uploads\/2014\/02\/UE.jpg' alt='' title='UE'   itemprop=\"thumbnailUrl\"  \/><\/div><\/div><br \/>\n<div class='avia-image-container  av-styling-    avia-align-center '  itemscope=\"itemscope\" itemtype=\"https:\/\/schema.org\/ImageObject\"  ><div class='avia-image-container-inner'><img class='avia_image ' src='http:\/\/www.galbanatvest.ro\/wp-content\/uploads\/2014\/02\/APDRP.jpg' alt='' title=''   itemprop=\"thumbnailUrl\"  \/><\/div><\/div><br \/>\n<div class='avia-image-container  av-styling-    avia-align-center '  itemscope=\"itemscope\" itemtype=\"https:\/\/schema.org\/ImageObject\"  ><div class='avia-image-container-inner'><img class='avia_image ' src='http:\/\/www.galbanatvest.ro\/wp-content\/uploads\/2013\/04\/logo_gal.jpg' alt='' title='logo_gal'   itemprop=\"thumbnailUrl\"  \/><\/div><\/div><br \/>\n<div class='avia-image-container  av-styling-    avia-align-center '  itemscope=\"itemscope\" itemtype=\"https:\/\/schema.org\/ImageObject\"  ><div class='avia-image-container-inner'><img class='avia_image ' src='http:\/\/www.galbanatvest.ro\/wp-content\/uploads\/2014\/02\/leader.jpg' alt='' title='leader'   itemprop=\"thumbnailUrl\"  \/><\/div><\/div><br \/>\n<div class='avia-image-container  av-styling-    avia-align-center '  itemscope=\"itemscope\" itemtype=\"https:\/\/schema.org\/ImageObject\"  ><div class='avia-image-container-inner'><img class='avia_image ' src='http:\/\/www.galbanatvest.ro\/wp-content\/uploads\/2014\/02\/minist.jpg' alt='' title='minist'   itemprop=\"thumbnailUrl\"  \/><\/div><\/div><\/p><\/div>\n<div class=\"flex_column av_three_fourth  flex_column_div   \" ><section class=\"av_textblock_section \"  itemscope=\"itemscope\" itemtype=\"https:\/\/schema.org\/CreativeWork\" ><div class='avia_textblock  '   itemprop=\"text\" ><p style=\"text-align: justify;\"><b>ASOCIA\u021aIA \u201cGRUP DE AC\u021aIUNE LOCAL\u0102 BANAT-VEST\u201d<\/b><\/p>\n<p style=\"text-align: justify;\"><b>Teritoriul acoperit de GAL \u201cBanat-Vest\u201d<\/b>\u00a0este situat \u00een partea de vest a jude\u0163ului Timi\u015f, de-a lungul frontierei cu Serbia, \u015fi este format din ora\u015ful Jimbolia \u015fi 10 comune \u00eenvecinate: C\u0103rpini\u015f, Cenei, Checea, Comlo\u015fu Mare, Gottlob, Iecea Mare, Lenauheim, Otelec, S\u0103c\u0103laz \u015fi Uivar. \u00cen total teritoriul cuprinde 23 de localit\u0103\u0163i. Teritoriul acoperit de GAL \u201cBanat-Vest\u201d se \u00eentinde pe 88087 ha, ocup\u00e2nd 10,13% din suprafa\u0163a total\u0103 a jude\u0163ului Timi\u015f \u015fi 0,37% din suprafa\u0163a Rom\u00e2niei. Din punct de vedere a reliefului, \u00eentreagul teritoriu este un ansamblu de c\u00e2mpuri joase apar\u0163in\u00e2nd C\u00e2mpiei Banatului. Privit \u00een ansamblu relieful este de o remarcabil\u0103 monotonie, netezimea formei de c\u00e2mpie nefiind \u00eentrerupt\u0103 dec\u00e2t de albia slab ad\u00e2ncit\u0103 a r\u00e2ului Bega, care trece prin comuna Otelec, cu bra\u0163ul Bega Veche \u00een localit\u0103\u0163ile S\u0103c\u0103laz \u015fi Beregs\u0103ul Mare \u015fi a numeroaselor lacuri antropice, care se g\u0103sesc pe \u00eentregul teritoriu al microregiunii.<\/p>\n<p style=\"text-align: justify;\"><b>Teritoriul acoperit de GAL \u201cBanat-Vest\u201d<\/b>\u00a0este format dintr-un ora\u015f de dimensiuni mici Jimbolia \u015fi 10 comune, astfel:<\/p>\n<p style=\"text-align: justify;\"><b>Jimbolia.<\/b>\u00a0Ora\u015ful Jimbolia este situat \u00een C\u00e2mpia Banatului, la contactul dintre C\u00e2mpia Timi\u015fului si C\u00e2mpia Mure\u015fului. Se afl\u0103 la intersec\u0163ia unor c\u0103i de comunica\u0163ie ce fac leg\u0103tura dintre Rom\u00e2nia \u015fi Serbia, fiind \u015fi punct de frontier\u0103 feroviar \u015fi rutier la grani\u0163a dintre cele dou\u0103 \u0163\u0103ri. Este legat de Timi\u015foara prin DJ 59A \u015fi linia ferat\u0103 Kikinda (SR) -Jimbolia &#8211; Timi\u015foara.<\/p>\n<p style=\"text-align: justify;\"><b>C\u0103rpini\u015f<\/b>. Localitatea C\u0103rpini\u015f se situeaz\u0103 pe DN59A, la o distan\u0163\u0103 de 27,9 km de municipiul Timi\u015foara \u015fi 15,3 km de Jimbolia, ora\u015ful cel mai apropiat. Are sta\u0163ie CFR la linia Timi\u015foara &#8211; Jimbolia \u015fi totodat\u0103 de aici porne\u015fte \u015fi linia C\u0103rpini\u015f &#8211; Ionel (Iohanisfeld).<\/p>\n<p style=\"text-align: justify;\"><b>Iecea Mare.<\/b>\u00a0Comuna Iecea Mare a fost \u00eenfiin\u0163at\u0103 \u00een baza Legii nr.84\/2004, desprinz\u00e2ndu-se de comuna C\u0103rpini\u015f.Cenei se situeaz\u0103 \u00een vestul jude\u0163ului Timi\u015f, pe malul drept al r\u00e2ului Bega Veche, aproape de grani\u0163a cu Serbia. Distan\u0163a fa\u0163\u0103 de ora\u015fele de referin\u0163\u0103 este de circa 28 km de municipiul Timi\u015foara \u015fi 23 km de ora\u015ful Jimbolia. Cenei este traversat de drumul na\u0163ional DN59B \u015fi de calea ferat\u0103 C\u0103rpini\u015f-Ionel, cu sta\u0163ie CFR proprie. Se \u00eenvecineaz\u0103 la nord-vest cu satul Checea, la nord C\u0103rpini\u015f (8 km), la nord-est Bobda (3 km), la sud Uivar (7 km).Checea. Comuna Checea a fost re\u00eenfiin\u0163at\u0103 \u00een 2004, desprinz\u00e2ndu-se de Cenei.<\/p>\n<p style=\"text-align: justify;\"><b>Lenauheim.<\/b>\u00a0Comuna Lenauheim se g\u0103se\u015fte la o distan\u0163\u0103 de 45 km de re\u015fedin\u0163a de jude\u0163, Timi\u015foara. Localitatea a fost \u00eenfiin\u0163at\u0103 \u00een anul 1767 prin colonizare cu popula\u0163ie german\u0103 (\u015fvabi). A purtat denumirea oficial\u0103 de Csat\u00e1d p\u00e2n\u0103 \u00een 1926, an \u00een care i-a fost schimbat numele \u00een Lenauheim, \u00een cinstea poetului Nikolaus Lenau, care s-a n\u0103scut \u00een aceast\u0103 localitate. Casa \u00een care s-a n\u0103scut Nikolaus Lenau ad\u0103poste\u015fte \u00een prezent muzeul Lenau, care pe l\u00e2ng\u0103 documente privitoare la poet de\u0163ine \u015fi o colec\u0163ie etnografic\u0103, const\u00e2nd din p\u0103pu\u015fi \u00eembr\u0103cate \u00een costume populare specifice \u015fvabilor b\u0103n\u0103\u0163eni.<\/p>\n<p style=\"text-align: justify;\"><b>Gottlob.<\/b>\u00a0Comuna Gottlob a fost \u00eenfiin\u0163at\u0103 prin Legea nr.54\/2004, desprinz\u00e2ndu-se administrativ de comuna Lovrin.<\/p>\n<p style=\"text-align: justify;\"><b>Comuna S\u0103c\u0103laz<\/b>\u00a0este situat\u0103 \u00een jude\u0163ul Timi\u015f, la o distan\u0163\u0103 de 7.7 Km, \u00een partea de vest a municipiului Timi\u015foara, \u015fi se \u00eentinde pe o suparafa\u0163\u0103 de 136,1 km2 . Relieful este de c\u00e2mpie. R\u00e2ul Timis este cea mai important\u0103 ap\u0103 curg\u0103toare, iar pe teritoriul comunei Sacalaz, trec apele p\u00e2r\u00e2ului Beregs\u0103u Mare \u015fi Niarad. Teritoriul total administrativ al comunei are o suprafa\u0163\u0103 de 11.949 ha. Comuna S\u0103c\u0103laz este compus\u0103 din urm\u0103toarele localit\u0103\u0163i: localitatea de resedin\u0163\u0103 &#8211; S\u0103c\u0103laz. Localit\u0103\u0163i anexe &#8211; Beregs\u0103u Mare , Beregs\u0103u Mic. Intre localitatea S\u0103c\u0103laz \u015fi Beregs\u0103u Mare distan\u0163a este de 7.7 km, iar localitatea Beregs\u0103u Mic este situat\u0103 la o distan\u0163\u0103 de 12.3 km fa\u0163\u0103 de S\u0103c\u0103laz.<\/p>\n<p style=\"text-align: justify;\"><b>Uivar.<\/b>\u00a0Comuna Uivar a fost \u00eenfin\u0163at\u0103 \u00een anul 1968, prin unificarea comunelor Iohanisfeld, Otelec, Pustinis \u015fi Uivar. Din anul 2008, are \u00een componen\u0163\u0103 satele: Pustini\u015f, R\u0103u\u0163i \u015fi S\u00eenmartinu Maghiar.<\/p>\n<p style=\"text-align: justify;\"><b>Comlo\u015fu Mare.<\/b>\u00a0Comuna Comlosul Mare este situat\u0103 \u00een imediata apropiere a frontierei de stat cu Serbia, pe DN 59. Are \u00een componen\u0163\u0103 satele: Comlo\u015fu Mare, Comlo\u015fu Mic \u015fi Lunga.<\/p>\n<p style=\"text-align: justify;\"><b>Otelec (\u00een maghiar\u0103 \u00d3telek).<\/b>\u00a0Prin Otelec trece drumul na\u0163ional DN59B. Are halt\u0103 la calea ferat\u0103 C\u0103rpini\u0219-Ionel. Otelecul se situeaz\u0103 pe malul st\u00e2nd al Canalului Bega. Satul a fost grav afectat la inunda\u021biile din prim\u0103vara anului 2005. Contrar a\u0219tept\u0103rilor, inunda\u021biile au fost cauzate nu de rev\u0103rsarea Canalului Bega, pe care satul este amplasat, ci de ruperea unui dig de pe r\u00e2ul Timi\u0219, aflat la circa 15 km distan\u021b\u0103. \u00cen ciuda distan\u021bei relativ mare fa\u021b\u0103 de r\u00e2ul Timi\u0219, satul a fost puternic afectat. Peste 200 de case au fost fie grav afectate fie s-au pr\u0103bu\u0219it.<\/p>\n<\/div><\/section><\/div>\n\n","protected":false},"excerpt":{"rendered":"","protected":false},"author":1,"featured_media":0,"parent":0,"menu_order":0,"comment_status":"open","ping_status":"closed","template":"","meta":{"_bbp_topic_count":0,"_bbp_reply_count":0,"_bbp_total_topic_count":0,"_bbp_total_reply_count":0,"_bbp_voice_count":0,"_bbp_anonymous_reply_count":0,"_bbp_topic_count_hidden":0,"_bbp_reply_count_hidden":0,"_bbp_forum_subforum_count":0,"footnotes":""},"class_list":["post-2938","page","type-page","status-publish","hentry"],"_links":{"self":[{"href":"https:\/\/www.galbanatvest.ro\/index.php?rest_route=\/wp\/v2\/pages\/2938","targetHints":{"allow":["GET"]}}],"collection":[{"href":"https:\/\/www.galbanatvest.ro\/index.php?rest_route=\/wp\/v2\/pages"}],"about":[{"href":"https:\/\/www.galbanatvest.ro\/index.php?rest_route=\/wp\/v2\/types\/page"}],"author":[{"embeddable":true,"href":"https:\/\/www.galbanatvest.ro\/index.php?rest_route=\/wp\/v2\/users\/1"}],"replies":[{"embeddable":true,"href":"https:\/\/www.galbanatvest.ro\/index.php?rest_route=%2Fwp%2Fv2%2Fcomments&post=2938"}],"version-history":[{"count":4,"href":"https:\/\/www.galbanatvest.ro\/index.php?rest_route=\/wp\/v2\/pages\/2938\/revisions"}],"predecessor-version":[{"id":7143,"href":"https:\/\/www.galbanatvest.ro\/index.php?rest_route=\/wp\/v2\/pages\/2938\/revisions\/7143"}],"wp:attachment":[{"href":"https:\/\/www.galbanatvest.ro\/index.php?rest_route=%2Fwp%2Fv2%2Fmedia&parent=2938"}],"curies":[{"name":"wp","href":"https:\/\/api.w.org\/{rel}","templated":true}]}}